{"id":3,"date":"2021-08-02T15:51:39","date_gmt":"2021-08-02T15:51:39","guid":{"rendered":"http:\/\/hyase.pl\/sklep\/?page_id=3"},"modified":"2021-08-16T12:38:05","modified_gmt":"2021-08-16T12:38:05","slug":"privacy-policy","status":"publish","type":"page","link":"https:\/\/hyase.pl\/sklep\/privacy-policy\/","title":{"rendered":"Polityka prywatno\u015bci i cookies"},"content":{"rendered":"\n<h2 class=\"wp-block-heading\">Polityka prywatno\u015bci:<\/h2>\n\n<p><strong>I. To\u017csamo\u015b\u0107 administratora danych<\/strong><\/p>\n<p><b>1.<\/b> Administratorem danych osobowych podawanych w trakcie korzystania ze Serwisu i Sklepu online prowadzonego pod adresem <a href=\"https:\/\/hyase.pl\/sklep\/\">www.hyase.pl\/sklep<\/a> jest Jaros\u0142aw Mariusz Demczuk Akademia Sukcesu Hyase, ul. Malinowa 6, 84-207 Koleczkowo, NIP: 5371591877, REGON: 030200721.<\/p>\n<p><b>2.<\/b> Dane przetwarzane s\u0105 zgodnie z aktualnie obowi\u0105zuj\u0105cymi przepisami prawa; tj. Rozporz\u0105dzeniem Parlamentu Europejskiego i Rady UE 2016\/679 z 27 kwietnia 2016 r. w sprawie ochrony os\u00f3b fizycznych w zwi\u0105zku z przetwarzaniem danych osobowych i w sprawie swobodnego przep\u0142ywu takich danych oraz uchylenia dyrektywy 95\/46\/WE (dalej: RODO), ustaw\u0105 z dnia 10 maja 2018 r. o ochronie danych, a tak\u017ce ustaw\u0105 z 18 lipca 2002 r. o \u015bwiadczeniu us\u0142ug drog\u0105 elektroniczn\u0105.<\/p>\n<p><strong>II. Stosowane definicje<\/strong><\/p>\n<p><b>1.<\/b> W niniejszej polityce stosuje si\u0119 nast\u0119puj\u0105ce definicje<\/p>\n<ol style=\"list-style-type: upper-alpha;\">\n<li>Serwis\/Sklep &#8211; serwis internetowy dost\u0119pny pod adresem <a href=\"https:\/\/hyase.pl\/sklep\/\">www.hyase.pl\/sklep<\/a> za po\u015brednictwem kt\u00f3rego U\u017cytkownik mo\u017ce: przegl\u0105da\u0107 jego zawarto\u015b\u0107, kontaktowa\u0107 si\u0119 z administratorem danych, sk\u0142ada\u0107 zam\u00f3wienia na produkty i towary, zam\u00f3wi\u0107 informacje handlowe i marketingowe (newsletter).<\/li>\n<li>Administrator danych osobowych &#8211; podmiot, kt\u00f3ry decyduje o celu i \u015brodkach przetwarzania danych, w niniejszej polityce rozumie si\u0119 przez to: Jaros\u0142aw Mariusz Demczuk Akademia Sukcesu Hyase, ul. Malinowa 6, 84-207 Koleczkowo, NIP: 5371591877, REGON: 030200721.<\/li>\n<li>U\u017cytkownik &#8211; osoba fizyczna, kt\u00f3rej dane dotycz\u0105 i kt\u00f3ra korzysta z us\u0142ug dost\u0119pnych w Serwisie\/Sklepie.<\/li>\n<li>d) Dane osobowe &#8211; wszelkie informacje, kt\u00f3re bez nadmiernego czasu i kosztu mog\u0105 doprowadzi\u0107 do identyfikacji osoby fizycznej, w tym jej dane identyfikacyjne, adresowe i kontaktowe.<\/li>\n<\/ol>\n<p><strong>III. Cele przetwarzania danych<\/strong><\/p>\n<p><b>1.<\/b> Administrator danych osobowych przetwarza dane osobowe w nast\u0119puj\u0105cych celach:<\/p>\n<ol style=\"list-style-type: upper-alpha;\">\n<li>wykonania umowy, kt\u00f3rej stron\u0105 jest osoba, kt\u00f3rej dane dotycz\u0105 lub do podj\u0119cia dzia\u0142a\u0144 na \u017c\u0105danie osoby, kt\u00f3rej dane dotycz\u0105, tj. z\u0142o\u017cenia i realizacji zam\u00f3wienia w sklepie online, realizacja przys\u0142uguj\u0105cych osobie praw zwi\u0105zanych z realizacj\u0105 zam\u00f3wienia, w tym gwarancji i r\u0119kojmi, itp.;<\/li>\n<li>rejestracji i za\u0142o\u017cenia konta w Serwisie;<\/li>\n<li>udokumentowania sprzeda\u017cy lub wykonania us\u0142ugi, w tym wystawienia rachunku lub faktury dla osoby fizyczne;<\/li>\n<li>udzielenia odpowiedzi na zadane pytanie za po\u015brednictwem danych teleadresowych dost\u0119pnych na stronie Serwisu;<\/li>\n<li>marketingu w\u0142asnych produkt\u00f3w i us\u0142ug administratora danych drog\u0105 tradycyjn\u0105;<\/li>\n<li>wys\u0142ania informacji handlowych i marketingowych administratora danych na adres e-mail podany przez U\u017cytkownika w trakcie zapisu na newsletter, za zgod\u0105 osoby, kt\u00f3rej dane dotycz\u0105;<\/li>\n<li>wys\u0142ania opinii o us\u0142ugach i produktach administratora danych przez zewn\u0119trzne serwisy badania satysfakcji, za zgod\u0105 osoby, kt\u00f3re dane dotycz\u0105;<\/li>\n<li>dochodzenia praw i roszcze\u0144 przez administratora danych lub osob\u0119, kt\u00f3rej dane dotycz\u0105.<\/li>\n<\/ol>\n<p><b>2.<\/b> Podanie danych jest niezb\u0119dne dla realizacji zam\u00f3wienia, wystawienia dokumentu sprzeda\u017cy, dochodzenia roszcze\u0144, a tak\u017ce udzielenia odpowiedzi na pytania.<\/p>\n<p><b>3.<\/b> Podanie pozosta\u0142ych danych jest dobrowolne.<\/p>\n<p><b>4.<\/b> Brak podania wymaganych danych uniemo\u017cliwia realizacj\u0119 us\u0142ug, w tym zam\u00f3wienia i kontaktu.<\/p>\n<p><strong>IV. Sposoby pozyskiwania danych<\/strong><\/p>\n<p><b>1.<\/b> Dane osobowe U\u017cytkownika gromadzone s\u0105 bezpo\u015brednio od os\u00f3b, kt\u00f3rych dane dotycz\u0105, tj. poprzez:<\/p>\n<ol style=\"list-style-type: upper-alpha;\">\n<li>wype\u0142nienie formularza zapisu na newsletter;<\/li>\n<li>wype\u0142nienie formularza zam\u00f3wienia w Sklepie online;<\/li>\n<li>rejestracja konta w Serwisie;<\/li>\n<li>podanie danych do przygotowania i zawarcia umowy;<\/li>\n<li>bezpo\u015bredni kontakt z administratorem danych za pomoc\u0105 danych teleadresowych dost\u0119pnych na stronie lub w formie tradycyjnej w miejscu prowadzenia dzia\u0142alno\u015bci.<\/li>\n<\/ol>\n<p><strong>V. Zakres przetwarzanych danych<\/strong><\/p>\n<p><b>1.<\/b> 1. Zakres przetwarzanych danych osobowych zosta\u0142 ograniczony do minimum niezb\u0119dnego do \u015bwiadczenia us\u0142ug w zakresie:<\/p>\n<ol style=\"list-style-type: upper-alpha;\">\n<li>z\u0142o\u017cenia zapytania przez formularz kontaktowy lub za pomoc\u0105 danych teleadresowych dost\u0119pnych na stronie: adres e-mail numer telefonu, adres poczty elektronicznej, imi\u0119, ewentualne inne dane podane dobrowolnie przez osob\u0119, kt\u00f3rej dane dotycz\u0105;<\/li>\n<li>dokonania zapisu na newsletter: imi\u0119, adres e-mail;<\/li>\n<li>z\u0142o\u017cenia zam\u00f3wienia w sklepie online: imi\u0119 i nazwisko, adres e-mail, numer telefonu, adres dostawy, ewentualnie adres punktu odbioru;<\/li>\n<li>rejestracji konta w Serwisie lub sklepie online: imi\u0119 i nazwisko, adres e-mail, has\u0142o, login;<\/li>\n<li>wystawienia rachunku lub faktury: imi\u0119 i nazwisko lub nazwa podmiotu, adres siedziby, NIP;<\/li>\n<li>przygotowania i zawarcia umowy: imi\u0119 i nazwisko, adres, etc.<\/li>\n<\/ol>\n<p><strong>VI. Okres przetwarzania danych<\/strong><\/p>\n<p><b>1.<\/b> Dane osobowe s\u0105 przetwarzane przez okres niezb\u0119dny do realizacji celu, dla kt\u00f3rego zosta\u0142y zebrane, tj:<\/p>\n<ol style=\"list-style-type: upper-alpha;\">\n<li>przez okres trwania zawartej umowy;<\/li>\n<li>przez okres niezb\u0119dny do udokumentowania wykonanej umowy lub us\u0142ugi, w tym wystawienia rachunku lub faktury &#8211; dane przechowywane s\u0105 przez 5 lat, licz\u0105c od ko\u0144ca roku kalendarzowego, w kt\u00f3rym up\u0142yn\u0105\u0142 termin p\u0142atno\u015bci podatku;<\/li>\n<li>przez okres niezb\u0119dny do udzielenia odpowiedzi na pytanie zadane przez formularz kontaktowy lub drog\u0105 telefoniczn\u0105;<\/li>\n<li>do czasu odwo\u0142ania zgody, je\u015bli przetwarzanie danych opiera si\u0119 na zgodzie osoby, kt\u00f3rej dane dotycz\u0105.<\/li>\n<\/ol>\n<p><strong>VII. Odbiorcy danych<\/strong><\/p>\n<p><b>1.<\/b> Dane osobowe U\u017cytkownika mog\u0105 zosta\u0107 powierzone innym podmiotom w celu wykonania us\u0142ug na zlecenie administratora danych, w szczeg\u00f3lno\u015bci podmiotom w zakresie:<\/p>\n<ol style=\"list-style-type: upper-alpha;\">\n<li>hostingu strony www;<\/li>\n<li>serwisu i utrzymania system\u00f3w informatycznych, w kt\u00f3rych dane s\u0105 przetwarzane, w tym w celu automatyzacji newslettera, wystawiania faktur, obs\u0142ugi zam\u00f3wie\u0144, etc.;<\/li>\n<li>prowadzenia obs\u0142ugi ksi\u0119gowej i biurowej;<\/li>\n<li>brokera us\u0142ug kurierskich;<\/li>\n<li>dropshippingu i obs\u0142ugi zam\u00f3wie\u0144.<\/li>\n<\/ol>\n<p><b>2.<\/b> Dane osobowe U\u017cytkownika mog\u0105 zosta\u0107 tak\u017ce udost\u0119pnione podmiotom wspieraj\u0105cym administratora danych, w tym podmiotom realizuj\u0105cym us\u0142ugi kurierskie i pocztowe, obs\u0142ug\u0119 p\u0142atno\u015bci online.<\/p>\n<p><b>3.<\/b> Dane osobowe U\u017cytkownika nie s\u0105 przekazywane do pa\u0144stw trzecich, ani organizacji mi\u0119dzynarodowych.<\/p>\n<p><strong>VIII. Prawa os\u00f3b, kt\u00f3rych dane dotycz\u0105<\/strong><\/p>\n<p><b>1.<\/b> Osobie, kt\u00f3rej dane dotycz\u0105 przys\u0142uguje:<\/p>\n<ol style=\"list-style-type: upper-alpha;\">\n<li>prawo dost\u0119pu do tre\u015bci danych i ich sprostowania;<\/li>\n<li>prawo do usuni\u0119cia danych, o ile nie obowi\u0105zuj\u0105 inne przepisy prawa, kt\u00f3re zobowi\u0105zuj\u0105 administratora danych do archiwizacji danych przez okre\u015blony czas;<\/li>\n<li>prawo do przenoszenia danych, o ile podstaw\u0105 przetwarzania danych jest umowa lub zgoda osoby, kt\u00f3rej dane dotycz\u0105, a przetwarzanie danych odbywa si\u0119 w spos\u00f3b automatyczny;<\/li>\n<li>prawo do wniesienia sprzeciwu na przetwarzanie danych w celach marketingu bezpo\u015bredniego, realizowanego przez administratora danych w ramach usprawiedliwionego interesu prawnego, a tak\u017ce ograniczenia przetwarzania;<\/li>\n<li>prawo do niepodlegania automatycznemu profilowaniu, je\u015bli administrator danych podejmowa\u0142by decyzje opieraj\u0105ce si\u0119 wy\u0142\u0105cznie na automatycznym profilowaniu i nios\u0105ce ze sob\u0105 skutki prawne dla osoby, kt\u00f3rej dane dotycz\u0105 lub podobnie na ni\u0105 wp\u0142ywa\u0142y;\/li&gt;<\/li>\n<li>prawo do kontroli przetwarzania danych i informacji na temat tego, kto jest administratorem danych, a tak\u017ce uzyskania informacji o celu, zakresie i sposobie przetwarzania danych, tre\u015bci tych danych, \u017ar\u00f3dle danych, a tak\u017ce sposobie udost\u0119pniania, w tym o odbiorcach lub kategoriach odbiorc\u00f3w danych;<\/li>\n<li>prawo do cofni\u0119cia zgody w dowolnym momencie, je\u015bli podstaw\u0105 przetwarzania danych by\u0142a zgoda osoby, kt\u00f3rej dane dotycz\u0105. Odwo\u0142anie zgody nie wp\u0142ywa na zgodno\u015b\u0107 z prawem przetwarzania dokonanego na jej podstawie, przed jej cofni\u0119ciem;<\/li>\n<li>prawo do wniesienia skargi do Prezesa Urz\u0119du Ochrony Danych Osobowych (PUODO), je\u015bli osoba uzna, \u017ce przetwarzanie jej danych jest niezgodne z aktualnie obowi\u0105zuj\u0105cymi przepisami w tym zakresie.<\/li>\n<\/ol>\n<p><b>2.<\/b> W celu realizacji prawa do kontroli danych, dost\u0119pu do tre\u015bci danych, ich poprawiania, a tak\u017ce innych praw, nale\u017cy skontaktowa\u0107 si\u0119 z administratorem danych.<\/p>\n<p><strong>IX. Postanowienia ko\u0144cowe<\/strong><\/p>\n<p><b>1.<\/b> Administrator danych zastrzega mo\u017cliwo\u015b\u0107 zmiany niniejszej polityki prywatno\u015bci, szczeg\u00f3lnie w sytuacji, gdy b\u0119d\u0105 tego wymaga\u0142y zastosowane rozwi\u0105zania techniczne, zmiany przepis\u00f3w prawa w zakresie prywatno\u015bci os\u00f3b, kt\u00f3rych dane dotycz\u0105 lub inne, istotne zmiany wp\u0142ywaj\u0105ce na tre\u015b\u0107 informacji przekazywanej U\u017cytkownikom.<\/p>\n<p><b>2.<\/b> W przypadku zmiany obowi\u0105zuj\u0105cej polityki prywatno\u015bci, wprowadzone zostan\u0105 odpowiednie modyfikacje do powy\u017cszego zapisu, kt\u00f3re b\u0119d\u0105 obowi\u0105zywa\u0142y od dnia ich opublikowania na stronie Serwisu\/Sklepu.<\/p>\n\n<h2 class=\"wp-block-heading\">Cookies:<\/h2>\n\n<p><b>1.<\/b> Pliki cookies (\u201eciasteczka\u201d) to niewielkie pliki, najcz\u0119\u015bciej tekstowe, wysy\u0142ane przez serwer i zapisywane na urz\u0105dzeniu ko\u0144cowym u\u017cytkownika (np. dysk twardy komputera). Zawieraj\u0105 r\u00f3\u017cne informacje, kt\u00f3re u\u0142atwiaj\u0105 przegl\u0105danie stron internetowych zgodnie z preferencjami u\u017cytkownika i korzystanie z funkcjonalno\u015bci Sklepu.<\/p>\n<p><b>2.<\/b> Cookies zawieraj\u0105 nazw\u0119 strony internetowej, z kt\u00f3rej pochodz\u0105, czas przechowywania ich na urz\u0105dzeniu ko\u0144cowym oraz unikalny numer.<\/p>\n<p><b>3.<\/b> Pliki cookies wykorzystywane s\u0105 w celu: \n<ol style=\"list-style-type:disc;\">\n<li>identyfikacji u\u017cytkownik\u00f3w jako zalogowanych w Sklepie i pokazywania, \u017ce s\u0105 zalogowani;<\/li>\n<li>zapami\u0119tywania towar\u00f3w dodanych do koszyka;<\/li>\n<li>dostosowywania zawarto\u015bci strony Sklepu internetowego do indywidualnych preferencji u\u017cytkownika oraz optymalizacji korzystania ze stron Sklepu;<\/li>\n<li>prowadzenia anonimowych statystyk przedstawiaj\u0105cych spos\u00f3b korzystania ze strony Sklepu oraz badania potrzeb u\u017cytkownik\u00f3w, z wy\u0142\u0105czeniem personalnej identyfikacji u\u017cytkownika;<\/li>\n<li>marketingu i reklamy &#8211; pliki cookies umo\u017cliwiaj\u0105 przedstawienie spersonalizowanych reklam, dostosowanych do zainteresowa\u0144 u\u017cytkownika, za po\u015brednictwem serwis\u00f3w zewn\u0119trznych (Google Analytics, Google AdWords, Google AdSense).<\/li><\/ol>\n<\/p>\n<p><b>4.<\/b> U\u017cytkownik mo\u017ce w dowolnym momencie samodzielnie zmieni\u0107 ustawienia dotycz\u0105ce zapisywania, usuwania oraz dost\u0119pu do danych zapisanych plik\u00f3w cookies, usun\u0105\u0107 wszelkie zapisane do tej pory pliki cookie lub ca\u0142kowicie je wy\u0142\u0105czy\u0107 (<a href=\"https:\/\/jakwylaczyccookie.pl\">https:\/\/jakwylaczyccookie.pl<\/a>).\n <\/p>\n <p><b>5.<\/b> Ograniczenia stosowania plik\u00f3w cookies mog\u0105 wp\u0142yn\u0105\u0107 na niekt\u00f3re funkcjonalno\u015bci dost\u0119pne na naszych stronach.<\/p>","protected":false},"excerpt":{"rendered":"<p>Polityka prywatno\u015bci: I. To\u017csamo\u015b\u0107 administratora danych 1. Administratorem danych osobowych&hellip;<\/p>\n<p> <a class=\"more-link\" href=\"https:\/\/hyase.pl\/sklep\/privacy-policy\/\">Dowiedz si\u0119 wi\u0119cej<\/a><\/p>\n","protected":false},"author":1,"featured_media":0,"parent":0,"menu_order":0,"comment_status":"closed","ping_status":"closed","template":"elementor_header_footer","meta":{"footnotes":""},"class_list":["post-3","page","type-page","status-publish"],"yoast_head":"<!-- This site is optimized with the Yoast SEO plugin v27.4 - https:\/\/yoast.com\/product\/yoast-seo-wordpress\/ -->\n<title>Polityka prywatno\u015bci i cookies - Hyas&eacute;<\/title>\n<meta name=\"robots\" content=\"index, follow, max-snippet:-1, max-image-preview:large, max-video-preview:-1\" \/>\n<link rel=\"canonical\" href=\"https:\/\/hyase.pl\/sklep\/privacy-policy\/\" \/>\n<meta property=\"og:locale\" content=\"pl_PL\" \/>\n<meta property=\"og:type\" content=\"article\" \/>\n<meta property=\"og:title\" content=\"Polityka prywatno\u015bci i cookies - Hyas&eacute;\" \/>\n<meta property=\"og:description\" content=\"Polityka prywatno\u015bci: I. To\u017csamo\u015b\u0107 administratora danych 1. Administratorem danych osobowych&hellip;  Dowiedz si\u0119 wi\u0119cej\" \/>\n<meta property=\"og:url\" content=\"https:\/\/hyase.pl\/sklep\/privacy-policy\/\" \/>\n<meta property=\"og:site_name\" content=\"Hyas&eacute;\" \/>\n<meta property=\"article:publisher\" content=\"https:\/\/www.facebook.com\/hyasepl\/\" \/>\n<meta property=\"article:modified_time\" content=\"2021-08-16T12:38:05+00:00\" \/>\n<meta name=\"twitter:card\" content=\"summary_large_image\" \/>\n<meta name=\"twitter:label1\" content=\"Szacowany czas czytania\" \/>\n\t<meta name=\"twitter:data1\" content=\"7 minut\" \/>\n<script type=\"application\/ld+json\" class=\"yoast-schema-graph\">{\"@context\":\"https:\\\/\\\/schema.org\",\"@graph\":[{\"@type\":\"WebPage\",\"@id\":\"https:\\\/\\\/hyase.pl\\\/sklep\\\/privacy-policy\\\/\",\"url\":\"https:\\\/\\\/hyase.pl\\\/sklep\\\/privacy-policy\\\/\",\"name\":\"Polityka prywatno\u015bci i cookies - Hyas&eacute;\",\"isPartOf\":{\"@id\":\"https:\\\/\\\/hyase.pl\\\/sklep\\\/#website\"},\"datePublished\":\"2021-08-02T15:51:39+00:00\",\"dateModified\":\"2021-08-16T12:38:05+00:00\",\"breadcrumb\":{\"@id\":\"https:\\\/\\\/hyase.pl\\\/sklep\\\/privacy-policy\\\/#breadcrumb\"},\"inLanguage\":\"pl-PL\",\"potentialAction\":[{\"@type\":\"ReadAction\",\"target\":[\"https:\\\/\\\/hyase.pl\\\/sklep\\\/privacy-policy\\\/\"]}]},{\"@type\":\"BreadcrumbList\",\"@id\":\"https:\\\/\\\/hyase.pl\\\/sklep\\\/privacy-policy\\\/#breadcrumb\",\"itemListElement\":[{\"@type\":\"ListItem\",\"position\":1,\"name\":\"Strona g\u0142\u00f3wna\",\"item\":\"https:\\\/\\\/hyase.pl\\\/sklep\\\/\"},{\"@type\":\"ListItem\",\"position\":2,\"name\":\"Polityka prywatno\u015bci i cookies\"}]},{\"@type\":\"WebSite\",\"@id\":\"https:\\\/\\\/hyase.pl\\\/sklep\\\/#website\",\"url\":\"https:\\\/\\\/hyase.pl\\\/sklep\\\/\",\"name\":\"Hyas&eacute;\",\"description\":\"Odkryj naturalne pi\u0119kno swojej sk&oacute;ry\",\"publisher\":{\"@id\":\"https:\\\/\\\/hyase.pl\\\/sklep\\\/#organization\"},\"potentialAction\":[{\"@type\":\"SearchAction\",\"target\":{\"@type\":\"EntryPoint\",\"urlTemplate\":\"https:\\\/\\\/hyase.pl\\\/sklep\\\/?s={search_term_string}\"},\"query-input\":{\"@type\":\"PropertyValueSpecification\",\"valueRequired\":true,\"valueName\":\"search_term_string\"}}],\"inLanguage\":\"pl-PL\"},{\"@type\":\"Organization\",\"@id\":\"https:\\\/\\\/hyase.pl\\\/sklep\\\/#organization\",\"name\":\"Hyas\u00e9\",\"url\":\"https:\\\/\\\/hyase.pl\\\/sklep\\\/\",\"logo\":{\"@type\":\"ImageObject\",\"inLanguage\":\"pl-PL\",\"@id\":\"https:\\\/\\\/hyase.pl\\\/sklep\\\/#\\\/schema\\\/logo\\\/image\\\/\",\"url\":\"https:\\\/\\\/hyase.pl\\\/sklep\\\/wp-content\\\/uploads\\\/2021\\\/11\\\/cropped-hyase_shop.png\",\"contentUrl\":\"https:\\\/\\\/hyase.pl\\\/sklep\\\/wp-content\\\/uploads\\\/2021\\\/11\\\/cropped-hyase_shop.png\",\"width\":400,\"height\":208,\"caption\":\"Hyas\u00e9\"},\"image\":{\"@id\":\"https:\\\/\\\/hyase.pl\\\/sklep\\\/#\\\/schema\\\/logo\\\/image\\\/\"},\"sameAs\":[\"https:\\\/\\\/www.facebook.com\\\/hyasepl\\\/\",\"https:\\\/\\\/www.instagram.com\\\/kosmetykihyase\\\/\"]}]}<\/script>\n<!-- \/ Yoast SEO plugin. -->","yoast_head_json":{"title":"Polityka prywatno\u015bci i cookies - Hyas&eacute;","robots":{"index":"index","follow":"follow","max-snippet":"max-snippet:-1","max-image-preview":"max-image-preview:large","max-video-preview":"max-video-preview:-1"},"canonical":"https:\/\/hyase.pl\/sklep\/privacy-policy\/","og_locale":"pl_PL","og_type":"article","og_title":"Polityka prywatno\u015bci i cookies - Hyas&eacute;","og_description":"Polityka prywatno\u015bci: I. To\u017csamo\u015b\u0107 administratora danych 1. Administratorem danych osobowych&hellip;  Dowiedz si\u0119 wi\u0119cej","og_url":"https:\/\/hyase.pl\/sklep\/privacy-policy\/","og_site_name":"Hyas&eacute;","article_publisher":"https:\/\/www.facebook.com\/hyasepl\/","article_modified_time":"2021-08-16T12:38:05+00:00","twitter_card":"summary_large_image","twitter_misc":{"Szacowany czas czytania":"7 minut"},"schema":{"@context":"https:\/\/schema.org","@graph":[{"@type":"WebPage","@id":"https:\/\/hyase.pl\/sklep\/privacy-policy\/","url":"https:\/\/hyase.pl\/sklep\/privacy-policy\/","name":"Polityka prywatno\u015bci i cookies - Hyas&eacute;","isPartOf":{"@id":"https:\/\/hyase.pl\/sklep\/#website"},"datePublished":"2021-08-02T15:51:39+00:00","dateModified":"2021-08-16T12:38:05+00:00","breadcrumb":{"@id":"https:\/\/hyase.pl\/sklep\/privacy-policy\/#breadcrumb"},"inLanguage":"pl-PL","potentialAction":[{"@type":"ReadAction","target":["https:\/\/hyase.pl\/sklep\/privacy-policy\/"]}]},{"@type":"BreadcrumbList","@id":"https:\/\/hyase.pl\/sklep\/privacy-policy\/#breadcrumb","itemListElement":[{"@type":"ListItem","position":1,"name":"Strona g\u0142\u00f3wna","item":"https:\/\/hyase.pl\/sklep\/"},{"@type":"ListItem","position":2,"name":"Polityka prywatno\u015bci i cookies"}]},{"@type":"WebSite","@id":"https:\/\/hyase.pl\/sklep\/#website","url":"https:\/\/hyase.pl\/sklep\/","name":"Hyas&eacute;","description":"Odkryj naturalne pi\u0119kno swojej sk&oacute;ry","publisher":{"@id":"https:\/\/hyase.pl\/sklep\/#organization"},"potentialAction":[{"@type":"SearchAction","target":{"@type":"EntryPoint","urlTemplate":"https:\/\/hyase.pl\/sklep\/?s={search_term_string}"},"query-input":{"@type":"PropertyValueSpecification","valueRequired":true,"valueName":"search_term_string"}}],"inLanguage":"pl-PL"},{"@type":"Organization","@id":"https:\/\/hyase.pl\/sklep\/#organization","name":"Hyas\u00e9","url":"https:\/\/hyase.pl\/sklep\/","logo":{"@type":"ImageObject","inLanguage":"pl-PL","@id":"https:\/\/hyase.pl\/sklep\/#\/schema\/logo\/image\/","url":"https:\/\/hyase.pl\/sklep\/wp-content\/uploads\/2021\/11\/cropped-hyase_shop.png","contentUrl":"https:\/\/hyase.pl\/sklep\/wp-content\/uploads\/2021\/11\/cropped-hyase_shop.png","width":400,"height":208,"caption":"Hyas\u00e9"},"image":{"@id":"https:\/\/hyase.pl\/sklep\/#\/schema\/logo\/image\/"},"sameAs":["https:\/\/www.facebook.com\/hyasepl\/","https:\/\/www.instagram.com\/kosmetykihyase\/"]}]}},"_links":{"self":[{"href":"https:\/\/hyase.pl\/sklep\/wp-json\/wp\/v2\/pages\/3","targetHints":{"allow":["GET"]}}],"collection":[{"href":"https:\/\/hyase.pl\/sklep\/wp-json\/wp\/v2\/pages"}],"about":[{"href":"https:\/\/hyase.pl\/sklep\/wp-json\/wp\/v2\/types\/page"}],"author":[{"embeddable":true,"href":"https:\/\/hyase.pl\/sklep\/wp-json\/wp\/v2\/users\/1"}],"replies":[{"embeddable":true,"href":"https:\/\/hyase.pl\/sklep\/wp-json\/wp\/v2\/comments?post=3"}],"version-history":[{"count":21,"href":"https:\/\/hyase.pl\/sklep\/wp-json\/wp\/v2\/pages\/3\/revisions"}],"predecessor-version":[{"id":11697,"href":"https:\/\/hyase.pl\/sklep\/wp-json\/wp\/v2\/pages\/3\/revisions\/11697"}],"wp:attachment":[{"href":"https:\/\/hyase.pl\/sklep\/wp-json\/wp\/v2\/media?parent=3"}],"curies":[{"name":"wp","href":"https:\/\/api.w.org\/{rel}","templated":true}]}}