{"id":11721,"date":"2021-08-25T17:44:02","date_gmt":"2021-08-25T17:44:02","guid":{"rendered":"https:\/\/hyase.pl\/sklep\/?post_type=product&#038;p=11721"},"modified":"2024-09-18T15:34:12","modified_gmt":"2024-09-18T15:34:12","slug":"nigelle-serum-odmladzajace","status":"publish","type":"product","link":"https:\/\/hyase.pl\/sklep\/produkt\/nigelle-serum-odmladzajace\/","title":{"rendered":"Nigelle Serum odm\u0142adzaj\u0105ce"},"content":{"rendered":"<h1>Nigelle Serum odm\u0142adzaj\u0105ce<\/h1>\n<p>Dzi\u0119ki zawarto\u015bci z\u0142otych pere\u0142ek oraz ekstraktu z kawioru natychmiastowo roz\u015bwietla i witalizuje sk\u00f3r\u0119. Perfekcyjne zestawienie substancji aktywnych, ukierunkowane na intensywne odm\u0142adzanie, redukuje istniej\u0105ce zmarszczki i zapobiega powstawaniu nowych. Idealnie liftinguje, uj\u0119drnia i uelastycznia sk\u00f3r\u0119, poprawia owal twarzy. Przywraca sk\u00f3rze nawil\u017cenie i d\u0142ugotrwa\u0142y komfort, pozostawia j\u0105 od\u017cywion\u0105 i aksamitnie wyg\u0142adzon\u0105. Stosowane regularnie dzia\u0142a naprawczo na struktur\u0119 sk\u00f3ry i aktywuje w niej kluczowe procesy regeneracyjne, przywracaj\u0105c m\u0142ody, promienny wygl\u0105d.<\/p>\n<p>Serum odm\u0142adzaj\u0105ce przeznaczone jest do codziennej piel\u0119gnacji sk\u00f3ry:<\/p>\n<ul>\n<li>Dojrza\u0142ej, zm\u0119czonej, z widocznymi oznakami starzenia.<\/li>\n<li>Przesuszonej, matowej i pozbawionej blasku.<\/li>\n<\/ul>\n<p>Codziennie rano i\/lub wieczorem aplikowa\u0107 na oczyszczon\u0105 sk\u00f3r\u0119 twarzy, szyi i dekoltu pod <a class=\"gold-link\" href=\"https:\/\/hyase.pl\/sklep\/produkt\/nigelle-krem-odmladzajacy\/\"><b>KREM ODM\u0141ADZAJ\u0104CY<\/b><\/a> lub jako samodzielny kosmetyk.<\/p>\n<p><em>30 ml<\/em><\/p>\n<h3>Sk\u0142adniki aktywne:<\/h3>\n<ul>\n<li><b>Ekstrakt z kawioru<\/b> \u2013 nazywany \u201eczarnym z\u0142otem\u201d, jest kwintesencj\u0105 warto\u015bci od\u017cywczych, regeneruj\u0105cych i odm\u0142adzaj\u0105cych. Dobroczynne dzia\u0142anie kawioru wynika z wysokiej zawarto\u015bci mikroelement\u00f3w, witamin, nienasyconych kwas\u00f3w t\u0142uszczowych i aminokwas\u00f3w. Wyra\u017anie odm\u0142adza sk\u00f3r\u0119, regeneruje uszkodzon\u0105 barier\u0119 ochronn\u0105 nask\u00f3rka, przyspiesza odnow\u0119 kom\u00f3rek, uelastycznia i g\u0142\u0119boko nawil\u017ca.<\/li>\n<li><b>Sepitonic\u2122 M 3.0<\/b> \u2013 kompleks minera\u0142\u00f3w, m.in. magnezu, cynku, miedzi i wapnia, o dzia\u0142aniu usprawniaj\u0105cym oddychanie kom\u00f3rkowe, co wyg\u0142adza sk\u00f3r\u0119 i przywraca jej blask. Jest to bioenergetyk odm\u0142adzaj\u0105cy o wysokiej skuteczno\u015bci redukcji zmarszczek.<\/li>\n<li><b>Kwas hialuronowy<\/b> \u2013 stymuluje produkcj\u0119 kolagenu i elastyny. Wyg\u0142adza zmarszczki, zapewnia sk\u00f3rze d\u0142ugotrwa\u0142e nawil\u017cenie oraz wyra\u017anie odczuwaln\u0105 g\u0142adko\u015b\u0107, spr\u0119\u017cysto\u015b\u0107 i elastyczno\u015b\u0107. Skutecznie regeneruje uszkodzone tkanki sk\u00f3ry i wspomaga produkcj\u0119 nowych kom\u00f3rek.<\/li>\n<li><b>Kolagen<\/b> \u2013 biologicznie aktywne bia\u0142ko wyst\u0119puj\u0105ce naturalnie w kom\u00f3rkach sk\u00f3ry, kt\u00f3rego produkcja z wiekiem maleje, co os\u0142abia struktur\u0119 kom\u00f3rek, powoduje pojawienie si\u0119 zmarszczek i utrat\u0119 j\u0119drno\u015bci. Dostarczenie sk\u00f3rze kolagenu hamuje procesy starzenia i przywraca jej m\u0142ody wygl\u0105d.<\/li>\n<\/ul>\n<h3>INCI:<\/h3>\n<p>Aqua, Butylene Glycol, Babassu Oil Glycereth-8 Esters, Glycerin, Methylpropanediol, Soluble Collagen, D-panthenol, Caviar Extract, Caesalpinia Spinosa Gum, Anhydroxylitol, Hydrolyzed Caesalpinia Spinosa Gum, Xylitylglucoside, Xylitol, Sodium Anisate, Hyaluronic Acid, Glucose, Sodium Hyaluronate, Caprylyl Glycol, Myristoyl Tripeptide-31, Phenylpropanol, Acrylates\/C10-30 Alkyl Acrylate Crosspolymer, Calcium Alginate, Gellan Gum, Agar, Triethanolamine, Propylene Glycol, Sodium Benzoate, Potassium Sorbate, Phenoxyethanol, Ethylxexylglycerin, Citric Acid, Parfum, 1,2-Hexanediol, CI 77019, CI 77861, CI 77981, CI 77491<\/p>\n","protected":false},"excerpt":{"rendered":"<p>Wyj\u0105tkowe serum do twarzy, szyi i dekoltu, kt\u00f3re dzi\u0119ki zawarto\u015bci z\u0142otych pere\u0142ek oraz ekstraktu z kawioru natychmiastowo roz\u015bwietla i witalizuje sk\u00f3r\u0119. Perfekcyjne zestawienie substancji aktywnych, ukierunkowane na intensywne odm\u0142adzanie, redukuje istniej\u0105ce zmarszczki i zapobiega powstawaniu nowych.<\/p>\n<p><em>30 ml<\/em><\/p>\n<p> <a class=\"more-link\" href=\"https:\/\/hyase.pl\/sklep\/produkt\/nigelle-serum-odmladzajace\/\">Dowiedz si\u0119 wi\u0119cej<\/a><\/p>","protected":false},"featured_media":11894,"comment_status":"open","ping_status":"closed","template":"","meta":[],"product_brand":[],"product_cat":[55],"product_tag":[91,93,83,98,94,99],"class_list":{"0":"post-11721","1":"product","2":"type-product","3":"status-publish","4":"has-post-thumbnail","6":"product_cat-serum-do-twarzy","7":"product_tag-anti-aging","8":"product_tag-lifting","9":"product_tag-nawilzanie","10":"product_tag-odzywianie","11":"product_tag-nigelle","12":"product_tag-wygladzanie","14":"first","15":"instock","16":"taxable","17":"shipping-taxable","18":"purchasable","19":"product-type-simple"},"yoast_head":"<!-- This site is optimized with the Yoast SEO plugin v27.4 - https:\/\/yoast.com\/product\/yoast-seo-wordpress\/ -->\n<title>Nigelle Serum odm\u0142adzaj\u0105ce - Hyas&eacute;<\/title>\n<meta name=\"description\" content=\"Dzi\u0119ki zawarto\u015bci z\u0142otych pere\u0142ek oraz ekstraktu z kawioru roz\u015bwietla i witalizuje sk\u00f3r\u0119. Intensywnie odm\u0142adza, redukuje istniej\u0105ce zmarszczki i zapobiega powstawaniu nowych.\" \/>\n<meta name=\"robots\" content=\"index, follow, max-snippet:-1, max-image-preview:large, max-video-preview:-1\" \/>\n<link rel=\"canonical\" href=\"https:\/\/hyase.pl\/sklep\/produkt\/nigelle-serum-odmladzajace\/\" \/>\n<meta property=\"og:locale\" content=\"pl_PL\" \/>\n<meta property=\"og:type\" content=\"article\" \/>\n<meta property=\"og:title\" content=\"Nigelle Serum odm\u0142adzaj\u0105ce - Hyas&eacute;\" \/>\n<meta property=\"og:description\" content=\"Dzi\u0119ki zawarto\u015bci z\u0142otych pere\u0142ek oraz ekstraktu z kawioru roz\u015bwietla i witalizuje sk\u00f3r\u0119. Intensywnie odm\u0142adza, redukuje istniej\u0105ce zmarszczki i zapobiega powstawaniu nowych.\" \/>\n<meta property=\"og:url\" content=\"https:\/\/hyase.pl\/sklep\/produkt\/nigelle-serum-odmladzajace\/\" \/>\n<meta property=\"og:site_name\" content=\"Hyas&eacute;\" \/>\n<meta property=\"article:publisher\" content=\"https:\/\/www.facebook.com\/hyasepl\/\" \/>\n<meta property=\"article:modified_time\" content=\"2024-09-18T15:34:12+00:00\" \/>\n<meta property=\"og:image\" content=\"https:\/\/hyase.pl\/sklep\/wp-content\/uploads\/2021\/08\/serumodml-1.jpg\" \/>\n\t<meta property=\"og:image:width\" content=\"2000\" \/>\n\t<meta property=\"og:image:height\" content=\"2000\" \/>\n\t<meta property=\"og:image:type\" content=\"image\/jpeg\" \/>\n<meta name=\"twitter:card\" content=\"summary_large_image\" \/>\n<meta name=\"twitter:label1\" content=\"Szacowany czas czytania\" \/>\n\t<meta name=\"twitter:data1\" content=\"3 minuty\" \/>\n<script type=\"application\/ld+json\" class=\"yoast-schema-graph\">{\"@context\":\"https:\\\/\\\/schema.org\",\"@graph\":[{\"@type\":\"WebPage\",\"@id\":\"https:\\\/\\\/hyase.pl\\\/sklep\\\/produkt\\\/nigelle-serum-odmladzajace\\\/\",\"url\":\"https:\\\/\\\/hyase.pl\\\/sklep\\\/produkt\\\/nigelle-serum-odmladzajace\\\/\",\"name\":\"Nigelle Serum odm\u0142adzaj\u0105ce - Hyas&eacute;\",\"isPartOf\":{\"@id\":\"https:\\\/\\\/hyase.pl\\\/sklep\\\/#website\"},\"primaryImageOfPage\":{\"@id\":\"https:\\\/\\\/hyase.pl\\\/sklep\\\/produkt\\\/nigelle-serum-odmladzajace\\\/#primaryimage\"},\"image\":{\"@id\":\"https:\\\/\\\/hyase.pl\\\/sklep\\\/produkt\\\/nigelle-serum-odmladzajace\\\/#primaryimage\"},\"thumbnailUrl\":\"https:\\\/\\\/hyase.pl\\\/sklep\\\/wp-content\\\/uploads\\\/2021\\\/08\\\/serumodml-1.jpg\",\"datePublished\":\"2021-08-25T17:44:02+00:00\",\"dateModified\":\"2024-09-18T15:34:12+00:00\",\"description\":\"Dzi\u0119ki zawarto\u015bci z\u0142otych pere\u0142ek oraz ekstraktu z kawioru roz\u015bwietla i witalizuje sk\u00f3r\u0119. Intensywnie odm\u0142adza, redukuje istniej\u0105ce zmarszczki i zapobiega powstawaniu nowych.\",\"breadcrumb\":{\"@id\":\"https:\\\/\\\/hyase.pl\\\/sklep\\\/produkt\\\/nigelle-serum-odmladzajace\\\/#breadcrumb\"},\"inLanguage\":\"pl-PL\",\"potentialAction\":[{\"@type\":\"ReadAction\",\"target\":[\"https:\\\/\\\/hyase.pl\\\/sklep\\\/produkt\\\/nigelle-serum-odmladzajace\\\/\"]}]},{\"@type\":\"ImageObject\",\"inLanguage\":\"pl-PL\",\"@id\":\"https:\\\/\\\/hyase.pl\\\/sklep\\\/produkt\\\/nigelle-serum-odmladzajace\\\/#primaryimage\",\"url\":\"https:\\\/\\\/hyase.pl\\\/sklep\\\/wp-content\\\/uploads\\\/2021\\\/08\\\/serumodml-1.jpg\",\"contentUrl\":\"https:\\\/\\\/hyase.pl\\\/sklep\\\/wp-content\\\/uploads\\\/2021\\\/08\\\/serumodml-1.jpg\",\"width\":2000,\"height\":2000,\"caption\":\"Hyase\u0301 Nigelle Serum odm\u0142adzaj\u0105ce\"},{\"@type\":\"BreadcrumbList\",\"@id\":\"https:\\\/\\\/hyase.pl\\\/sklep\\\/produkt\\\/nigelle-serum-odmladzajace\\\/#breadcrumb\",\"itemListElement\":[{\"@type\":\"ListItem\",\"position\":1,\"name\":\"Strona g\u0142\u00f3wna\",\"item\":\"https:\\\/\\\/hyase.pl\\\/sklep\\\/\"},{\"@type\":\"ListItem\",\"position\":2,\"name\":\"Zakupy\",\"item\":\"https:\\\/\\\/hyase.pl\\\/sklep\\\/zakupy\\\/\"},{\"@type\":\"ListItem\",\"position\":3,\"name\":\"Nigelle Serum odm\u0142adzaj\u0105ce\"}]},{\"@type\":\"WebSite\",\"@id\":\"https:\\\/\\\/hyase.pl\\\/sklep\\\/#website\",\"url\":\"https:\\\/\\\/hyase.pl\\\/sklep\\\/\",\"name\":\"Hyas&eacute;\",\"description\":\"Odkryj naturalne pi\u0119kno swojej sk&oacute;ry\",\"publisher\":{\"@id\":\"https:\\\/\\\/hyase.pl\\\/sklep\\\/#organization\"},\"potentialAction\":[{\"@type\":\"SearchAction\",\"target\":{\"@type\":\"EntryPoint\",\"urlTemplate\":\"https:\\\/\\\/hyase.pl\\\/sklep\\\/?s={search_term_string}\"},\"query-input\":{\"@type\":\"PropertyValueSpecification\",\"valueRequired\":true,\"valueName\":\"search_term_string\"}}],\"inLanguage\":\"pl-PL\"},{\"@type\":\"Organization\",\"@id\":\"https:\\\/\\\/hyase.pl\\\/sklep\\\/#organization\",\"name\":\"Hyas\u00e9\",\"url\":\"https:\\\/\\\/hyase.pl\\\/sklep\\\/\",\"logo\":{\"@type\":\"ImageObject\",\"inLanguage\":\"pl-PL\",\"@id\":\"https:\\\/\\\/hyase.pl\\\/sklep\\\/#\\\/schema\\\/logo\\\/image\\\/\",\"url\":\"https:\\\/\\\/hyase.pl\\\/sklep\\\/wp-content\\\/uploads\\\/2021\\\/11\\\/cropped-hyase_shop.png\",\"contentUrl\":\"https:\\\/\\\/hyase.pl\\\/sklep\\\/wp-content\\\/uploads\\\/2021\\\/11\\\/cropped-hyase_shop.png\",\"width\":400,\"height\":208,\"caption\":\"Hyas\u00e9\"},\"image\":{\"@id\":\"https:\\\/\\\/hyase.pl\\\/sklep\\\/#\\\/schema\\\/logo\\\/image\\\/\"},\"sameAs\":[\"https:\\\/\\\/www.facebook.com\\\/hyasepl\\\/\",\"https:\\\/\\\/www.instagram.com\\\/kosmetykihyase\\\/\"]}]}<\/script>\n<!-- \/ Yoast SEO plugin. -->","yoast_head_json":{"title":"Nigelle Serum odm\u0142adzaj\u0105ce - Hyas&eacute;","description":"Dzi\u0119ki zawarto\u015bci z\u0142otych pere\u0142ek oraz ekstraktu z kawioru roz\u015bwietla i witalizuje sk\u00f3r\u0119. Intensywnie odm\u0142adza, redukuje istniej\u0105ce zmarszczki i zapobiega powstawaniu nowych.","robots":{"index":"index","follow":"follow","max-snippet":"max-snippet:-1","max-image-preview":"max-image-preview:large","max-video-preview":"max-video-preview:-1"},"canonical":"https:\/\/hyase.pl\/sklep\/produkt\/nigelle-serum-odmladzajace\/","og_locale":"pl_PL","og_type":"article","og_title":"Nigelle Serum odm\u0142adzaj\u0105ce - Hyas&eacute;","og_description":"Dzi\u0119ki zawarto\u015bci z\u0142otych pere\u0142ek oraz ekstraktu z kawioru roz\u015bwietla i witalizuje sk\u00f3r\u0119. Intensywnie odm\u0142adza, redukuje istniej\u0105ce zmarszczki i zapobiega powstawaniu nowych.","og_url":"https:\/\/hyase.pl\/sklep\/produkt\/nigelle-serum-odmladzajace\/","og_site_name":"Hyas&eacute;","article_publisher":"https:\/\/www.facebook.com\/hyasepl\/","article_modified_time":"2024-09-18T15:34:12+00:00","og_image":[{"width":2000,"height":2000,"url":"https:\/\/hyase.pl\/sklep\/wp-content\/uploads\/2021\/08\/serumodml-1.jpg","type":"image\/jpeg"}],"twitter_card":"summary_large_image","twitter_misc":{"Szacowany czas czytania":"3 minuty"},"schema":{"@context":"https:\/\/schema.org","@graph":[{"@type":"WebPage","@id":"https:\/\/hyase.pl\/sklep\/produkt\/nigelle-serum-odmladzajace\/","url":"https:\/\/hyase.pl\/sklep\/produkt\/nigelle-serum-odmladzajace\/","name":"Nigelle Serum odm\u0142adzaj\u0105ce - Hyas&eacute;","isPartOf":{"@id":"https:\/\/hyase.pl\/sklep\/#website"},"primaryImageOfPage":{"@id":"https:\/\/hyase.pl\/sklep\/produkt\/nigelle-serum-odmladzajace\/#primaryimage"},"image":{"@id":"https:\/\/hyase.pl\/sklep\/produkt\/nigelle-serum-odmladzajace\/#primaryimage"},"thumbnailUrl":"https:\/\/hyase.pl\/sklep\/wp-content\/uploads\/2021\/08\/serumodml-1.jpg","datePublished":"2021-08-25T17:44:02+00:00","dateModified":"2024-09-18T15:34:12+00:00","description":"Dzi\u0119ki zawarto\u015bci z\u0142otych pere\u0142ek oraz ekstraktu z kawioru roz\u015bwietla i witalizuje sk\u00f3r\u0119. Intensywnie odm\u0142adza, redukuje istniej\u0105ce zmarszczki i zapobiega powstawaniu nowych.","breadcrumb":{"@id":"https:\/\/hyase.pl\/sklep\/produkt\/nigelle-serum-odmladzajace\/#breadcrumb"},"inLanguage":"pl-PL","potentialAction":[{"@type":"ReadAction","target":["https:\/\/hyase.pl\/sklep\/produkt\/nigelle-serum-odmladzajace\/"]}]},{"@type":"ImageObject","inLanguage":"pl-PL","@id":"https:\/\/hyase.pl\/sklep\/produkt\/nigelle-serum-odmladzajace\/#primaryimage","url":"https:\/\/hyase.pl\/sklep\/wp-content\/uploads\/2021\/08\/serumodml-1.jpg","contentUrl":"https:\/\/hyase.pl\/sklep\/wp-content\/uploads\/2021\/08\/serumodml-1.jpg","width":2000,"height":2000,"caption":"Hyase\u0301 Nigelle Serum odm\u0142adzaj\u0105ce"},{"@type":"BreadcrumbList","@id":"https:\/\/hyase.pl\/sklep\/produkt\/nigelle-serum-odmladzajace\/#breadcrumb","itemListElement":[{"@type":"ListItem","position":1,"name":"Strona g\u0142\u00f3wna","item":"https:\/\/hyase.pl\/sklep\/"},{"@type":"ListItem","position":2,"name":"Zakupy","item":"https:\/\/hyase.pl\/sklep\/zakupy\/"},{"@type":"ListItem","position":3,"name":"Nigelle Serum odm\u0142adzaj\u0105ce"}]},{"@type":"WebSite","@id":"https:\/\/hyase.pl\/sklep\/#website","url":"https:\/\/hyase.pl\/sklep\/","name":"Hyas&eacute;","description":"Odkryj naturalne pi\u0119kno swojej sk&oacute;ry","publisher":{"@id":"https:\/\/hyase.pl\/sklep\/#organization"},"potentialAction":[{"@type":"SearchAction","target":{"@type":"EntryPoint","urlTemplate":"https:\/\/hyase.pl\/sklep\/?s={search_term_string}"},"query-input":{"@type":"PropertyValueSpecification","valueRequired":true,"valueName":"search_term_string"}}],"inLanguage":"pl-PL"},{"@type":"Organization","@id":"https:\/\/hyase.pl\/sklep\/#organization","name":"Hyas\u00e9","url":"https:\/\/hyase.pl\/sklep\/","logo":{"@type":"ImageObject","inLanguage":"pl-PL","@id":"https:\/\/hyase.pl\/sklep\/#\/schema\/logo\/image\/","url":"https:\/\/hyase.pl\/sklep\/wp-content\/uploads\/2021\/11\/cropped-hyase_shop.png","contentUrl":"https:\/\/hyase.pl\/sklep\/wp-content\/uploads\/2021\/11\/cropped-hyase_shop.png","width":400,"height":208,"caption":"Hyas\u00e9"},"image":{"@id":"https:\/\/hyase.pl\/sklep\/#\/schema\/logo\/image\/"},"sameAs":["https:\/\/www.facebook.com\/hyasepl\/","https:\/\/www.instagram.com\/kosmetykihyase\/"]}]}},"_links":{"self":[{"href":"https:\/\/hyase.pl\/sklep\/wp-json\/wp\/v2\/product\/11721","targetHints":{"allow":["GET"]}}],"collection":[{"href":"https:\/\/hyase.pl\/sklep\/wp-json\/wp\/v2\/product"}],"about":[{"href":"https:\/\/hyase.pl\/sklep\/wp-json\/wp\/v2\/types\/product"}],"replies":[{"embeddable":true,"href":"https:\/\/hyase.pl\/sklep\/wp-json\/wp\/v2\/comments?post=11721"}],"wp:featuredmedia":[{"embeddable":true,"href":"https:\/\/hyase.pl\/sklep\/wp-json\/wp\/v2\/media\/11894"}],"wp:attachment":[{"href":"https:\/\/hyase.pl\/sklep\/wp-json\/wp\/v2\/media?parent=11721"}],"wp:term":[{"taxonomy":"product_brand","embeddable":true,"href":"https:\/\/hyase.pl\/sklep\/wp-json\/wp\/v2\/product_brand?post=11721"},{"taxonomy":"product_cat","embeddable":true,"href":"https:\/\/hyase.pl\/sklep\/wp-json\/wp\/v2\/product_cat?post=11721"},{"taxonomy":"product_tag","embeddable":true,"href":"https:\/\/hyase.pl\/sklep\/wp-json\/wp\/v2\/product_tag?post=11721"}],"curies":[{"name":"wp","href":"https:\/\/api.w.org\/{rel}","templated":true}]}}