{"id":11778,"date":"2021-08-25T22:59:02","date_gmt":"2021-08-25T22:59:02","guid":{"rendered":"https:\/\/hyase.pl\/sklep\/?post_type=product&#038;p=11778"},"modified":"2024-09-18T15:38:35","modified_gmt":"2024-09-18T15:38:35","slug":"nigelle-serum-pod-oczy-2","status":"publish","type":"product","link":"https:\/\/hyase.pl\/sklep\/produkt\/nigelle-serum-pod-oczy-2\/","title":{"rendered":"Nigelle Serum pod oczy"},"content":{"rendered":"<h1>Nigelle Serum pod oczy<\/h1>\n<p>Luksusowy kosmetyk przeznaczony do intensywnej piel\u0119gnacji delikatnych okolic oczu, kt\u00f3ry dzi\u0119ki zawarto\u015bci z\u0142otych mikropere\u0142ek natychmiastowo roz\u015bwietla sk\u00f3r\u0119 i dodaje spojrzeniu blasku. Regularnie stosowany efektywnie rewitalizuje sk\u00f3r\u0119 z oznakami starzenia i przywraca jej m\u0142ody, \u015bwie\u017cy wygl\u0105d. Dzia\u0142a naprawczo na struktur\u0119 sk\u00f3ry, skutecznie sp\u0142yca zmarszczki i tzw. kurze \u0142apki w okolicach oczu oraz zapobiega powstawaniu nowych, wype\u0142nia i wyg\u0142adza drobne nier\u00f3wno\u015bci. Unikalny kompleks sk\u0142adnik\u00f3w aktywnych natychmiastowo i d\u0142ugotrwale redukuje linie, cienie, obrz\u0119ki i worki pod oczami, odm\u0142adzaj\u0105c spojrzenie. Po ka\u017cdej aplikacji sk\u00f3ra wok\u00f3\u0142 oczu staje si\u0119 j\u0119drna, nawil\u017cona, aksamitna w dotyku i promienna.<\/p>\n<p>Serum pod oczy przeznaczone jest do codziennej piel\u0119gnacji sk\u00f3ry:<\/p>\n<ul>\n<li>Dojrza\u0142ej, zm\u0119czonej, z widocznymi oznakami starzenia (zmarszczki, cienie, worki i obrz\u0119ki).<\/li>\n<li>Przesuszonej, matowej i pozbawionej blasku.<\/li>\n<li>Wra\u017cliwej.<\/li>\n<\/ul>\n<p>Codziennie rano i\/lub wieczorem delikatnie aplikowa\u0107 na oczyszczon\u0105 sk\u00f3r\u0119 wok\u00f3\u0142 oczu. Stosowa\u0107 pod <a class=\"gold-link\" href=\"https:\/\/hyase.pl\/sklep\/produkt\/nigelle-eliksir-pod-oczy-2\/\"><b>ELIKSIR POD OCZY<\/b><\/a> lub jako samodzielny kosmetyk.<\/p>\n<p><em>30 ml<\/em><\/p>\n<h3>Sk\u0142adniki aktywne:<\/h3>\n<ul>\n<li><b>Eyeseryl\u00ae<\/b> \u2013 innowacyjny tetrapeptyd bioaktywny, kt\u00f3ry stymuluje biosyntez\u0119 w\u0142\u00f3kien kolagenowych i wykazuje w\u0142a\u015bciwo\u015bci przeciwobrz\u0119kowe. Redukuje i zapobiega powstawaniu zmarszczek, cieni i opuchni\u0119\u0107 wok\u00f3\u0142 oczu. Uelastycznia i nawil\u017ca sk\u00f3r\u0119.<\/li>\n<li><b>PHYCO\u2019DERM\u00ae<\/b> \u2013 skoncentrowany ekstrakt z alg, efektywnie redukuj\u0105cy cienie i obrz\u0119ki pod oczami. Chroni przed szkodliwym dzia\u0142aniem wolnych rodnik\u00f3w oraz zapobiega starzeniu i fotostarzeniu si\u0119 sk\u00f3ry w okolicach oczu. \u0141agodzi podra\u017cnienia, wyg\u0142adza i rozja\u015bnia.<\/li>\n<li><b>Kwas hialuronowy<\/b> \u2013 stymuluje produkcj\u0119 kolagenu i elastyny. Wyg\u0142adza zmarszczki, zapewnia sk\u00f3rze d\u0142ugotrwa\u0142e nawil\u017cenie oraz wyra\u017anie odczuwaln\u0105 g\u0142adko\u015b\u0107, spr\u0119\u017cysto\u015b\u0107 i elastyczno\u015b\u0107. Skutecznie regeneruje uszkodzone tkanki sk\u00f3ry i wspomaga produkcj\u0119 nowych kom\u00f3rek.<\/li>\n<li><b>Kolagen<\/b> \u2013 biologicznie aktywne bia\u0142ko wyst\u0119puj\u0105ce naturalnie w kom\u00f3rkach sk\u00f3ry, kt\u00f3rego produkcja z wiekiem maleje, co os\u0142abia struktur\u0119 kom\u00f3rek, powoduje pojawienie si\u0119 zmarszczek i utrat\u0119 j\u0119drno\u015bci. Dostarczenie sk\u00f3rze kolagenu hamuje procesy starzenia i przywraca jej m\u0142ody wygl\u0105d.<\/li>\n<li><b>Gliceryna ro\u015blinna<\/b> \u2013 dzia\u0142a silnie nawil\u017caj\u0105co, \u0142agodzi podra\u017cnienia, poprawia elastyczno\u015b\u0107 i reguluje procesy prawid\u0142owej odnowy nask\u00f3rka.<\/li>\n<\/ul>\n<h3>INCI:<\/h3>\n<p>Aqua, Butylene Glycol, Glycerin, Babassu Oil Glycereth-8 Esters, Acrylates Copolymer, Benzyl Glycol, Undaria Pinnatifida Extract, Soluble Collagen, Hyaluronic Acid, Propylene Glycol, Corallina Officinalis Extrac, Sodium Hyaluronate, Phenoxyethanol, Acetyl Tetrapeptide-5, Triethanolamine, Ethylhexylglycerin, Parfum, Calcium Alginate, Gellan Gum, Agar, Raspberry Ketone, 1,2-Hexanediol, CI 77019, CI 77861, CI 77981, CI 77491<\/p>\n","protected":false},"excerpt":{"rendered":"<p>Luksusowy kosmetyk przeznaczony do intensywnej piel\u0119gnacji delikatnych okolic oczu, kt\u00f3ry dzi\u0119ki zawarto\u015bci z\u0142otych mikropere\u0142ek natychmiastowo roz\u015bwietla sk\u00f3r\u0119 i dodaje spojrzeniu blasku. Regularnie stosowany efektywnie rewitalizuje sk\u00f3r\u0119 z oznakami starzenia i przywraca jej m\u0142ody, \u015bwie\u017cy wygl\u0105d. Dzia\u0142a naprawczo na struktur\u0119 sk\u00f3ry, skutecznie sp\u0142yca zmarszczki i tzw. kurze \u0142apki w okolicach oczu oraz zapobiega powstawaniu nowych, redukuje linie, cienie, obrz\u0119ki i worki pod oczami.<\/p>\n<p><em>30 ml<\/em><\/p>\n<p> <a class=\"more-link\" href=\"https:\/\/hyase.pl\/sklep\/produkt\/nigelle-serum-pod-oczy-2\/\">Dowiedz si\u0119 wi\u0119cej<\/a><\/p>","protected":false},"featured_media":11887,"comment_status":"open","ping_status":"closed","template":"","meta":[],"product_brand":[],"product_cat":[56],"product_tag":[91,83,98,92,94,99],"class_list":{"0":"post-11778","1":"product","2":"type-product","3":"status-publish","4":"has-post-thumbnail","6":"product_cat-skora-wokol-oczu","7":"product_tag-anti-aging","8":"product_tag-nawilzanie","9":"product_tag-odzywianie","10":"product_tag-redukcja-cieni","11":"product_tag-nigelle","12":"product_tag-wygladzanie","14":"first","15":"instock","16":"taxable","17":"shipping-taxable","18":"purchasable","19":"product-type-simple"},"yoast_head":"<!-- This site is optimized with the Yoast SEO plugin v27.4 - https:\/\/yoast.com\/product\/yoast-seo-wordpress\/ -->\n<title>Nigelle Serum pod oczy - Hyas&eacute;<\/title>\n<meta name=\"description\" content=\"Intensywnie piel\u0119gnuje sk\u00f3r\u0119 wok\u00f3\u0142 oczu, natychmiastowo roz\u015bwietla i rewitalizuje sk\u00f3r\u0119. Sp\u0142yca zmarszczki, redukuje linie, cienie, obrz\u0119ki i worki pod oczami.\" \/>\n<meta name=\"robots\" content=\"index, follow, max-snippet:-1, max-image-preview:large, max-video-preview:-1\" \/>\n<link rel=\"canonical\" href=\"https:\/\/hyase.pl\/sklep\/produkt\/nigelle-serum-pod-oczy-2\/\" \/>\n<meta property=\"og:locale\" content=\"pl_PL\" \/>\n<meta property=\"og:type\" content=\"article\" \/>\n<meta property=\"og:title\" content=\"Nigelle Serum pod oczy - Hyas&eacute;\" \/>\n<meta property=\"og:description\" content=\"Intensywnie piel\u0119gnuje sk\u00f3r\u0119 wok\u00f3\u0142 oczu, natychmiastowo roz\u015bwietla i rewitalizuje sk\u00f3r\u0119. Sp\u0142yca zmarszczki, redukuje linie, cienie, obrz\u0119ki i worki pod oczami.\" \/>\n<meta property=\"og:url\" content=\"https:\/\/hyase.pl\/sklep\/produkt\/nigelle-serum-pod-oczy-2\/\" \/>\n<meta property=\"og:site_name\" content=\"Hyas&eacute;\" \/>\n<meta property=\"article:publisher\" content=\"https:\/\/www.facebook.com\/hyasepl\/\" \/>\n<meta property=\"article:modified_time\" content=\"2024-09-18T15:38:35+00:00\" \/>\n<meta property=\"og:image\" content=\"https:\/\/hyase.pl\/sklep\/wp-content\/uploads\/2021\/08\/serumoczy-2.jpg\" \/>\n\t<meta property=\"og:image:width\" content=\"2000\" \/>\n\t<meta property=\"og:image:height\" content=\"2000\" \/>\n\t<meta property=\"og:image:type\" content=\"image\/jpeg\" \/>\n<meta name=\"twitter:card\" content=\"summary_large_image\" \/>\n<meta name=\"twitter:label1\" content=\"Szacowany czas czytania\" \/>\n\t<meta name=\"twitter:data1\" content=\"3 minuty\" \/>\n<script type=\"application\/ld+json\" class=\"yoast-schema-graph\">{\"@context\":\"https:\\\/\\\/schema.org\",\"@graph\":[{\"@type\":\"WebPage\",\"@id\":\"https:\\\/\\\/hyase.pl\\\/sklep\\\/produkt\\\/nigelle-serum-pod-oczy-2\\\/\",\"url\":\"https:\\\/\\\/hyase.pl\\\/sklep\\\/produkt\\\/nigelle-serum-pod-oczy-2\\\/\",\"name\":\"Nigelle Serum pod oczy - Hyas&eacute;\",\"isPartOf\":{\"@id\":\"https:\\\/\\\/hyase.pl\\\/sklep\\\/#website\"},\"primaryImageOfPage\":{\"@id\":\"https:\\\/\\\/hyase.pl\\\/sklep\\\/produkt\\\/nigelle-serum-pod-oczy-2\\\/#primaryimage\"},\"image\":{\"@id\":\"https:\\\/\\\/hyase.pl\\\/sklep\\\/produkt\\\/nigelle-serum-pod-oczy-2\\\/#primaryimage\"},\"thumbnailUrl\":\"https:\\\/\\\/hyase.pl\\\/sklep\\\/wp-content\\\/uploads\\\/2021\\\/08\\\/serumoczy-2.jpg\",\"datePublished\":\"2021-08-25T22:59:02+00:00\",\"dateModified\":\"2024-09-18T15:38:35+00:00\",\"description\":\"Intensywnie piel\u0119gnuje sk\u00f3r\u0119 wok\u00f3\u0142 oczu, natychmiastowo roz\u015bwietla i rewitalizuje sk\u00f3r\u0119. Sp\u0142yca zmarszczki, redukuje linie, cienie, obrz\u0119ki i worki pod oczami.\",\"breadcrumb\":{\"@id\":\"https:\\\/\\\/hyase.pl\\\/sklep\\\/produkt\\\/nigelle-serum-pod-oczy-2\\\/#breadcrumb\"},\"inLanguage\":\"pl-PL\",\"potentialAction\":[{\"@type\":\"ReadAction\",\"target\":[\"https:\\\/\\\/hyase.pl\\\/sklep\\\/produkt\\\/nigelle-serum-pod-oczy-2\\\/\"]}]},{\"@type\":\"ImageObject\",\"inLanguage\":\"pl-PL\",\"@id\":\"https:\\\/\\\/hyase.pl\\\/sklep\\\/produkt\\\/nigelle-serum-pod-oczy-2\\\/#primaryimage\",\"url\":\"https:\\\/\\\/hyase.pl\\\/sklep\\\/wp-content\\\/uploads\\\/2021\\\/08\\\/serumoczy-2.jpg\",\"contentUrl\":\"https:\\\/\\\/hyase.pl\\\/sklep\\\/wp-content\\\/uploads\\\/2021\\\/08\\\/serumoczy-2.jpg\",\"width\":2000,\"height\":2000,\"caption\":\"Hyase\u0301 Nigelle Serum pod oczy\"},{\"@type\":\"BreadcrumbList\",\"@id\":\"https:\\\/\\\/hyase.pl\\\/sklep\\\/produkt\\\/nigelle-serum-pod-oczy-2\\\/#breadcrumb\",\"itemListElement\":[{\"@type\":\"ListItem\",\"position\":1,\"name\":\"Strona g\u0142\u00f3wna\",\"item\":\"https:\\\/\\\/hyase.pl\\\/sklep\\\/\"},{\"@type\":\"ListItem\",\"position\":2,\"name\":\"Zakupy\",\"item\":\"https:\\\/\\\/hyase.pl\\\/sklep\\\/zakupy\\\/\"},{\"@type\":\"ListItem\",\"position\":3,\"name\":\"Nigelle Serum pod oczy\"}]},{\"@type\":\"WebSite\",\"@id\":\"https:\\\/\\\/hyase.pl\\\/sklep\\\/#website\",\"url\":\"https:\\\/\\\/hyase.pl\\\/sklep\\\/\",\"name\":\"Hyas&eacute;\",\"description\":\"Odkryj naturalne pi\u0119kno swojej sk&oacute;ry\",\"publisher\":{\"@id\":\"https:\\\/\\\/hyase.pl\\\/sklep\\\/#organization\"},\"potentialAction\":[{\"@type\":\"SearchAction\",\"target\":{\"@type\":\"EntryPoint\",\"urlTemplate\":\"https:\\\/\\\/hyase.pl\\\/sklep\\\/?s={search_term_string}\"},\"query-input\":{\"@type\":\"PropertyValueSpecification\",\"valueRequired\":true,\"valueName\":\"search_term_string\"}}],\"inLanguage\":\"pl-PL\"},{\"@type\":\"Organization\",\"@id\":\"https:\\\/\\\/hyase.pl\\\/sklep\\\/#organization\",\"name\":\"Hyas\u00e9\",\"url\":\"https:\\\/\\\/hyase.pl\\\/sklep\\\/\",\"logo\":{\"@type\":\"ImageObject\",\"inLanguage\":\"pl-PL\",\"@id\":\"https:\\\/\\\/hyase.pl\\\/sklep\\\/#\\\/schema\\\/logo\\\/image\\\/\",\"url\":\"https:\\\/\\\/hyase.pl\\\/sklep\\\/wp-content\\\/uploads\\\/2021\\\/11\\\/cropped-hyase_shop.png\",\"contentUrl\":\"https:\\\/\\\/hyase.pl\\\/sklep\\\/wp-content\\\/uploads\\\/2021\\\/11\\\/cropped-hyase_shop.png\",\"width\":400,\"height\":208,\"caption\":\"Hyas\u00e9\"},\"image\":{\"@id\":\"https:\\\/\\\/hyase.pl\\\/sklep\\\/#\\\/schema\\\/logo\\\/image\\\/\"},\"sameAs\":[\"https:\\\/\\\/www.facebook.com\\\/hyasepl\\\/\",\"https:\\\/\\\/www.instagram.com\\\/kosmetykihyase\\\/\"]}]}<\/script>\n<!-- \/ Yoast SEO plugin. -->","yoast_head_json":{"title":"Nigelle Serum pod oczy - Hyas&eacute;","description":"Intensywnie piel\u0119gnuje sk\u00f3r\u0119 wok\u00f3\u0142 oczu, natychmiastowo roz\u015bwietla i rewitalizuje sk\u00f3r\u0119. Sp\u0142yca zmarszczki, redukuje linie, cienie, obrz\u0119ki i worki pod oczami.","robots":{"index":"index","follow":"follow","max-snippet":"max-snippet:-1","max-image-preview":"max-image-preview:large","max-video-preview":"max-video-preview:-1"},"canonical":"https:\/\/hyase.pl\/sklep\/produkt\/nigelle-serum-pod-oczy-2\/","og_locale":"pl_PL","og_type":"article","og_title":"Nigelle Serum pod oczy - Hyas&eacute;","og_description":"Intensywnie piel\u0119gnuje sk\u00f3r\u0119 wok\u00f3\u0142 oczu, natychmiastowo roz\u015bwietla i rewitalizuje sk\u00f3r\u0119. Sp\u0142yca zmarszczki, redukuje linie, cienie, obrz\u0119ki i worki pod oczami.","og_url":"https:\/\/hyase.pl\/sklep\/produkt\/nigelle-serum-pod-oczy-2\/","og_site_name":"Hyas&eacute;","article_publisher":"https:\/\/www.facebook.com\/hyasepl\/","article_modified_time":"2024-09-18T15:38:35+00:00","og_image":[{"width":2000,"height":2000,"url":"https:\/\/hyase.pl\/sklep\/wp-content\/uploads\/2021\/08\/serumoczy-2.jpg","type":"image\/jpeg"}],"twitter_card":"summary_large_image","twitter_misc":{"Szacowany czas czytania":"3 minuty"},"schema":{"@context":"https:\/\/schema.org","@graph":[{"@type":"WebPage","@id":"https:\/\/hyase.pl\/sklep\/produkt\/nigelle-serum-pod-oczy-2\/","url":"https:\/\/hyase.pl\/sklep\/produkt\/nigelle-serum-pod-oczy-2\/","name":"Nigelle Serum pod oczy - Hyas&eacute;","isPartOf":{"@id":"https:\/\/hyase.pl\/sklep\/#website"},"primaryImageOfPage":{"@id":"https:\/\/hyase.pl\/sklep\/produkt\/nigelle-serum-pod-oczy-2\/#primaryimage"},"image":{"@id":"https:\/\/hyase.pl\/sklep\/produkt\/nigelle-serum-pod-oczy-2\/#primaryimage"},"thumbnailUrl":"https:\/\/hyase.pl\/sklep\/wp-content\/uploads\/2021\/08\/serumoczy-2.jpg","datePublished":"2021-08-25T22:59:02+00:00","dateModified":"2024-09-18T15:38:35+00:00","description":"Intensywnie piel\u0119gnuje sk\u00f3r\u0119 wok\u00f3\u0142 oczu, natychmiastowo roz\u015bwietla i rewitalizuje sk\u00f3r\u0119. Sp\u0142yca zmarszczki, redukuje linie, cienie, obrz\u0119ki i worki pod oczami.","breadcrumb":{"@id":"https:\/\/hyase.pl\/sklep\/produkt\/nigelle-serum-pod-oczy-2\/#breadcrumb"},"inLanguage":"pl-PL","potentialAction":[{"@type":"ReadAction","target":["https:\/\/hyase.pl\/sklep\/produkt\/nigelle-serum-pod-oczy-2\/"]}]},{"@type":"ImageObject","inLanguage":"pl-PL","@id":"https:\/\/hyase.pl\/sklep\/produkt\/nigelle-serum-pod-oczy-2\/#primaryimage","url":"https:\/\/hyase.pl\/sklep\/wp-content\/uploads\/2021\/08\/serumoczy-2.jpg","contentUrl":"https:\/\/hyase.pl\/sklep\/wp-content\/uploads\/2021\/08\/serumoczy-2.jpg","width":2000,"height":2000,"caption":"Hyase\u0301 Nigelle Serum pod oczy"},{"@type":"BreadcrumbList","@id":"https:\/\/hyase.pl\/sklep\/produkt\/nigelle-serum-pod-oczy-2\/#breadcrumb","itemListElement":[{"@type":"ListItem","position":1,"name":"Strona g\u0142\u00f3wna","item":"https:\/\/hyase.pl\/sklep\/"},{"@type":"ListItem","position":2,"name":"Zakupy","item":"https:\/\/hyase.pl\/sklep\/zakupy\/"},{"@type":"ListItem","position":3,"name":"Nigelle Serum pod oczy"}]},{"@type":"WebSite","@id":"https:\/\/hyase.pl\/sklep\/#website","url":"https:\/\/hyase.pl\/sklep\/","name":"Hyas&eacute;","description":"Odkryj naturalne pi\u0119kno swojej sk&oacute;ry","publisher":{"@id":"https:\/\/hyase.pl\/sklep\/#organization"},"potentialAction":[{"@type":"SearchAction","target":{"@type":"EntryPoint","urlTemplate":"https:\/\/hyase.pl\/sklep\/?s={search_term_string}"},"query-input":{"@type":"PropertyValueSpecification","valueRequired":true,"valueName":"search_term_string"}}],"inLanguage":"pl-PL"},{"@type":"Organization","@id":"https:\/\/hyase.pl\/sklep\/#organization","name":"Hyas\u00e9","url":"https:\/\/hyase.pl\/sklep\/","logo":{"@type":"ImageObject","inLanguage":"pl-PL","@id":"https:\/\/hyase.pl\/sklep\/#\/schema\/logo\/image\/","url":"https:\/\/hyase.pl\/sklep\/wp-content\/uploads\/2021\/11\/cropped-hyase_shop.png","contentUrl":"https:\/\/hyase.pl\/sklep\/wp-content\/uploads\/2021\/11\/cropped-hyase_shop.png","width":400,"height":208,"caption":"Hyas\u00e9"},"image":{"@id":"https:\/\/hyase.pl\/sklep\/#\/schema\/logo\/image\/"},"sameAs":["https:\/\/www.facebook.com\/hyasepl\/","https:\/\/www.instagram.com\/kosmetykihyase\/"]}]}},"_links":{"self":[{"href":"https:\/\/hyase.pl\/sklep\/wp-json\/wp\/v2\/product\/11778","targetHints":{"allow":["GET"]}}],"collection":[{"href":"https:\/\/hyase.pl\/sklep\/wp-json\/wp\/v2\/product"}],"about":[{"href":"https:\/\/hyase.pl\/sklep\/wp-json\/wp\/v2\/types\/product"}],"replies":[{"embeddable":true,"href":"https:\/\/hyase.pl\/sklep\/wp-json\/wp\/v2\/comments?post=11778"}],"wp:featuredmedia":[{"embeddable":true,"href":"https:\/\/hyase.pl\/sklep\/wp-json\/wp\/v2\/media\/11887"}],"wp:attachment":[{"href":"https:\/\/hyase.pl\/sklep\/wp-json\/wp\/v2\/media?parent=11778"}],"wp:term":[{"taxonomy":"product_brand","embeddable":true,"href":"https:\/\/hyase.pl\/sklep\/wp-json\/wp\/v2\/product_brand?post=11778"},{"taxonomy":"product_cat","embeddable":true,"href":"https:\/\/hyase.pl\/sklep\/wp-json\/wp\/v2\/product_cat?post=11778"},{"taxonomy":"product_tag","embeddable":true,"href":"https:\/\/hyase.pl\/sklep\/wp-json\/wp\/v2\/product_tag?post=11778"}],"curies":[{"name":"wp","href":"https:\/\/api.w.org\/{rel}","templated":true}]}}