{"id":11779,"date":"2021-08-25T22:59:02","date_gmt":"2021-08-25T22:59:02","guid":{"rendered":"https:\/\/hyase.pl\/sklep\/?post_type=product&#038;p=11779"},"modified":"2025-12-09T16:57:36","modified_gmt":"2025-12-09T16:57:36","slug":"nigelle-eliksir-pod-oczy-2","status":"publish","type":"product","link":"https:\/\/hyase.pl\/sklep\/produkt\/nigelle-eliksir-pod-oczy-2\/","title":{"rendered":"Nigelle Eliksir pod oczy"},"content":{"rendered":"<h1>Nigelle Eliksir pod oczy<\/h1>\n<p>Bogaty koncentrat, przeznaczony do kompleksowej piel\u0119gnacji wymagaj\u0105cej sk\u00f3ry wok\u00f3\u0142 oczu. Unikalna kompozycja sk\u0142adnik\u00f3w aktywnych sprawia, \u017ce jest on wyj\u0105tkowo skuteczny w walce z oznakami up\u0142ywu czasu, zachowuj\u0105c jednocze\u015bnie niezwyk\u0142\u0105 delikatno\u015b\u0107 w piel\u0119gnacji sk\u00f3ry nawet najbardziej wra\u017cliwej. Natychmiastowym efektem u\u017cycia eliksiru jest wyra\u017ane rozja\u015bnienie cieni i redukcja obrz\u0119k\u00f3w pod oczami, a regularnie stosowany sp\u0142yca zmarszczki i znacz\u0105co odm\u0142adza sk\u00f3r\u0119. Intensywnie regeneruje, nawil\u017ca i uelastycznia delikatn\u0105 sk\u00f3r\u0119 wok\u00f3\u0142 oczu, minimalizuje linie i opuchni\u0119cia g\u00f3rnej i dolnej powieki, optycznie powi\u0119ksza oko, rozja\u015bnia sk\u00f3r\u0119 konturu oka i chroni przed promieniowaniem UV i zanieczyszczeniami. Przygotowuje sk\u00f3r\u0119 do aplikacji makija\u017cu oka, przed\u0142u\u017ca jego trwa\u0142o\u015b\u0107 i \u015bwie\u017co\u015b\u0107.<\/p>\n<p>Eliksir pod oczy przeznaczony jest do piel\u0119gnacji sk\u00f3ry:<\/p>\n<ul>\n<li>Dojrza\u0142ej, zm\u0119czonej, z widocznymi oznakami starzenia (zmarszczki, cienie, worki i obrz\u0119ki).<\/li>\n<li>Przesuszonej, matowej i pozbawionej blasku.<\/li>\n<li>Wra\u017cliwej.<\/li>\n<\/ul>\n<p>Codziennie rano i wieczorem delikatnie aplikowa\u0107 na oczyszczon\u0105 sk\u00f3r\u0119 wok\u00f3\u0142 oczu. Idealnie nadaje si\u0119 pod makija\u017c. Dla wzmocnienia efektu stosowa\u0107 tak\u017ce <a class=\"gold-link\" href=\"https:\/\/hyase.pl\/sklep\/produkt\/nigelle-serum-pod-oczy-2\/\"><b>SERUM POD OCZY<\/b><\/a>.<\/p>\n<p><em>30 ml<\/em><\/p>\n<h3>Sk\u0142adniki aktywne:<\/h3>\n<ul>\n<li><b>Eyeseryl\u00ae<\/b> \u2013 innowacyjny tetrapeptyd bioaktywny, kt\u00f3ry stymuluje biosyntez\u0119 w\u0142\u00f3kien kolagenowych i wykazuje w\u0142a\u015bciwo\u015bci przeciwobrz\u0119kowe. Redukuje i zapobiega powstawaniu zmarszczek, cieni i opuchni\u0119\u0107 wok\u00f3\u0142 oczu. Uelastycznia i nawil\u017ca sk\u00f3r\u0119.<\/li>\n<li><b>PHYCO\u2019DERM\u00ae<\/b> \u2013 skoncentrowany ekstrakt z alg, efektywnie redukuj\u0105cy cienie i obrz\u0119ki pod oczami. Chroni przed szkodliwym dzia\u0142aniem wolnych rodnik\u00f3w oraz zapobiega starzeniu i fotostarzeniu si\u0119 sk\u00f3ry w okolicach oczu. \u0141agodzi podra\u017cnienia, wyg\u0142adza i rozja\u015bnia.<\/li>\n<li><b>Olej z czarnuszki<\/b> \u2013 nazywany \u201ez\u0142otem faraon\u00f3w\u201d, jest silnym antyoksydantem: neutralizuje wolne rodniki i op\u00f3\u017ania procesy starzenia si\u0119 sk\u00f3ry. W widoczny spos\u00f3b sp\u0142yca zmarszczki, regeneruje i uelastycznia sk\u00f3r\u0119.<\/li>\n<li><b>Oligogeline SPE\u2122<\/b> \u2013 niezwykle bogaty w wapno, cynk i magnez ekstrakt z alg, ukierunkowany na regeneracj\u0119 i od\u017cywianie sk\u00f3ry. Ogranicza przeznask\u00f3rkow\u0105 utrat\u0119 wody (TEWL). Tworzy na sk\u00f3rze naturalny film, kt\u00f3ry zapobiega jej wysuszeniu i spowalnia uwalnianie sk\u0142adnik\u00f3w aktywnych kremu, co korzystnie wp\u0142ywa na uzyskanie d\u0142ugotrwa\u0142ego nawil\u017cenia i od\u017cywienia.<\/li>\n<li><b>Krzemionka<\/b> \u2013 reguluje wydzielanie sebum, wykazuje w\u0142a\u015bciwo\u015bci matuj\u0105ce i rozja\u015bniaj\u0105ce. Uj\u0119drnia sk\u00f3r\u0119, napina, stymuluje biosyntez\u0119 kolagenu. Wyg\u0142adza nier\u00f3wno\u015bci i drobne niedoskona\u0142o\u015bci sk\u00f3ry.<\/li>\n<li><b>Ceramidy<\/b> \u2013 lipidy naturalnie wyst\u0119puj\u0105ce w warstwie rogowej nask\u00f3rka, kt\u00f3rych zawarto\u015b\u0107 z wiekiem si\u0119 zmniejsza. Dzia\u0142aj\u0105 przeciwzmarszczkowo, uj\u0119drniaj\u0105, zapewniaj\u0105 nawil\u017cenie i wyg\u0142adzenie sk\u00f3ry, chroni\u0105 przed utrat\u0105 wody.<\/li>\n<li><b>Titanium Dioxide<\/b> \u2013 natychmiastowo rozja\u015bnia cienie i przebarwienia.<\/li>\n<\/ul>\n<h3>INCI:<\/h3>\n<p>Aqua, Glycerin, Isopropyl Isostearate, Silica, Glyceryl Stearate Citrate, Hydrogenated Vegetable Oil, Sucrose Stearate, Benzyl Glycol, Cetearyl Alcohol, Nigella Sativa Seed Oil, Cetyl Alcohol, Chondrus Crispus Extract, Undaria Pinnatifida Extract, Corallina Officinalis Extract, Lithothamnion Calcareum Extract, Ceramide 3, Ceramide 6II, Ceramide 1, Phytosphingosine, Cholesterol, Sodium Lauroyl Lactylate, Xanthan Gum, Butylene Glycol, Acetyl Tetrapeptide-5, Ethylhexylglycerin, Raspberry Ketone, Natto Gum, Phenoxyethanol, Carbomer, Sodium Benzoate, Potassium Sorbate, Sodium Anisate, Parfum, Lactic Acid, Chlorphenesin, Titanium Dioxide<\/p>\n","protected":false},"excerpt":{"rendered":"<p>Bogaty koncentrat, przeznaczony do kompleksowej piel\u0119gnacji wymagaj\u0105cej sk\u00f3ry wok\u00f3\u0142 oczu. Wyra\u017anie rozja\u015bnia cienie i redukuje obrz\u0119ki pod oczami, intensywnie regeneruje i nawil\u017ca, a regularnie stosowany sp\u0142yca zmarszczki i znacz\u0105co odm\u0142adza sk\u00f3r\u0119.<\/p>\n<p><em>30 ml<\/em><\/p>\n<p> <a class=\"more-link\" href=\"https:\/\/hyase.pl\/sklep\/produkt\/nigelle-eliksir-pod-oczy-2\/\">Dowiedz si\u0119 wi\u0119cej<\/a><\/p>","protected":false},"featured_media":11888,"comment_status":"open","ping_status":"closed","template":"","meta":[],"product_brand":[],"product_cat":[56],"product_tag":[91,83,98,92,94,99],"class_list":{"0":"post-11779","1":"product","2":"type-product","3":"status-publish","4":"has-post-thumbnail","6":"product_cat-skora-wokol-oczu","7":"product_tag-anti-aging","8":"product_tag-nawilzanie","9":"product_tag-odzywianie","10":"product_tag-redukcja-cieni","11":"product_tag-nigelle","12":"product_tag-wygladzanie","14":"first","15":"instock","16":"taxable","17":"shipping-taxable","18":"purchasable","19":"product-type-simple"},"yoast_head":"<!-- This site is optimized with the Yoast SEO plugin v27.4 - https:\/\/yoast.com\/product\/yoast-seo-wordpress\/ -->\n<title>Nigelle Eliksir pod oczy - Hyas&eacute;<\/title>\n<meta name=\"description\" content=\"Kompleksowo piel\u0119gnuje sk\u00f3r\u0119 wok\u00f3\u0142 oczu. Wyra\u017anie rozja\u015bnia cienie i redukuje obrz\u0119ki pod oczami, intensywnie regeneruje i nawil\u017ca, sp\u0142yca zmarszczki i odm\u0142adza sk\u00f3r\u0119.\" \/>\n<meta name=\"robots\" content=\"index, follow, max-snippet:-1, max-image-preview:large, max-video-preview:-1\" \/>\n<link rel=\"canonical\" href=\"https:\/\/hyase.pl\/sklep\/produkt\/nigelle-eliksir-pod-oczy-2\/\" \/>\n<meta property=\"og:locale\" content=\"pl_PL\" \/>\n<meta property=\"og:type\" content=\"article\" \/>\n<meta property=\"og:title\" content=\"Nigelle Eliksir pod oczy - Hyas&eacute;\" \/>\n<meta property=\"og:description\" content=\"Kompleksowo piel\u0119gnuje sk\u00f3r\u0119 wok\u00f3\u0142 oczu. Wyra\u017anie rozja\u015bnia cienie i redukuje obrz\u0119ki pod oczami, intensywnie regeneruje i nawil\u017ca, sp\u0142yca zmarszczki i odm\u0142adza sk\u00f3r\u0119.\" \/>\n<meta property=\"og:url\" content=\"https:\/\/hyase.pl\/sklep\/produkt\/nigelle-eliksir-pod-oczy-2\/\" \/>\n<meta property=\"og:site_name\" content=\"Hyas&eacute;\" \/>\n<meta property=\"article:publisher\" content=\"https:\/\/www.facebook.com\/hyasepl\/\" \/>\n<meta property=\"article:modified_time\" content=\"2025-12-09T16:57:36+00:00\" \/>\n<meta property=\"og:image\" content=\"https:\/\/hyase.pl\/sklep\/wp-content\/uploads\/2021\/08\/eliksir-2.jpg\" \/>\n\t<meta property=\"og:image:width\" content=\"2000\" \/>\n\t<meta property=\"og:image:height\" content=\"2000\" \/>\n\t<meta property=\"og:image:type\" content=\"image\/jpeg\" \/>\n<meta name=\"twitter:card\" content=\"summary_large_image\" \/>\n<meta name=\"twitter:label1\" content=\"Szacowany czas czytania\" \/>\n\t<meta name=\"twitter:data1\" content=\"3 minuty\" \/>\n<script type=\"application\/ld+json\" class=\"yoast-schema-graph\">{\"@context\":\"https:\\\/\\\/schema.org\",\"@graph\":[{\"@type\":\"WebPage\",\"@id\":\"https:\\\/\\\/hyase.pl\\\/sklep\\\/produkt\\\/nigelle-eliksir-pod-oczy-2\\\/\",\"url\":\"https:\\\/\\\/hyase.pl\\\/sklep\\\/produkt\\\/nigelle-eliksir-pod-oczy-2\\\/\",\"name\":\"Nigelle Eliksir pod oczy - Hyas&eacute;\",\"isPartOf\":{\"@id\":\"https:\\\/\\\/hyase.pl\\\/sklep\\\/#website\"},\"primaryImageOfPage\":{\"@id\":\"https:\\\/\\\/hyase.pl\\\/sklep\\\/produkt\\\/nigelle-eliksir-pod-oczy-2\\\/#primaryimage\"},\"image\":{\"@id\":\"https:\\\/\\\/hyase.pl\\\/sklep\\\/produkt\\\/nigelle-eliksir-pod-oczy-2\\\/#primaryimage\"},\"thumbnailUrl\":\"https:\\\/\\\/hyase.pl\\\/sklep\\\/wp-content\\\/uploads\\\/2021\\\/08\\\/eliksir-2.jpg\",\"datePublished\":\"2021-08-25T22:59:02+00:00\",\"dateModified\":\"2025-12-09T16:57:36+00:00\",\"description\":\"Kompleksowo piel\u0119gnuje sk\u00f3r\u0119 wok\u00f3\u0142 oczu. Wyra\u017anie rozja\u015bnia cienie i redukuje obrz\u0119ki pod oczami, intensywnie regeneruje i nawil\u017ca, sp\u0142yca zmarszczki i odm\u0142adza sk\u00f3r\u0119.\",\"breadcrumb\":{\"@id\":\"https:\\\/\\\/hyase.pl\\\/sklep\\\/produkt\\\/nigelle-eliksir-pod-oczy-2\\\/#breadcrumb\"},\"inLanguage\":\"pl-PL\",\"potentialAction\":[{\"@type\":\"ReadAction\",\"target\":[\"https:\\\/\\\/hyase.pl\\\/sklep\\\/produkt\\\/nigelle-eliksir-pod-oczy-2\\\/\"]}]},{\"@type\":\"ImageObject\",\"inLanguage\":\"pl-PL\",\"@id\":\"https:\\\/\\\/hyase.pl\\\/sklep\\\/produkt\\\/nigelle-eliksir-pod-oczy-2\\\/#primaryimage\",\"url\":\"https:\\\/\\\/hyase.pl\\\/sklep\\\/wp-content\\\/uploads\\\/2021\\\/08\\\/eliksir-2.jpg\",\"contentUrl\":\"https:\\\/\\\/hyase.pl\\\/sklep\\\/wp-content\\\/uploads\\\/2021\\\/08\\\/eliksir-2.jpg\",\"width\":2000,\"height\":2000,\"caption\":\"Hyase\u0301 Nigelle Eliksir pod oczy\"},{\"@type\":\"BreadcrumbList\",\"@id\":\"https:\\\/\\\/hyase.pl\\\/sklep\\\/produkt\\\/nigelle-eliksir-pod-oczy-2\\\/#breadcrumb\",\"itemListElement\":[{\"@type\":\"ListItem\",\"position\":1,\"name\":\"Strona g\u0142\u00f3wna\",\"item\":\"https:\\\/\\\/hyase.pl\\\/sklep\\\/\"},{\"@type\":\"ListItem\",\"position\":2,\"name\":\"Zakupy\",\"item\":\"https:\\\/\\\/hyase.pl\\\/sklep\\\/zakupy\\\/\"},{\"@type\":\"ListItem\",\"position\":3,\"name\":\"Nigelle Eliksir pod oczy\"}]},{\"@type\":\"WebSite\",\"@id\":\"https:\\\/\\\/hyase.pl\\\/sklep\\\/#website\",\"url\":\"https:\\\/\\\/hyase.pl\\\/sklep\\\/\",\"name\":\"Hyas&eacute;\",\"description\":\"Odkryj naturalne pi\u0119kno swojej sk&oacute;ry\",\"publisher\":{\"@id\":\"https:\\\/\\\/hyase.pl\\\/sklep\\\/#organization\"},\"potentialAction\":[{\"@type\":\"SearchAction\",\"target\":{\"@type\":\"EntryPoint\",\"urlTemplate\":\"https:\\\/\\\/hyase.pl\\\/sklep\\\/?s={search_term_string}\"},\"query-input\":{\"@type\":\"PropertyValueSpecification\",\"valueRequired\":true,\"valueName\":\"search_term_string\"}}],\"inLanguage\":\"pl-PL\"},{\"@type\":\"Organization\",\"@id\":\"https:\\\/\\\/hyase.pl\\\/sklep\\\/#organization\",\"name\":\"Hyas\u00e9\",\"url\":\"https:\\\/\\\/hyase.pl\\\/sklep\\\/\",\"logo\":{\"@type\":\"ImageObject\",\"inLanguage\":\"pl-PL\",\"@id\":\"https:\\\/\\\/hyase.pl\\\/sklep\\\/#\\\/schema\\\/logo\\\/image\\\/\",\"url\":\"https:\\\/\\\/hyase.pl\\\/sklep\\\/wp-content\\\/uploads\\\/2021\\\/11\\\/cropped-hyase_shop.png\",\"contentUrl\":\"https:\\\/\\\/hyase.pl\\\/sklep\\\/wp-content\\\/uploads\\\/2021\\\/11\\\/cropped-hyase_shop.png\",\"width\":400,\"height\":208,\"caption\":\"Hyas\u00e9\"},\"image\":{\"@id\":\"https:\\\/\\\/hyase.pl\\\/sklep\\\/#\\\/schema\\\/logo\\\/image\\\/\"},\"sameAs\":[\"https:\\\/\\\/www.facebook.com\\\/hyasepl\\\/\",\"https:\\\/\\\/www.instagram.com\\\/kosmetykihyase\\\/\"]}]}<\/script>\n<!-- \/ Yoast SEO plugin. -->","yoast_head_json":{"title":"Nigelle Eliksir pod oczy - Hyas&eacute;","description":"Kompleksowo piel\u0119gnuje sk\u00f3r\u0119 wok\u00f3\u0142 oczu. Wyra\u017anie rozja\u015bnia cienie i redukuje obrz\u0119ki pod oczami, intensywnie regeneruje i nawil\u017ca, sp\u0142yca zmarszczki i odm\u0142adza sk\u00f3r\u0119.","robots":{"index":"index","follow":"follow","max-snippet":"max-snippet:-1","max-image-preview":"max-image-preview:large","max-video-preview":"max-video-preview:-1"},"canonical":"https:\/\/hyase.pl\/sklep\/produkt\/nigelle-eliksir-pod-oczy-2\/","og_locale":"pl_PL","og_type":"article","og_title":"Nigelle Eliksir pod oczy - Hyas&eacute;","og_description":"Kompleksowo piel\u0119gnuje sk\u00f3r\u0119 wok\u00f3\u0142 oczu. Wyra\u017anie rozja\u015bnia cienie i redukuje obrz\u0119ki pod oczami, intensywnie regeneruje i nawil\u017ca, sp\u0142yca zmarszczki i odm\u0142adza sk\u00f3r\u0119.","og_url":"https:\/\/hyase.pl\/sklep\/produkt\/nigelle-eliksir-pod-oczy-2\/","og_site_name":"Hyas&eacute;","article_publisher":"https:\/\/www.facebook.com\/hyasepl\/","article_modified_time":"2025-12-09T16:57:36+00:00","og_image":[{"width":2000,"height":2000,"url":"https:\/\/hyase.pl\/sklep\/wp-content\/uploads\/2021\/08\/eliksir-2.jpg","type":"image\/jpeg"}],"twitter_card":"summary_large_image","twitter_misc":{"Szacowany czas czytania":"3 minuty"},"schema":{"@context":"https:\/\/schema.org","@graph":[{"@type":"WebPage","@id":"https:\/\/hyase.pl\/sklep\/produkt\/nigelle-eliksir-pod-oczy-2\/","url":"https:\/\/hyase.pl\/sklep\/produkt\/nigelle-eliksir-pod-oczy-2\/","name":"Nigelle Eliksir pod oczy - Hyas&eacute;","isPartOf":{"@id":"https:\/\/hyase.pl\/sklep\/#website"},"primaryImageOfPage":{"@id":"https:\/\/hyase.pl\/sklep\/produkt\/nigelle-eliksir-pod-oczy-2\/#primaryimage"},"image":{"@id":"https:\/\/hyase.pl\/sklep\/produkt\/nigelle-eliksir-pod-oczy-2\/#primaryimage"},"thumbnailUrl":"https:\/\/hyase.pl\/sklep\/wp-content\/uploads\/2021\/08\/eliksir-2.jpg","datePublished":"2021-08-25T22:59:02+00:00","dateModified":"2025-12-09T16:57:36+00:00","description":"Kompleksowo piel\u0119gnuje sk\u00f3r\u0119 wok\u00f3\u0142 oczu. Wyra\u017anie rozja\u015bnia cienie i redukuje obrz\u0119ki pod oczami, intensywnie regeneruje i nawil\u017ca, sp\u0142yca zmarszczki i odm\u0142adza sk\u00f3r\u0119.","breadcrumb":{"@id":"https:\/\/hyase.pl\/sklep\/produkt\/nigelle-eliksir-pod-oczy-2\/#breadcrumb"},"inLanguage":"pl-PL","potentialAction":[{"@type":"ReadAction","target":["https:\/\/hyase.pl\/sklep\/produkt\/nigelle-eliksir-pod-oczy-2\/"]}]},{"@type":"ImageObject","inLanguage":"pl-PL","@id":"https:\/\/hyase.pl\/sklep\/produkt\/nigelle-eliksir-pod-oczy-2\/#primaryimage","url":"https:\/\/hyase.pl\/sklep\/wp-content\/uploads\/2021\/08\/eliksir-2.jpg","contentUrl":"https:\/\/hyase.pl\/sklep\/wp-content\/uploads\/2021\/08\/eliksir-2.jpg","width":2000,"height":2000,"caption":"Hyase\u0301 Nigelle Eliksir pod oczy"},{"@type":"BreadcrumbList","@id":"https:\/\/hyase.pl\/sklep\/produkt\/nigelle-eliksir-pod-oczy-2\/#breadcrumb","itemListElement":[{"@type":"ListItem","position":1,"name":"Strona g\u0142\u00f3wna","item":"https:\/\/hyase.pl\/sklep\/"},{"@type":"ListItem","position":2,"name":"Zakupy","item":"https:\/\/hyase.pl\/sklep\/zakupy\/"},{"@type":"ListItem","position":3,"name":"Nigelle Eliksir pod oczy"}]},{"@type":"WebSite","@id":"https:\/\/hyase.pl\/sklep\/#website","url":"https:\/\/hyase.pl\/sklep\/","name":"Hyas&eacute;","description":"Odkryj naturalne pi\u0119kno swojej sk&oacute;ry","publisher":{"@id":"https:\/\/hyase.pl\/sklep\/#organization"},"potentialAction":[{"@type":"SearchAction","target":{"@type":"EntryPoint","urlTemplate":"https:\/\/hyase.pl\/sklep\/?s={search_term_string}"},"query-input":{"@type":"PropertyValueSpecification","valueRequired":true,"valueName":"search_term_string"}}],"inLanguage":"pl-PL"},{"@type":"Organization","@id":"https:\/\/hyase.pl\/sklep\/#organization","name":"Hyas\u00e9","url":"https:\/\/hyase.pl\/sklep\/","logo":{"@type":"ImageObject","inLanguage":"pl-PL","@id":"https:\/\/hyase.pl\/sklep\/#\/schema\/logo\/image\/","url":"https:\/\/hyase.pl\/sklep\/wp-content\/uploads\/2021\/11\/cropped-hyase_shop.png","contentUrl":"https:\/\/hyase.pl\/sklep\/wp-content\/uploads\/2021\/11\/cropped-hyase_shop.png","width":400,"height":208,"caption":"Hyas\u00e9"},"image":{"@id":"https:\/\/hyase.pl\/sklep\/#\/schema\/logo\/image\/"},"sameAs":["https:\/\/www.facebook.com\/hyasepl\/","https:\/\/www.instagram.com\/kosmetykihyase\/"]}]}},"_links":{"self":[{"href":"https:\/\/hyase.pl\/sklep\/wp-json\/wp\/v2\/product\/11779","targetHints":{"allow":["GET"]}}],"collection":[{"href":"https:\/\/hyase.pl\/sklep\/wp-json\/wp\/v2\/product"}],"about":[{"href":"https:\/\/hyase.pl\/sklep\/wp-json\/wp\/v2\/types\/product"}],"replies":[{"embeddable":true,"href":"https:\/\/hyase.pl\/sklep\/wp-json\/wp\/v2\/comments?post=11779"}],"wp:featuredmedia":[{"embeddable":true,"href":"https:\/\/hyase.pl\/sklep\/wp-json\/wp\/v2\/media\/11888"}],"wp:attachment":[{"href":"https:\/\/hyase.pl\/sklep\/wp-json\/wp\/v2\/media?parent=11779"}],"wp:term":[{"taxonomy":"product_brand","embeddable":true,"href":"https:\/\/hyase.pl\/sklep\/wp-json\/wp\/v2\/product_brand?post=11779"},{"taxonomy":"product_cat","embeddable":true,"href":"https:\/\/hyase.pl\/sklep\/wp-json\/wp\/v2\/product_cat?post=11779"},{"taxonomy":"product_tag","embeddable":true,"href":"https:\/\/hyase.pl\/sklep\/wp-json\/wp\/v2\/product_tag?post=11779"}],"curies":[{"name":"wp","href":"https:\/\/api.w.org\/{rel}","templated":true}]}}