{"id":11780,"date":"2021-08-25T22:59:02","date_gmt":"2021-08-25T22:59:02","guid":{"rendered":"https:\/\/hyase.pl\/sklep\/?post_type=product&#038;p=11780"},"modified":"2025-08-23T14:45:25","modified_gmt":"2025-08-23T14:45:25","slug":"nigelle-serum-bankietowe-2","status":"publish","type":"product","link":"https:\/\/hyase.pl\/sklep\/produkt\/nigelle-serum-bankietowe-2\/","title":{"rendered":"Nigelle Serum bankietowe"},"content":{"rendered":"<h1>Nigelle Serum bankietowe<\/h1>\n<p>Nowoczesny kosmetyk, \u0142\u0105cz\u0105cy w sobie zalety kremu nawil\u017caj\u0105cego i aksamitnej bazy pod makija\u017c o natychmiastowym dzia\u0142aniu liftinguj\u0105cym. Przynosi b\u0142yskawiczne efekty: koryguje oznaki zm\u0119czenia i stresu, tuszuje niedoskona\u0142o\u015bci sk\u00f3ry, nawil\u017ca i przywraca elastyczno\u015b\u0107. Redukuje widoczne zmarszczki i zw\u0119\u017ca pory, wyr\u00f3wnuje koloryt i optycznie rozja\u015bnia cer\u0119, po ka\u017cdej aplikacji pozostawia j\u0105 wyg\u0142adzon\u0105 i aksamitnie mi\u0119kk\u0105. U\u0142atwia aplikacj\u0119 podk\u0142adu, przed\u0142u\u017ca trwa\u0142o\u015b\u0107 makija\u017cu i zapewnia satynowe wyko\u0144czenie. Jest pierwszym krokiem do uzyskania nieskazitelnego i d\u0142ugotrwa\u0142ego makija\u017cu codziennego i wieczorowego.<\/p>\n<p>Serum bankietowe polecane jest do wszystkich rodzaj\u00f3w cery.<\/p>\n<p>Stosowa\u0107 na oczyszczon\u0105 sk\u00f3r\u0119 po na\u0142o\u017ceniu kremu piel\u0119gnacyjnego. Niewielk\u0105 ilo\u015b\u0107 preparatu na\u0142o\u017cy\u0107 na sk\u00f3r\u0119 twarzy przed aplikacj\u0105 podk\u0142adu i delikatnie rozprowadzi\u0107. Serum mo\u017ce by\u0107 r\u00f3wnie\u017c stosowane bezpo\u015brednio pod puder sypki.<\/p>\n<p><em>30 ml<\/em><\/p>\n<h3>Sk\u0142adniki aktywne:<\/h3>\n<ul>\n<li><b>Ekstrakt z bia\u0142ej herbaty<\/b> \u2013 neutralizuje wolne rodniki, intensywnie nawil\u017ca i przynosi ukojenie sk\u00f3rze wra\u017cliwej i sk\u0142onnej do podra\u017cnie\u0144. Wspiera regeneracj\u0119 uszkodze\u0144 wywo\u0142anych promieniowaniem UV, zmniejsza nadmierne z\u0142uszczanie si\u0119 nask\u00f3rka i wyr\u00f3wnuje koloryt sk\u00f3ry.<\/li>\n<li><b>Niacynamid (witamina B3)<\/b> \u2013 wspomaga syntez\u0119 kolagenu i kwasu hialuronowego w sk\u00f3rze. Ma dzia\u0142anie antyoksydacyjne, przyspiesza regeneracj\u0119 uszkodzonych przez promieniowanie UV kom\u00f3rek sk\u00f3ry, zapobiega powstawaniu zmarszczek i tworzeniu przebarwie\u0144. Hamuje nadmierne wydzielanie sebum i zmniejsza przeznask\u00f3rkow\u0105 utrat\u0119 wody. Reguluje produkcj\u0119 sk\u0142adnik\u00f3w bariery lipidowej nask\u00f3rka, dzi\u0119ki czemu sk\u00f3ra staje si\u0119 nawil\u017cona i bardziej odporna na czynniki zewn\u0119trzne.<\/li>\n<li><b>Gliceryna ro\u015blinna<\/b> \u2013 dzia\u0142a silnie nawil\u017caj\u0105co, \u0142agodzi podra\u017cnienia, poprawia elastyczno\u015b\u0107 i reguluje procesy prawid\u0142owej odnowy nask\u00f3rka.<\/li>\n<\/ul>\n<h3>INCI:<\/h3>\n<p>Aqua, Butylene Glycol, Propylene Glycol, Glycerin, Polysorbate 20, Calcium Alginate, Gellan Gum, Agar, Phenoxyethanol, CI 77891, Acrylates\/C10-30 Alkyl Acrylate Crosspolymer, Niacinamide, Butylene Glycol, Camellia Sinensis Leaf Extract, Parfum, CI 77492, CI 77007, CI 73360, CI 12490, DMDM Hydantoin, Iodopropynyl Butylcarbamate, 1,2-Hexanediol, Triethanolamine<\/p>\n","protected":false},"excerpt":{"rendered":"<p>Lekki krem nawil\u017caj\u0105cy i aksamitna baza pod makija\u017cu w jednym? To mo\u017cliwe! Serum bankietowe redukuje widoczne zmarszczki, zw\u0119\u017ca pory i nawil\u017ca sk\u00f3r\u0119. Wyr\u00f3wnuje koloryt cery, po ka\u017cdej aplikacji pozostawia j\u0105 wyg\u0142adzon\u0105 i aksamitnie mi\u0119kk\u0105, przed\u0142u\u017ca trwa\u0142o\u015b\u0107 makija\u017cu i zapewnia satynowe wyko\u0144czenie. Jest pierwszym krokiem do uzyskania nieskazitelnego i d\u0142ugotrwa\u0142ego makija\u017cu codziennego i wieczorowego.<\/p>\n<p><em>30 ml<\/em><\/p>\n<p> <a class=\"more-link\" href=\"https:\/\/hyase.pl\/sklep\/produkt\/nigelle-serum-bankietowe-2\/\">Dowiedz si\u0119 wi\u0119cej<\/a><\/p>","protected":false},"featured_media":11889,"comment_status":"open","ping_status":"closed","template":"","meta":[],"product_brand":[],"product_cat":[85,55],"product_tag":[93,83,102,94,99],"class_list":{"0":"post-11780","1":"product","2":"type-product","3":"status-publish","4":"has-post-thumbnail","6":"product_cat-baza","7":"product_cat-serum-do-twarzy","8":"product_tag-lifting","9":"product_tag-nawilzanie","10":"product_tag-promocja","11":"product_tag-nigelle","12":"product_tag-wygladzanie","14":"first","15":"instock","16":"taxable","17":"shipping-taxable","18":"purchasable","19":"product-type-simple"},"yoast_head":"<!-- This site is optimized with the Yoast SEO plugin v27.4 - https:\/\/yoast.com\/product\/yoast-seo-wordpress\/ -->\n<title>Nigelle Serum bankietowe - Hyas&eacute;<\/title>\n<meta name=\"description\" content=\"Lekki krem nawil\u017caj\u0105cy i aksamitna baza pod makija\u017cu w jednym. Zw\u0119\u017ca pory, wyr\u00f3wnuje koloryt, nawil\u017ca i przed\u0142u\u017ca trwa\u0142o\u015b\u0107 makija\u017cu.\" \/>\n<meta name=\"robots\" content=\"index, follow, max-snippet:-1, max-image-preview:large, max-video-preview:-1\" \/>\n<link rel=\"canonical\" href=\"https:\/\/hyase.pl\/sklep\/produkt\/nigelle-serum-bankietowe-2\/\" \/>\n<meta property=\"og:locale\" content=\"pl_PL\" \/>\n<meta property=\"og:type\" content=\"article\" \/>\n<meta property=\"og:title\" content=\"Nigelle Serum bankietowe - Hyas&eacute;\" \/>\n<meta property=\"og:description\" content=\"Lekki krem nawil\u017caj\u0105cy i aksamitna baza pod makija\u017cu w jednym. Zw\u0119\u017ca pory, wyr\u00f3wnuje koloryt, nawil\u017ca i przed\u0142u\u017ca trwa\u0142o\u015b\u0107 makija\u017cu.\" \/>\n<meta property=\"og:url\" content=\"https:\/\/hyase.pl\/sklep\/produkt\/nigelle-serum-bankietowe-2\/\" \/>\n<meta property=\"og:site_name\" content=\"Hyas&eacute;\" \/>\n<meta property=\"article:publisher\" content=\"https:\/\/www.facebook.com\/hyasepl\/\" \/>\n<meta property=\"article:modified_time\" content=\"2025-08-23T14:45:25+00:00\" \/>\n<meta property=\"og:image\" content=\"https:\/\/hyase.pl\/sklep\/wp-content\/uploads\/2021\/08\/bankietowe.jpg\" \/>\n\t<meta property=\"og:image:width\" content=\"2000\" \/>\n\t<meta property=\"og:image:height\" content=\"2000\" \/>\n\t<meta property=\"og:image:type\" content=\"image\/jpeg\" \/>\n<meta name=\"twitter:card\" content=\"summary_large_image\" \/>\n<meta name=\"twitter:label1\" content=\"Szacowany czas czytania\" \/>\n\t<meta name=\"twitter:data1\" content=\"2 minuty\" \/>\n<script type=\"application\/ld+json\" class=\"yoast-schema-graph\">{\"@context\":\"https:\\\/\\\/schema.org\",\"@graph\":[{\"@type\":\"WebPage\",\"@id\":\"https:\\\/\\\/hyase.pl\\\/sklep\\\/produkt\\\/nigelle-serum-bankietowe-2\\\/\",\"url\":\"https:\\\/\\\/hyase.pl\\\/sklep\\\/produkt\\\/nigelle-serum-bankietowe-2\\\/\",\"name\":\"Nigelle Serum bankietowe - Hyas&eacute;\",\"isPartOf\":{\"@id\":\"https:\\\/\\\/hyase.pl\\\/sklep\\\/#website\"},\"primaryImageOfPage\":{\"@id\":\"https:\\\/\\\/hyase.pl\\\/sklep\\\/produkt\\\/nigelle-serum-bankietowe-2\\\/#primaryimage\"},\"image\":{\"@id\":\"https:\\\/\\\/hyase.pl\\\/sklep\\\/produkt\\\/nigelle-serum-bankietowe-2\\\/#primaryimage\"},\"thumbnailUrl\":\"https:\\\/\\\/hyase.pl\\\/sklep\\\/wp-content\\\/uploads\\\/2021\\\/08\\\/bankietowe.jpg\",\"datePublished\":\"2021-08-25T22:59:02+00:00\",\"dateModified\":\"2025-08-23T14:45:25+00:00\",\"description\":\"Lekki krem nawil\u017caj\u0105cy i aksamitna baza pod makija\u017cu w jednym. Zw\u0119\u017ca pory, wyr\u00f3wnuje koloryt, nawil\u017ca i przed\u0142u\u017ca trwa\u0142o\u015b\u0107 makija\u017cu.\",\"breadcrumb\":{\"@id\":\"https:\\\/\\\/hyase.pl\\\/sklep\\\/produkt\\\/nigelle-serum-bankietowe-2\\\/#breadcrumb\"},\"inLanguage\":\"pl-PL\",\"potentialAction\":[{\"@type\":\"ReadAction\",\"target\":[\"https:\\\/\\\/hyase.pl\\\/sklep\\\/produkt\\\/nigelle-serum-bankietowe-2\\\/\"]}]},{\"@type\":\"ImageObject\",\"inLanguage\":\"pl-PL\",\"@id\":\"https:\\\/\\\/hyase.pl\\\/sklep\\\/produkt\\\/nigelle-serum-bankietowe-2\\\/#primaryimage\",\"url\":\"https:\\\/\\\/hyase.pl\\\/sklep\\\/wp-content\\\/uploads\\\/2021\\\/08\\\/bankietowe.jpg\",\"contentUrl\":\"https:\\\/\\\/hyase.pl\\\/sklep\\\/wp-content\\\/uploads\\\/2021\\\/08\\\/bankietowe.jpg\",\"width\":2000,\"height\":2000,\"caption\":\"Hyase\u0301 Nigelle Serum bankietowe\"},{\"@type\":\"BreadcrumbList\",\"@id\":\"https:\\\/\\\/hyase.pl\\\/sklep\\\/produkt\\\/nigelle-serum-bankietowe-2\\\/#breadcrumb\",\"itemListElement\":[{\"@type\":\"ListItem\",\"position\":1,\"name\":\"Strona g\u0142\u00f3wna\",\"item\":\"https:\\\/\\\/hyase.pl\\\/sklep\\\/\"},{\"@type\":\"ListItem\",\"position\":2,\"name\":\"Zakupy\",\"item\":\"https:\\\/\\\/hyase.pl\\\/sklep\\\/zakupy\\\/\"},{\"@type\":\"ListItem\",\"position\":3,\"name\":\"Nigelle Serum bankietowe\"}]},{\"@type\":\"WebSite\",\"@id\":\"https:\\\/\\\/hyase.pl\\\/sklep\\\/#website\",\"url\":\"https:\\\/\\\/hyase.pl\\\/sklep\\\/\",\"name\":\"Hyas&eacute;\",\"description\":\"Odkryj naturalne pi\u0119kno swojej sk&oacute;ry\",\"publisher\":{\"@id\":\"https:\\\/\\\/hyase.pl\\\/sklep\\\/#organization\"},\"potentialAction\":[{\"@type\":\"SearchAction\",\"target\":{\"@type\":\"EntryPoint\",\"urlTemplate\":\"https:\\\/\\\/hyase.pl\\\/sklep\\\/?s={search_term_string}\"},\"query-input\":{\"@type\":\"PropertyValueSpecification\",\"valueRequired\":true,\"valueName\":\"search_term_string\"}}],\"inLanguage\":\"pl-PL\"},{\"@type\":\"Organization\",\"@id\":\"https:\\\/\\\/hyase.pl\\\/sklep\\\/#organization\",\"name\":\"Hyas\u00e9\",\"url\":\"https:\\\/\\\/hyase.pl\\\/sklep\\\/\",\"logo\":{\"@type\":\"ImageObject\",\"inLanguage\":\"pl-PL\",\"@id\":\"https:\\\/\\\/hyase.pl\\\/sklep\\\/#\\\/schema\\\/logo\\\/image\\\/\",\"url\":\"https:\\\/\\\/hyase.pl\\\/sklep\\\/wp-content\\\/uploads\\\/2021\\\/11\\\/cropped-hyase_shop.png\",\"contentUrl\":\"https:\\\/\\\/hyase.pl\\\/sklep\\\/wp-content\\\/uploads\\\/2021\\\/11\\\/cropped-hyase_shop.png\",\"width\":400,\"height\":208,\"caption\":\"Hyas\u00e9\"},\"image\":{\"@id\":\"https:\\\/\\\/hyase.pl\\\/sklep\\\/#\\\/schema\\\/logo\\\/image\\\/\"},\"sameAs\":[\"https:\\\/\\\/www.facebook.com\\\/hyasepl\\\/\",\"https:\\\/\\\/www.instagram.com\\\/kosmetykihyase\\\/\"]}]}<\/script>\n<!-- \/ Yoast SEO plugin. -->","yoast_head_json":{"title":"Nigelle Serum bankietowe - Hyas&eacute;","description":"Lekki krem nawil\u017caj\u0105cy i aksamitna baza pod makija\u017cu w jednym. Zw\u0119\u017ca pory, wyr\u00f3wnuje koloryt, nawil\u017ca i przed\u0142u\u017ca trwa\u0142o\u015b\u0107 makija\u017cu.","robots":{"index":"index","follow":"follow","max-snippet":"max-snippet:-1","max-image-preview":"max-image-preview:large","max-video-preview":"max-video-preview:-1"},"canonical":"https:\/\/hyase.pl\/sklep\/produkt\/nigelle-serum-bankietowe-2\/","og_locale":"pl_PL","og_type":"article","og_title":"Nigelle Serum bankietowe - Hyas&eacute;","og_description":"Lekki krem nawil\u017caj\u0105cy i aksamitna baza pod makija\u017cu w jednym. Zw\u0119\u017ca pory, wyr\u00f3wnuje koloryt, nawil\u017ca i przed\u0142u\u017ca trwa\u0142o\u015b\u0107 makija\u017cu.","og_url":"https:\/\/hyase.pl\/sklep\/produkt\/nigelle-serum-bankietowe-2\/","og_site_name":"Hyas&eacute;","article_publisher":"https:\/\/www.facebook.com\/hyasepl\/","article_modified_time":"2025-08-23T14:45:25+00:00","og_image":[{"width":2000,"height":2000,"url":"https:\/\/hyase.pl\/sklep\/wp-content\/uploads\/2021\/08\/bankietowe.jpg","type":"image\/jpeg"}],"twitter_card":"summary_large_image","twitter_misc":{"Szacowany czas czytania":"2 minuty"},"schema":{"@context":"https:\/\/schema.org","@graph":[{"@type":"WebPage","@id":"https:\/\/hyase.pl\/sklep\/produkt\/nigelle-serum-bankietowe-2\/","url":"https:\/\/hyase.pl\/sklep\/produkt\/nigelle-serum-bankietowe-2\/","name":"Nigelle Serum bankietowe - Hyas&eacute;","isPartOf":{"@id":"https:\/\/hyase.pl\/sklep\/#website"},"primaryImageOfPage":{"@id":"https:\/\/hyase.pl\/sklep\/produkt\/nigelle-serum-bankietowe-2\/#primaryimage"},"image":{"@id":"https:\/\/hyase.pl\/sklep\/produkt\/nigelle-serum-bankietowe-2\/#primaryimage"},"thumbnailUrl":"https:\/\/hyase.pl\/sklep\/wp-content\/uploads\/2021\/08\/bankietowe.jpg","datePublished":"2021-08-25T22:59:02+00:00","dateModified":"2025-08-23T14:45:25+00:00","description":"Lekki krem nawil\u017caj\u0105cy i aksamitna baza pod makija\u017cu w jednym. Zw\u0119\u017ca pory, wyr\u00f3wnuje koloryt, nawil\u017ca i przed\u0142u\u017ca trwa\u0142o\u015b\u0107 makija\u017cu.","breadcrumb":{"@id":"https:\/\/hyase.pl\/sklep\/produkt\/nigelle-serum-bankietowe-2\/#breadcrumb"},"inLanguage":"pl-PL","potentialAction":[{"@type":"ReadAction","target":["https:\/\/hyase.pl\/sklep\/produkt\/nigelle-serum-bankietowe-2\/"]}]},{"@type":"ImageObject","inLanguage":"pl-PL","@id":"https:\/\/hyase.pl\/sklep\/produkt\/nigelle-serum-bankietowe-2\/#primaryimage","url":"https:\/\/hyase.pl\/sklep\/wp-content\/uploads\/2021\/08\/bankietowe.jpg","contentUrl":"https:\/\/hyase.pl\/sklep\/wp-content\/uploads\/2021\/08\/bankietowe.jpg","width":2000,"height":2000,"caption":"Hyase\u0301 Nigelle Serum bankietowe"},{"@type":"BreadcrumbList","@id":"https:\/\/hyase.pl\/sklep\/produkt\/nigelle-serum-bankietowe-2\/#breadcrumb","itemListElement":[{"@type":"ListItem","position":1,"name":"Strona g\u0142\u00f3wna","item":"https:\/\/hyase.pl\/sklep\/"},{"@type":"ListItem","position":2,"name":"Zakupy","item":"https:\/\/hyase.pl\/sklep\/zakupy\/"},{"@type":"ListItem","position":3,"name":"Nigelle Serum bankietowe"}]},{"@type":"WebSite","@id":"https:\/\/hyase.pl\/sklep\/#website","url":"https:\/\/hyase.pl\/sklep\/","name":"Hyas&eacute;","description":"Odkryj naturalne pi\u0119kno swojej sk&oacute;ry","publisher":{"@id":"https:\/\/hyase.pl\/sklep\/#organization"},"potentialAction":[{"@type":"SearchAction","target":{"@type":"EntryPoint","urlTemplate":"https:\/\/hyase.pl\/sklep\/?s={search_term_string}"},"query-input":{"@type":"PropertyValueSpecification","valueRequired":true,"valueName":"search_term_string"}}],"inLanguage":"pl-PL"},{"@type":"Organization","@id":"https:\/\/hyase.pl\/sklep\/#organization","name":"Hyas\u00e9","url":"https:\/\/hyase.pl\/sklep\/","logo":{"@type":"ImageObject","inLanguage":"pl-PL","@id":"https:\/\/hyase.pl\/sklep\/#\/schema\/logo\/image\/","url":"https:\/\/hyase.pl\/sklep\/wp-content\/uploads\/2021\/11\/cropped-hyase_shop.png","contentUrl":"https:\/\/hyase.pl\/sklep\/wp-content\/uploads\/2021\/11\/cropped-hyase_shop.png","width":400,"height":208,"caption":"Hyas\u00e9"},"image":{"@id":"https:\/\/hyase.pl\/sklep\/#\/schema\/logo\/image\/"},"sameAs":["https:\/\/www.facebook.com\/hyasepl\/","https:\/\/www.instagram.com\/kosmetykihyase\/"]}]}},"_links":{"self":[{"href":"https:\/\/hyase.pl\/sklep\/wp-json\/wp\/v2\/product\/11780","targetHints":{"allow":["GET"]}}],"collection":[{"href":"https:\/\/hyase.pl\/sklep\/wp-json\/wp\/v2\/product"}],"about":[{"href":"https:\/\/hyase.pl\/sklep\/wp-json\/wp\/v2\/types\/product"}],"replies":[{"embeddable":true,"href":"https:\/\/hyase.pl\/sklep\/wp-json\/wp\/v2\/comments?post=11780"}],"wp:featuredmedia":[{"embeddable":true,"href":"https:\/\/hyase.pl\/sklep\/wp-json\/wp\/v2\/media\/11889"}],"wp:attachment":[{"href":"https:\/\/hyase.pl\/sklep\/wp-json\/wp\/v2\/media?parent=11780"}],"wp:term":[{"taxonomy":"product_brand","embeddable":true,"href":"https:\/\/hyase.pl\/sklep\/wp-json\/wp\/v2\/product_brand?post=11780"},{"taxonomy":"product_cat","embeddable":true,"href":"https:\/\/hyase.pl\/sklep\/wp-json\/wp\/v2\/product_cat?post=11780"},{"taxonomy":"product_tag","embeddable":true,"href":"https:\/\/hyase.pl\/sklep\/wp-json\/wp\/v2\/product_tag?post=11780"}],"curies":[{"name":"wp","href":"https:\/\/api.w.org\/{rel}","templated":true}]}}