{"id":11782,"date":"2021-08-25T22:59:02","date_gmt":"2021-08-25T22:59:02","guid":{"rendered":"https:\/\/hyase.pl\/sklep\/?post_type=product&#038;p=11782"},"modified":"2024-01-17T22:50:10","modified_gmt":"2024-01-17T22:50:10","slug":"vitaclinic-serum-z-witamina-e-2","status":"publish","type":"product","link":"https:\/\/hyase.pl\/sklep\/produkt\/vitaclinic-serum-z-witamina-e-2\/","title":{"rendered":"VitaClinic Serum z witamin\u0105 E"},"content":{"rendered":"<h1>VitaClinic Serum z witamin\u0105 E<\/h1>\n<p>Intensywnie odm\u0142adzaj\u0105ce serum z wysok\u0105 koncentracj\u0105 witaminy E (9%), skwalanem, olejem z og\u00f3recznika lekarskiego i olejem ze s\u0142odkich migda\u0142\u00f3w maksymalnie wykorzystuje naturaln\u0105 zdolno\u015b\u0107 sk\u00f3ry do regeneracji podczas snu. Zawarta w nim witamina E, nazywana witamin\u0105 m\u0142odo\u015bci, ma silne dzia\u0142anie antyoksydacyjne i op\u00f3\u017ania procesy starzenia si\u0119 sk\u00f3ry. Natychmiast po u\u017cyciu sk\u00f3ra jest nawil\u017cona, wyg\u0142adzona i aksamitna w dotyku. Regularnie stosowane, od\u017cywia i rewitalizuje sk\u00f3r\u0119, wyra\u017anie redukuje zmarszczki i zapobiega powstawaniu nowych, dodaje sk\u00f3rze witalno\u015bci i energii.<\/p>\n<p>Serum z Witamin\u0105 E przeznaczone jest do nocnej piel\u0119gnacji sk\u00f3ry:<\/p>\n<ul>\n<li>Dojrza\u0142ej, zm\u0119czonej, z przebarwieniami i widocznymi oznakami starzenia.<\/li>\n<li>Przesuszonej, matowej, pozbawionej blasku.<\/li>\n<li>Wra\u017cliwej, sk\u0142onnej do podra\u017cnie\u0144 i egzemy.<\/li>\n<\/ul>\n<p>Nak\u0142ada\u0107 wieczorem na oczyszczon\u0105 sk\u00f3r\u0119 twarzy, szyi i dekoltu. Delikatnie wmasowa\u0107. Do piel\u0119gnacji dziennej rekomendowany jest <a class=\"gold-link\" href=\"https:\/\/hyase.pl\/sklep\/produkt\/vitaclinic-krem-na-dzien-2\/\"><b>KREM NA DZIE\u0143<\/b><\/a> z serii VitaClinic.<\/p>\n<p><em>30 ml<\/em><\/p>\n<h3>Sk\u0142adniki aktywne:<\/h3>\n<ul>\n<li><b>Witamina E<\/b> \u2013 jako silny antyoksydant neutralizuje wolne rodniki, odpowiedzialne za powstawanie zmarszczek i utrat\u0119 j\u0119drno\u015bci sk\u00f3ry. Wspomaga naturalne procesy regeneracji nask\u00f3rka, redukuje istniej\u0105ce zmarszczki i zapobiega powstawaniu nowych, wycisza stany zapalne i przynosi ukojenie podra\u017cnionej cerze. Chroni przed szkodliwym wp\u0142ywem promieniowania UV i zmniejsza objawy fotostarzenia si\u0119 sk\u00f3ry. Pozostawia sk\u00f3r\u0119 od\u017cywion\u0105, nawil\u017con\u0105 i elastyczn\u0105.<\/li>\n<li><b>Skwalan<\/b> \u2013 stabilna, nasycona forma wyst\u0119puj\u0105cego w p\u0142aszczu lipidowym sk\u00f3ry skwalenu, kt\u00f3rego zawarto\u015b\u0107 z wiekiem naturalnie spada. Ma silne dzia\u0142anie antyoksydacyjne, regeneracyjne, od\u017cywcze i nawil\u017caj\u0105ce. Wzmacnia naturaln\u0105 barier\u0119 lipidow\u0105, chroni\u0105c sk\u00f3r\u0119 przed szkodliwym wp\u0142ywem czynnik\u00f3w zewn\u0119trznych. Nadaje sk\u00f3rze aksamitn\u0105 mi\u0119kko\u015b\u0107.<\/li>\n<li><b>Olej z nasion og\u00f3recznika lekarskiego<\/b> \u2013 naturalne \u017ar\u00f3d\u0142o witamin: C i B, minera\u0142\u00f3w, flawonoid\u00f3w, kwas\u00f3w organicznych (w tym kwasu gamma-linolenowego i linolowego) i innych substancji od\u017cywczych. Spowalnia procesy starzenia si\u0119 sk\u00f3ry, od\u017cywia, dotlenia, przywraca zaburzon\u0105 r\u00f3wnowag\u0119 fizjologiczn\u0105 i wzmacnia barier\u0119 lipidow\u0105 nask\u00f3rka. Reguluje wydzielanie sebum, \u0142agodzi podra\u017cnienia i przywraca cerze zdrowy koloryt.<\/li>\n<li><b>Olej ze s\u0142odkich migda\u0142\u00f3w<\/b> \u2013 zawiera witaminy A i E, maj\u0105ce dzia\u0142anie antyoksydacyjne i przeciwzmarszczkowe, oraz liczne minera\u0142y, witamin\u0119 D i kwasy t\u0142uszczowe, dzi\u0119ki czemu skutecznie zmi\u0119kcza, wyg\u0142adza i nawil\u017ca sk\u00f3r\u0119, dzia\u0142a koj\u0105co i \u0142agodz\u0105co. Wzmacnia p\u0142aszcz lipidowy sk\u00f3ry i chroni nask\u00f3rek.<\/li>\n<\/ul>\n<h3>INCI:<\/h3>\n<p>C13-15 Alkane, Prunus Amygdalus (Sweet Almond) Dulcis Oil, Dicaprylyl Carbonate, Tocopheryl Acetate, Borago Officinalis Seed Oil, Parfum, Citronellol, Geraniol, Linalool, Limonene<\/p>\n","protected":false},"excerpt":{"rendered":"<p>Serum z wysok\u0105 koncentracj\u0105 witaminy E (9%), skwalanem, olejem z og\u00f3recznika lekarskiego i olejem ze s\u0142odkich migda\u0142\u00f3w maksymalnie wykorzystuje naturaln\u0105 zdolno\u015b\u0107 sk\u00f3ry do regeneracji podczas snu. Intensywnie odm\u0142adza sk\u00f3r\u0119, op\u00f3\u017ania procesy starzenia si\u0119, nawil\u017ca i rewitalizuje cer\u0119.<\/p>\n<p><em>30 ml<\/em><\/p>\n<p> <a class=\"more-link\" href=\"https:\/\/hyase.pl\/sklep\/produkt\/vitaclinic-serum-z-witamina-e-2\/\">Dowiedz si\u0119 wi\u0119cej<\/a><\/p>","protected":false},"featured_media":11892,"comment_status":"open","ping_status":"closed","template":"","meta":[],"product_brand":[],"product_cat":[55],"product_tag":[91,83,96,99],"class_list":{"0":"post-11782","1":"product","2":"type-product","3":"status-publish","4":"has-post-thumbnail","6":"product_cat-serum-do-twarzy","7":"product_tag-anti-aging","8":"product_tag-nawilzanie","9":"product_tag-vitaclinic","10":"product_tag-wygladzanie","12":"first","13":"instock","14":"taxable","15":"shipping-taxable","16":"purchasable","17":"product-type-simple"},"yoast_head":"<!-- This site is optimized with the Yoast SEO plugin v27.4 - https:\/\/yoast.com\/product\/yoast-seo-wordpress\/ -->\n<title>VitaClinic Serum z witamin\u0105 E - Hyas&eacute;<\/title>\n<meta name=\"description\" content=\"Serum z wysok\u0105 koncentracj\u0105 witaminy E (9%) intensywnie odm\u0142adza sk\u00f3r\u0119, op\u00f3\u017ania procesy starzenia si\u0119, nawil\u017ca i rewitalizuje cer\u0119.\" \/>\n<meta name=\"robots\" content=\"index, follow, max-snippet:-1, max-image-preview:large, max-video-preview:-1\" \/>\n<link rel=\"canonical\" href=\"https:\/\/hyase.pl\/sklep\/produkt\/vitaclinic-serum-z-witamina-e-2\/\" \/>\n<meta property=\"og:locale\" content=\"pl_PL\" \/>\n<meta property=\"og:type\" content=\"article\" \/>\n<meta property=\"og:title\" content=\"VitaClinic Serum z witamin\u0105 E - Hyas&eacute;\" \/>\n<meta property=\"og:description\" content=\"Serum z wysok\u0105 koncentracj\u0105 witaminy E (9%) intensywnie odm\u0142adza sk\u00f3r\u0119, op\u00f3\u017ania procesy starzenia si\u0119, nawil\u017ca i rewitalizuje cer\u0119.\" \/>\n<meta property=\"og:url\" content=\"https:\/\/hyase.pl\/sklep\/produkt\/vitaclinic-serum-z-witamina-e-2\/\" \/>\n<meta property=\"og:site_name\" content=\"Hyas&eacute;\" \/>\n<meta property=\"article:publisher\" content=\"https:\/\/www.facebook.com\/hyasepl\/\" \/>\n<meta property=\"article:modified_time\" content=\"2024-01-17T22:50:10+00:00\" \/>\n<meta property=\"og:image\" content=\"https:\/\/hyase.pl\/sklep\/wp-content\/uploads\/2021\/08\/E-2.jpg\" \/>\n\t<meta property=\"og:image:width\" content=\"2000\" \/>\n\t<meta property=\"og:image:height\" content=\"2000\" \/>\n\t<meta property=\"og:image:type\" content=\"image\/jpeg\" \/>\n<meta name=\"twitter:card\" content=\"summary_large_image\" \/>\n<meta name=\"twitter:label1\" content=\"Szacowany czas czytania\" \/>\n\t<meta name=\"twitter:data1\" content=\"3 minuty\" \/>\n<script type=\"application\/ld+json\" class=\"yoast-schema-graph\">{\"@context\":\"https:\\\/\\\/schema.org\",\"@graph\":[{\"@type\":\"WebPage\",\"@id\":\"https:\\\/\\\/hyase.pl\\\/sklep\\\/produkt\\\/vitaclinic-serum-z-witamina-e-2\\\/\",\"url\":\"https:\\\/\\\/hyase.pl\\\/sklep\\\/produkt\\\/vitaclinic-serum-z-witamina-e-2\\\/\",\"name\":\"VitaClinic Serum z witamin\u0105 E - Hyas&eacute;\",\"isPartOf\":{\"@id\":\"https:\\\/\\\/hyase.pl\\\/sklep\\\/#website\"},\"primaryImageOfPage\":{\"@id\":\"https:\\\/\\\/hyase.pl\\\/sklep\\\/produkt\\\/vitaclinic-serum-z-witamina-e-2\\\/#primaryimage\"},\"image\":{\"@id\":\"https:\\\/\\\/hyase.pl\\\/sklep\\\/produkt\\\/vitaclinic-serum-z-witamina-e-2\\\/#primaryimage\"},\"thumbnailUrl\":\"https:\\\/\\\/hyase.pl\\\/sklep\\\/wp-content\\\/uploads\\\/2021\\\/08\\\/E-2.jpg\",\"datePublished\":\"2021-08-25T22:59:02+00:00\",\"dateModified\":\"2024-01-17T22:50:10+00:00\",\"description\":\"Serum z wysok\u0105 koncentracj\u0105 witaminy E (9%) intensywnie odm\u0142adza sk\u00f3r\u0119, op\u00f3\u017ania procesy starzenia si\u0119, nawil\u017ca i rewitalizuje cer\u0119.\",\"breadcrumb\":{\"@id\":\"https:\\\/\\\/hyase.pl\\\/sklep\\\/produkt\\\/vitaclinic-serum-z-witamina-e-2\\\/#breadcrumb\"},\"inLanguage\":\"pl-PL\",\"potentialAction\":[{\"@type\":\"ReadAction\",\"target\":[\"https:\\\/\\\/hyase.pl\\\/sklep\\\/produkt\\\/vitaclinic-serum-z-witamina-e-2\\\/\"]}]},{\"@type\":\"ImageObject\",\"inLanguage\":\"pl-PL\",\"@id\":\"https:\\\/\\\/hyase.pl\\\/sklep\\\/produkt\\\/vitaclinic-serum-z-witamina-e-2\\\/#primaryimage\",\"url\":\"https:\\\/\\\/hyase.pl\\\/sklep\\\/wp-content\\\/uploads\\\/2021\\\/08\\\/E-2.jpg\",\"contentUrl\":\"https:\\\/\\\/hyase.pl\\\/sklep\\\/wp-content\\\/uploads\\\/2021\\\/08\\\/E-2.jpg\",\"width\":2000,\"height\":2000,\"caption\":\"Hyase\u0301 VitaClinic Serum z witamin\u0105 E\"},{\"@type\":\"BreadcrumbList\",\"@id\":\"https:\\\/\\\/hyase.pl\\\/sklep\\\/produkt\\\/vitaclinic-serum-z-witamina-e-2\\\/#breadcrumb\",\"itemListElement\":[{\"@type\":\"ListItem\",\"position\":1,\"name\":\"Strona g\u0142\u00f3wna\",\"item\":\"https:\\\/\\\/hyase.pl\\\/sklep\\\/\"},{\"@type\":\"ListItem\",\"position\":2,\"name\":\"Zakupy\",\"item\":\"https:\\\/\\\/hyase.pl\\\/sklep\\\/zakupy\\\/\"},{\"@type\":\"ListItem\",\"position\":3,\"name\":\"VitaClinic Serum z witamin\u0105 E\"}]},{\"@type\":\"WebSite\",\"@id\":\"https:\\\/\\\/hyase.pl\\\/sklep\\\/#website\",\"url\":\"https:\\\/\\\/hyase.pl\\\/sklep\\\/\",\"name\":\"Hyas&eacute;\",\"description\":\"Odkryj naturalne pi\u0119kno swojej sk&oacute;ry\",\"publisher\":{\"@id\":\"https:\\\/\\\/hyase.pl\\\/sklep\\\/#organization\"},\"potentialAction\":[{\"@type\":\"SearchAction\",\"target\":{\"@type\":\"EntryPoint\",\"urlTemplate\":\"https:\\\/\\\/hyase.pl\\\/sklep\\\/?s={search_term_string}\"},\"query-input\":{\"@type\":\"PropertyValueSpecification\",\"valueRequired\":true,\"valueName\":\"search_term_string\"}}],\"inLanguage\":\"pl-PL\"},{\"@type\":\"Organization\",\"@id\":\"https:\\\/\\\/hyase.pl\\\/sklep\\\/#organization\",\"name\":\"Hyas\u00e9\",\"url\":\"https:\\\/\\\/hyase.pl\\\/sklep\\\/\",\"logo\":{\"@type\":\"ImageObject\",\"inLanguage\":\"pl-PL\",\"@id\":\"https:\\\/\\\/hyase.pl\\\/sklep\\\/#\\\/schema\\\/logo\\\/image\\\/\",\"url\":\"https:\\\/\\\/hyase.pl\\\/sklep\\\/wp-content\\\/uploads\\\/2021\\\/11\\\/cropped-hyase_shop.png\",\"contentUrl\":\"https:\\\/\\\/hyase.pl\\\/sklep\\\/wp-content\\\/uploads\\\/2021\\\/11\\\/cropped-hyase_shop.png\",\"width\":400,\"height\":208,\"caption\":\"Hyas\u00e9\"},\"image\":{\"@id\":\"https:\\\/\\\/hyase.pl\\\/sklep\\\/#\\\/schema\\\/logo\\\/image\\\/\"},\"sameAs\":[\"https:\\\/\\\/www.facebook.com\\\/hyasepl\\\/\",\"https:\\\/\\\/www.instagram.com\\\/kosmetykihyase\\\/\"]}]}<\/script>\n<!-- \/ Yoast SEO plugin. -->","yoast_head_json":{"title":"VitaClinic Serum z witamin\u0105 E - Hyas&eacute;","description":"Serum z wysok\u0105 koncentracj\u0105 witaminy E (9%) intensywnie odm\u0142adza sk\u00f3r\u0119, op\u00f3\u017ania procesy starzenia si\u0119, nawil\u017ca i rewitalizuje cer\u0119.","robots":{"index":"index","follow":"follow","max-snippet":"max-snippet:-1","max-image-preview":"max-image-preview:large","max-video-preview":"max-video-preview:-1"},"canonical":"https:\/\/hyase.pl\/sklep\/produkt\/vitaclinic-serum-z-witamina-e-2\/","og_locale":"pl_PL","og_type":"article","og_title":"VitaClinic Serum z witamin\u0105 E - Hyas&eacute;","og_description":"Serum z wysok\u0105 koncentracj\u0105 witaminy E (9%) intensywnie odm\u0142adza sk\u00f3r\u0119, op\u00f3\u017ania procesy starzenia si\u0119, nawil\u017ca i rewitalizuje cer\u0119.","og_url":"https:\/\/hyase.pl\/sklep\/produkt\/vitaclinic-serum-z-witamina-e-2\/","og_site_name":"Hyas&eacute;","article_publisher":"https:\/\/www.facebook.com\/hyasepl\/","article_modified_time":"2024-01-17T22:50:10+00:00","og_image":[{"width":2000,"height":2000,"url":"https:\/\/hyase.pl\/sklep\/wp-content\/uploads\/2021\/08\/E-2.jpg","type":"image\/jpeg"}],"twitter_card":"summary_large_image","twitter_misc":{"Szacowany czas czytania":"3 minuty"},"schema":{"@context":"https:\/\/schema.org","@graph":[{"@type":"WebPage","@id":"https:\/\/hyase.pl\/sklep\/produkt\/vitaclinic-serum-z-witamina-e-2\/","url":"https:\/\/hyase.pl\/sklep\/produkt\/vitaclinic-serum-z-witamina-e-2\/","name":"VitaClinic Serum z witamin\u0105 E - Hyas&eacute;","isPartOf":{"@id":"https:\/\/hyase.pl\/sklep\/#website"},"primaryImageOfPage":{"@id":"https:\/\/hyase.pl\/sklep\/produkt\/vitaclinic-serum-z-witamina-e-2\/#primaryimage"},"image":{"@id":"https:\/\/hyase.pl\/sklep\/produkt\/vitaclinic-serum-z-witamina-e-2\/#primaryimage"},"thumbnailUrl":"https:\/\/hyase.pl\/sklep\/wp-content\/uploads\/2021\/08\/E-2.jpg","datePublished":"2021-08-25T22:59:02+00:00","dateModified":"2024-01-17T22:50:10+00:00","description":"Serum z wysok\u0105 koncentracj\u0105 witaminy E (9%) intensywnie odm\u0142adza sk\u00f3r\u0119, op\u00f3\u017ania procesy starzenia si\u0119, nawil\u017ca i rewitalizuje cer\u0119.","breadcrumb":{"@id":"https:\/\/hyase.pl\/sklep\/produkt\/vitaclinic-serum-z-witamina-e-2\/#breadcrumb"},"inLanguage":"pl-PL","potentialAction":[{"@type":"ReadAction","target":["https:\/\/hyase.pl\/sklep\/produkt\/vitaclinic-serum-z-witamina-e-2\/"]}]},{"@type":"ImageObject","inLanguage":"pl-PL","@id":"https:\/\/hyase.pl\/sklep\/produkt\/vitaclinic-serum-z-witamina-e-2\/#primaryimage","url":"https:\/\/hyase.pl\/sklep\/wp-content\/uploads\/2021\/08\/E-2.jpg","contentUrl":"https:\/\/hyase.pl\/sklep\/wp-content\/uploads\/2021\/08\/E-2.jpg","width":2000,"height":2000,"caption":"Hyase\u0301 VitaClinic Serum z witamin\u0105 E"},{"@type":"BreadcrumbList","@id":"https:\/\/hyase.pl\/sklep\/produkt\/vitaclinic-serum-z-witamina-e-2\/#breadcrumb","itemListElement":[{"@type":"ListItem","position":1,"name":"Strona g\u0142\u00f3wna","item":"https:\/\/hyase.pl\/sklep\/"},{"@type":"ListItem","position":2,"name":"Zakupy","item":"https:\/\/hyase.pl\/sklep\/zakupy\/"},{"@type":"ListItem","position":3,"name":"VitaClinic Serum z witamin\u0105 E"}]},{"@type":"WebSite","@id":"https:\/\/hyase.pl\/sklep\/#website","url":"https:\/\/hyase.pl\/sklep\/","name":"Hyas&eacute;","description":"Odkryj naturalne pi\u0119kno swojej sk&oacute;ry","publisher":{"@id":"https:\/\/hyase.pl\/sklep\/#organization"},"potentialAction":[{"@type":"SearchAction","target":{"@type":"EntryPoint","urlTemplate":"https:\/\/hyase.pl\/sklep\/?s={search_term_string}"},"query-input":{"@type":"PropertyValueSpecification","valueRequired":true,"valueName":"search_term_string"}}],"inLanguage":"pl-PL"},{"@type":"Organization","@id":"https:\/\/hyase.pl\/sklep\/#organization","name":"Hyas\u00e9","url":"https:\/\/hyase.pl\/sklep\/","logo":{"@type":"ImageObject","inLanguage":"pl-PL","@id":"https:\/\/hyase.pl\/sklep\/#\/schema\/logo\/image\/","url":"https:\/\/hyase.pl\/sklep\/wp-content\/uploads\/2021\/11\/cropped-hyase_shop.png","contentUrl":"https:\/\/hyase.pl\/sklep\/wp-content\/uploads\/2021\/11\/cropped-hyase_shop.png","width":400,"height":208,"caption":"Hyas\u00e9"},"image":{"@id":"https:\/\/hyase.pl\/sklep\/#\/schema\/logo\/image\/"},"sameAs":["https:\/\/www.facebook.com\/hyasepl\/","https:\/\/www.instagram.com\/kosmetykihyase\/"]}]}},"_links":{"self":[{"href":"https:\/\/hyase.pl\/sklep\/wp-json\/wp\/v2\/product\/11782","targetHints":{"allow":["GET"]}}],"collection":[{"href":"https:\/\/hyase.pl\/sklep\/wp-json\/wp\/v2\/product"}],"about":[{"href":"https:\/\/hyase.pl\/sklep\/wp-json\/wp\/v2\/types\/product"}],"replies":[{"embeddable":true,"href":"https:\/\/hyase.pl\/sklep\/wp-json\/wp\/v2\/comments?post=11782"}],"wp:featuredmedia":[{"embeddable":true,"href":"https:\/\/hyase.pl\/sklep\/wp-json\/wp\/v2\/media\/11892"}],"wp:attachment":[{"href":"https:\/\/hyase.pl\/sklep\/wp-json\/wp\/v2\/media?parent=11782"}],"wp:term":[{"taxonomy":"product_brand","embeddable":true,"href":"https:\/\/hyase.pl\/sklep\/wp-json\/wp\/v2\/product_brand?post=11782"},{"taxonomy":"product_cat","embeddable":true,"href":"https:\/\/hyase.pl\/sklep\/wp-json\/wp\/v2\/product_cat?post=11782"},{"taxonomy":"product_tag","embeddable":true,"href":"https:\/\/hyase.pl\/sklep\/wp-json\/wp\/v2\/product_tag?post=11782"}],"curies":[{"name":"wp","href":"https:\/\/api.w.org\/{rel}","templated":true}]}}