{"id":11783,"date":"2021-08-25T22:59:03","date_gmt":"2021-08-25T22:59:03","guid":{"rendered":"https:\/\/hyase.pl\/sklep\/?post_type=product&#038;p=11783"},"modified":"2024-09-17T14:57:05","modified_gmt":"2024-09-17T14:57:05","slug":"vitaclinic-krem-na-dzien-2","status":"publish","type":"product","link":"https:\/\/hyase.pl\/sklep\/produkt\/vitaclinic-krem-na-dzien-2\/","title":{"rendered":"VitaClinic Krem na dzie\u0144"},"content":{"rendered":"<p>Redukuj\u0105cy przebarwienia i niedoskona\u0142o\u015bci krem na dzie\u0144, dzi\u0119ki zawarto\u015bci wielu dobroczynnych substancji aktywnych, natychmiastowo rozja\u015bnia, wyg\u0142adza i nawil\u017ca sk\u00f3r\u0119. Dzia\u0142a \u0142agodz\u0105co i koj\u0105co, piel\u0119gnuje cer\u0119 wra\u017cliw\u0105 i sk\u0142onn\u0105 do podra\u017cnie\u0144, tuszuje wszelkie niedoskona\u0142o\u015bci. Regularnie stosowany wyra\u017anie redukuje zmarszczki i przebarwienia powsta\u0142e na skutek starzenia i fotostarzenia si\u0119 sk\u00f3ry, poprawia kondycj\u0119 sk\u00f3ry, wyr\u00f3wnuje jej koloryt. Przynosi ulg\u0119 cerze zm\u0119czonej i poszarza\u0142ej, nadaje jej \u015bwietlisty blask i \u015bwie\u017cy wygl\u0105d. Zawarta w kremie krzemionka reguluje wydzielanie sebum i ma w\u0142a\u015bciwo\u015bci matuj\u0105ce. Stanowi doskona\u0142\u0105 baz\u0119 pod makija\u017c, przed\u0142u\u017ca jego trwa\u0142o\u015b\u0107 i nieskazitelno\u015b\u0107.<\/p>\n<p>Krem na dzie\u0144 przeznaczony jest do dziennej piel\u0119gnacji sk\u00f3ry:<\/p>\n<ul>\n<li>Dojrza\u0142ej, zm\u0119czonej, poszarza\u0142ej.<\/li>\n<li>Z widocznymi przebarwieniami i niedoskona\u0142o\u015bciami.<\/li>\n<li>Naczynkowej, wra\u017cliwej i podra\u017cnionej.<\/li>\n<\/ul>\n<p>Nanie\u015b\u0107 krem na dok\u0142adnie oczyszczon\u0105 sk\u00f3r\u0119 twarzy, nast\u0119pnie delikatnie wklepa\u0107 opuszkami palc\u00f3w. Stosowa\u0107 do codziennej piel\u0119gnacji sk\u00f3ry.<\/p>\n<p><em>50 ml<\/em><\/p>\n<h3>Sk\u0142adniki aktywne:<\/h3>\n<ul>\n<li><b>Wielofunkcyjny tripeptyd<\/b> \u2013 stymuluje syntez\u0119 kolagenu, w wyniku czego wyra\u017anie redukuje zmarszczki powsta\u0142e na skutek starzenia i fotostarzenia si\u0119 sk\u00f3ry. Zmniejsza widoczno\u015b\u0107 por\u00f3w, rozja\u015bnia przebarwienia i przywraca regularn\u0105 pigmentacj\u0119 sk\u00f3ry poprzez inhibicj\u0119 enzymu odpowiedzialnego za melanogenez\u0119.<\/li>\n<li><b>Panthenol<\/b> \u2013 \u0142atwo wnikaj\u0105cy w g\u0142\u0105b sk\u00f3ry prekursor witaminy B5, dzia\u0142a nawil\u017caj\u0105co, \u0142agodz\u0105co i koj\u0105co. Przyspiesza proces regeneracji nask\u00f3rka, chroni i piel\u0119gnuje cer\u0119 wra\u017cliw\u0105 i sk\u0142onn\u0105 do podra\u017cnie\u0144, skutecznie wyg\u0142adza.<\/li>\n<li><b>Krzemionka<\/b> \u2013 reguluje wydzielanie sebum, wykazuje w\u0142a\u015bciwo\u015bci matuj\u0105ce i rozja\u015bniaj\u0105ce. Uj\u0119drnia sk\u00f3r\u0119, napina, stymuluje biosyntez\u0119 kolagenu. Wyg\u0142adza nier\u00f3wno\u015bci i drobne niedoskona\u0142o\u015bci sk\u00f3ry.<\/li>\n<li><b>Mleczan mirystylu<\/b> \u2013 zapobiega utracie wody i zapewnia sk\u00f3rze aksamitn\u0105 mi\u0119kko\u015b\u0107.<\/li>\n<li><b>Gliceryna ro\u015blinna<\/b> \u2013 dzia\u0142a silnie nawil\u017caj\u0105co, \u0142agodzi podra\u017cnienia, poprawia elastyczno\u015b\u0107 i reguluje procesy prawid\u0142owej odnowy nask\u00f3rka.<\/li>\n<li><b>Kwas hialuronowy<\/b> \u2013 stymuluje produkcj\u0119 kolagenu i elastyny. Wyg\u0142adza zmarszczki, zapewnia sk\u00f3rze d\u0142ugotrwa\u0142e nawil\u017cenie oraz wyra\u017anie odczuwaln\u0105 g\u0142adko\u015b\u0107, spr\u0119\u017cysto\u015b\u0107 i elastyczno\u015b\u0107.<\/li>\n<li><b>Kolagen<\/b> \u2013 biologicznie aktywne bia\u0142ko wyst\u0119puj\u0105ce naturalnie w kom\u00f3rkach sk\u00f3ry, kt\u00f3rego produkcja z wiekiem maleje, co os\u0142abia struktur\u0119 kom\u00f3rek, powoduje pojawienie si\u0119 zmarszczek i utrat\u0119 j\u0119drno\u015bci. Dostarczenie sk\u00f3rze kolagenu hamuje procesy starzenia i przywraca jej m\u0142ody wygl\u0105d.<\/li>\n<\/ul>\n<h3>INCI:<\/h3>\n<p>Aqua, Dicaprylyl Carbonate, Cetearyl Alcohol, Cetearyl Olivate, Glycerin, Sorbitan Olivate, Methylheptyl Isostearate, Coco-Caprylate\/Caprate, Silica, Myristyl Lactate, Panthenol, Sodium Hyaluronate, Myristoyl Tripeptide-31, Collagen, Elastin, Butylene Glycol, Hydrogenated Polydecene, Hydroxystearic Acid, Cetyl Palmitate, Sorbitan Palmitate, Sorbitan Oleate, Triethyl Citrate, Glyceryl Caprylate, Benzoic Acid, Acacia Senegal Gum, Xanthan Gum, Caprylyl Glycol, Lactic Acid, Parfum, Tocopherol, Triethanolamine, CI 77891<\/p>\n","protected":false},"excerpt":{"rendered":"<p>Redukuj\u0105cy przebarwienia i niedoskona\u0142o\u015bci krem na dzie\u0144, dzi\u0119ki zawarto\u015bci wielu dobroczynnych substancji aktywnych, natychmiastowo rozja\u015bnia, wyg\u0142adza i nawil\u017ca sk\u00f3r\u0119. Dzia\u0142a \u0142agodz\u0105co i koj\u0105co, piel\u0119gnuje cer\u0119 wra\u017cliw\u0105 i sk\u0142onn\u0105 do podra\u017cnie\u0144, tuszuje wszelkie niedoskona\u0142o\u015bci. Regularnie stosowany wyra\u017anie redukuje zmarszczki i przebarwienia powsta\u0142e na skutek starzenia i fotostarzenia si\u0119 sk\u00f3ry, poprawia kondycj\u0119 sk\u00f3ry, wyr\u00f3wnuje jej koloryt.<\/p>\n<p><em>50 ml<\/em><\/p>\n<p> <a class=\"more-link\" href=\"https:\/\/hyase.pl\/sklep\/produkt\/vitaclinic-krem-na-dzien-2\/\">Dowiedz si\u0119 wi\u0119cej<\/a><\/p>","protected":false},"featured_media":11882,"comment_status":"open","ping_status":"closed","template":"","meta":[],"product_brand":[],"product_cat":[54],"product_tag":[91,83,98,89,90,96],"class_list":{"0":"post-11783","1":"product","2":"type-product","3":"status-publish","4":"has-post-thumbnail","6":"product_cat-krem-do-twarzy","7":"product_tag-anti-aging","8":"product_tag-nawilzanie","9":"product_tag-odzywianie","10":"product_tag-redukcja-niedoskonalosci","11":"product_tag-redukcja-przebarwien","12":"product_tag-vitaclinic","14":"first","15":"instock","16":"taxable","17":"shipping-taxable","18":"purchasable","19":"product-type-simple"},"yoast_head":"<!-- This site is optimized with the Yoast SEO plugin v27.4 - https:\/\/yoast.com\/product\/yoast-seo-wordpress\/ -->\n<title>VitaClinic Krem na dzie\u0144 - Hyas&eacute;<\/title>\n<meta name=\"description\" content=\"Redukuje przebarwienia i niedoskona\u0142o\u015bci, natychmiastowo rozja\u015bnia, wyg\u0142adza i nawil\u017ca sk\u00f3r\u0119. Wyra\u017anie redukuje zmarszczki i przebarwienia powsta\u0142e na skutek starzenia i fotostarzenia si\u0119 sk\u00f3ry, poprawia kondycj\u0119 sk\u00f3ry, wyr\u00f3wnuje jej koloryt.\" \/>\n<meta name=\"robots\" content=\"index, follow, max-snippet:-1, max-image-preview:large, max-video-preview:-1\" \/>\n<link rel=\"canonical\" href=\"https:\/\/hyase.pl\/sklep\/produkt\/vitaclinic-krem-na-dzien-2\/\" \/>\n<meta property=\"og:locale\" content=\"pl_PL\" \/>\n<meta property=\"og:type\" content=\"article\" \/>\n<meta property=\"og:title\" content=\"VitaClinic Krem na dzie\u0144 - Hyas&eacute;\" \/>\n<meta property=\"og:description\" content=\"Redukuje przebarwienia i niedoskona\u0142o\u015bci, natychmiastowo rozja\u015bnia, wyg\u0142adza i nawil\u017ca sk\u00f3r\u0119. Wyra\u017anie redukuje zmarszczki i przebarwienia powsta\u0142e na skutek starzenia i fotostarzenia si\u0119 sk\u00f3ry, poprawia kondycj\u0119 sk\u00f3ry, wyr\u00f3wnuje jej koloryt.\" \/>\n<meta property=\"og:url\" content=\"https:\/\/hyase.pl\/sklep\/produkt\/vitaclinic-krem-na-dzien-2\/\" \/>\n<meta property=\"og:site_name\" content=\"Hyas&eacute;\" \/>\n<meta property=\"article:publisher\" content=\"https:\/\/www.facebook.com\/hyasepl\/\" \/>\n<meta property=\"article:modified_time\" content=\"2024-09-17T14:57:05+00:00\" \/>\n<meta property=\"og:image\" content=\"https:\/\/hyase.pl\/sklep\/wp-content\/uploads\/2021\/08\/Kremdzien-2.jpg\" \/>\n\t<meta property=\"og:image:width\" content=\"2000\" \/>\n\t<meta property=\"og:image:height\" content=\"2000\" \/>\n\t<meta property=\"og:image:type\" content=\"image\/jpeg\" \/>\n<meta name=\"twitter:card\" content=\"summary_large_image\" \/>\n<meta name=\"twitter:label1\" content=\"Szacowany czas czytania\" \/>\n\t<meta name=\"twitter:data1\" content=\"3 minuty\" \/>\n<script type=\"application\/ld+json\" class=\"yoast-schema-graph\">{\"@context\":\"https:\\\/\\\/schema.org\",\"@graph\":[{\"@type\":\"WebPage\",\"@id\":\"https:\\\/\\\/hyase.pl\\\/sklep\\\/produkt\\\/vitaclinic-krem-na-dzien-2\\\/\",\"url\":\"https:\\\/\\\/hyase.pl\\\/sklep\\\/produkt\\\/vitaclinic-krem-na-dzien-2\\\/\",\"name\":\"VitaClinic Krem na dzie\u0144 - Hyas&eacute;\",\"isPartOf\":{\"@id\":\"https:\\\/\\\/hyase.pl\\\/sklep\\\/#website\"},\"primaryImageOfPage\":{\"@id\":\"https:\\\/\\\/hyase.pl\\\/sklep\\\/produkt\\\/vitaclinic-krem-na-dzien-2\\\/#primaryimage\"},\"image\":{\"@id\":\"https:\\\/\\\/hyase.pl\\\/sklep\\\/produkt\\\/vitaclinic-krem-na-dzien-2\\\/#primaryimage\"},\"thumbnailUrl\":\"https:\\\/\\\/hyase.pl\\\/sklep\\\/wp-content\\\/uploads\\\/2021\\\/08\\\/Kremdzien-2.jpg\",\"datePublished\":\"2021-08-25T22:59:03+00:00\",\"dateModified\":\"2024-09-17T14:57:05+00:00\",\"description\":\"Redukuje przebarwienia i niedoskona\u0142o\u015bci, natychmiastowo rozja\u015bnia, wyg\u0142adza i nawil\u017ca sk\u00f3r\u0119. Wyra\u017anie redukuje zmarszczki i przebarwienia powsta\u0142e na skutek starzenia i fotostarzenia si\u0119 sk\u00f3ry, poprawia kondycj\u0119 sk\u00f3ry, wyr\u00f3wnuje jej koloryt.\",\"breadcrumb\":{\"@id\":\"https:\\\/\\\/hyase.pl\\\/sklep\\\/produkt\\\/vitaclinic-krem-na-dzien-2\\\/#breadcrumb\"},\"inLanguage\":\"pl-PL\",\"potentialAction\":[{\"@type\":\"ReadAction\",\"target\":[\"https:\\\/\\\/hyase.pl\\\/sklep\\\/produkt\\\/vitaclinic-krem-na-dzien-2\\\/\"]}]},{\"@type\":\"ImageObject\",\"inLanguage\":\"pl-PL\",\"@id\":\"https:\\\/\\\/hyase.pl\\\/sklep\\\/produkt\\\/vitaclinic-krem-na-dzien-2\\\/#primaryimage\",\"url\":\"https:\\\/\\\/hyase.pl\\\/sklep\\\/wp-content\\\/uploads\\\/2021\\\/08\\\/Kremdzien-2.jpg\",\"contentUrl\":\"https:\\\/\\\/hyase.pl\\\/sklep\\\/wp-content\\\/uploads\\\/2021\\\/08\\\/Kremdzien-2.jpg\",\"width\":2000,\"height\":2000,\"caption\":\"Hyase\u0301 VitaClinic Krem na dzie\u0144\"},{\"@type\":\"BreadcrumbList\",\"@id\":\"https:\\\/\\\/hyase.pl\\\/sklep\\\/produkt\\\/vitaclinic-krem-na-dzien-2\\\/#breadcrumb\",\"itemListElement\":[{\"@type\":\"ListItem\",\"position\":1,\"name\":\"Strona g\u0142\u00f3wna\",\"item\":\"https:\\\/\\\/hyase.pl\\\/sklep\\\/\"},{\"@type\":\"ListItem\",\"position\":2,\"name\":\"Zakupy\",\"item\":\"https:\\\/\\\/hyase.pl\\\/sklep\\\/zakupy\\\/\"},{\"@type\":\"ListItem\",\"position\":3,\"name\":\"VitaClinic Krem na dzie\u0144\"}]},{\"@type\":\"WebSite\",\"@id\":\"https:\\\/\\\/hyase.pl\\\/sklep\\\/#website\",\"url\":\"https:\\\/\\\/hyase.pl\\\/sklep\\\/\",\"name\":\"Hyas&eacute;\",\"description\":\"Odkryj naturalne pi\u0119kno swojej sk&oacute;ry\",\"publisher\":{\"@id\":\"https:\\\/\\\/hyase.pl\\\/sklep\\\/#organization\"},\"potentialAction\":[{\"@type\":\"SearchAction\",\"target\":{\"@type\":\"EntryPoint\",\"urlTemplate\":\"https:\\\/\\\/hyase.pl\\\/sklep\\\/?s={search_term_string}\"},\"query-input\":{\"@type\":\"PropertyValueSpecification\",\"valueRequired\":true,\"valueName\":\"search_term_string\"}}],\"inLanguage\":\"pl-PL\"},{\"@type\":\"Organization\",\"@id\":\"https:\\\/\\\/hyase.pl\\\/sklep\\\/#organization\",\"name\":\"Hyas\u00e9\",\"url\":\"https:\\\/\\\/hyase.pl\\\/sklep\\\/\",\"logo\":{\"@type\":\"ImageObject\",\"inLanguage\":\"pl-PL\",\"@id\":\"https:\\\/\\\/hyase.pl\\\/sklep\\\/#\\\/schema\\\/logo\\\/image\\\/\",\"url\":\"https:\\\/\\\/hyase.pl\\\/sklep\\\/wp-content\\\/uploads\\\/2021\\\/11\\\/cropped-hyase_shop.png\",\"contentUrl\":\"https:\\\/\\\/hyase.pl\\\/sklep\\\/wp-content\\\/uploads\\\/2021\\\/11\\\/cropped-hyase_shop.png\",\"width\":400,\"height\":208,\"caption\":\"Hyas\u00e9\"},\"image\":{\"@id\":\"https:\\\/\\\/hyase.pl\\\/sklep\\\/#\\\/schema\\\/logo\\\/image\\\/\"},\"sameAs\":[\"https:\\\/\\\/www.facebook.com\\\/hyasepl\\\/\",\"https:\\\/\\\/www.instagram.com\\\/kosmetykihyase\\\/\"]}]}<\/script>\n<!-- \/ Yoast SEO plugin. -->","yoast_head_json":{"title":"VitaClinic Krem na dzie\u0144 - Hyas&eacute;","description":"Redukuje przebarwienia i niedoskona\u0142o\u015bci, natychmiastowo rozja\u015bnia, wyg\u0142adza i nawil\u017ca sk\u00f3r\u0119. Wyra\u017anie redukuje zmarszczki i przebarwienia powsta\u0142e na skutek starzenia i fotostarzenia si\u0119 sk\u00f3ry, poprawia kondycj\u0119 sk\u00f3ry, wyr\u00f3wnuje jej koloryt.","robots":{"index":"index","follow":"follow","max-snippet":"max-snippet:-1","max-image-preview":"max-image-preview:large","max-video-preview":"max-video-preview:-1"},"canonical":"https:\/\/hyase.pl\/sklep\/produkt\/vitaclinic-krem-na-dzien-2\/","og_locale":"pl_PL","og_type":"article","og_title":"VitaClinic Krem na dzie\u0144 - Hyas&eacute;","og_description":"Redukuje przebarwienia i niedoskona\u0142o\u015bci, natychmiastowo rozja\u015bnia, wyg\u0142adza i nawil\u017ca sk\u00f3r\u0119. Wyra\u017anie redukuje zmarszczki i przebarwienia powsta\u0142e na skutek starzenia i fotostarzenia si\u0119 sk\u00f3ry, poprawia kondycj\u0119 sk\u00f3ry, wyr\u00f3wnuje jej koloryt.","og_url":"https:\/\/hyase.pl\/sklep\/produkt\/vitaclinic-krem-na-dzien-2\/","og_site_name":"Hyas&eacute;","article_publisher":"https:\/\/www.facebook.com\/hyasepl\/","article_modified_time":"2024-09-17T14:57:05+00:00","og_image":[{"width":2000,"height":2000,"url":"https:\/\/hyase.pl\/sklep\/wp-content\/uploads\/2021\/08\/Kremdzien-2.jpg","type":"image\/jpeg"}],"twitter_card":"summary_large_image","twitter_misc":{"Szacowany czas czytania":"3 minuty"},"schema":{"@context":"https:\/\/schema.org","@graph":[{"@type":"WebPage","@id":"https:\/\/hyase.pl\/sklep\/produkt\/vitaclinic-krem-na-dzien-2\/","url":"https:\/\/hyase.pl\/sklep\/produkt\/vitaclinic-krem-na-dzien-2\/","name":"VitaClinic Krem na dzie\u0144 - Hyas&eacute;","isPartOf":{"@id":"https:\/\/hyase.pl\/sklep\/#website"},"primaryImageOfPage":{"@id":"https:\/\/hyase.pl\/sklep\/produkt\/vitaclinic-krem-na-dzien-2\/#primaryimage"},"image":{"@id":"https:\/\/hyase.pl\/sklep\/produkt\/vitaclinic-krem-na-dzien-2\/#primaryimage"},"thumbnailUrl":"https:\/\/hyase.pl\/sklep\/wp-content\/uploads\/2021\/08\/Kremdzien-2.jpg","datePublished":"2021-08-25T22:59:03+00:00","dateModified":"2024-09-17T14:57:05+00:00","description":"Redukuje przebarwienia i niedoskona\u0142o\u015bci, natychmiastowo rozja\u015bnia, wyg\u0142adza i nawil\u017ca sk\u00f3r\u0119. Wyra\u017anie redukuje zmarszczki i przebarwienia powsta\u0142e na skutek starzenia i fotostarzenia si\u0119 sk\u00f3ry, poprawia kondycj\u0119 sk\u00f3ry, wyr\u00f3wnuje jej koloryt.","breadcrumb":{"@id":"https:\/\/hyase.pl\/sklep\/produkt\/vitaclinic-krem-na-dzien-2\/#breadcrumb"},"inLanguage":"pl-PL","potentialAction":[{"@type":"ReadAction","target":["https:\/\/hyase.pl\/sklep\/produkt\/vitaclinic-krem-na-dzien-2\/"]}]},{"@type":"ImageObject","inLanguage":"pl-PL","@id":"https:\/\/hyase.pl\/sklep\/produkt\/vitaclinic-krem-na-dzien-2\/#primaryimage","url":"https:\/\/hyase.pl\/sklep\/wp-content\/uploads\/2021\/08\/Kremdzien-2.jpg","contentUrl":"https:\/\/hyase.pl\/sklep\/wp-content\/uploads\/2021\/08\/Kremdzien-2.jpg","width":2000,"height":2000,"caption":"Hyase\u0301 VitaClinic Krem na dzie\u0144"},{"@type":"BreadcrumbList","@id":"https:\/\/hyase.pl\/sklep\/produkt\/vitaclinic-krem-na-dzien-2\/#breadcrumb","itemListElement":[{"@type":"ListItem","position":1,"name":"Strona g\u0142\u00f3wna","item":"https:\/\/hyase.pl\/sklep\/"},{"@type":"ListItem","position":2,"name":"Zakupy","item":"https:\/\/hyase.pl\/sklep\/zakupy\/"},{"@type":"ListItem","position":3,"name":"VitaClinic Krem na dzie\u0144"}]},{"@type":"WebSite","@id":"https:\/\/hyase.pl\/sklep\/#website","url":"https:\/\/hyase.pl\/sklep\/","name":"Hyas&eacute;","description":"Odkryj naturalne pi\u0119kno swojej sk&oacute;ry","publisher":{"@id":"https:\/\/hyase.pl\/sklep\/#organization"},"potentialAction":[{"@type":"SearchAction","target":{"@type":"EntryPoint","urlTemplate":"https:\/\/hyase.pl\/sklep\/?s={search_term_string}"},"query-input":{"@type":"PropertyValueSpecification","valueRequired":true,"valueName":"search_term_string"}}],"inLanguage":"pl-PL"},{"@type":"Organization","@id":"https:\/\/hyase.pl\/sklep\/#organization","name":"Hyas\u00e9","url":"https:\/\/hyase.pl\/sklep\/","logo":{"@type":"ImageObject","inLanguage":"pl-PL","@id":"https:\/\/hyase.pl\/sklep\/#\/schema\/logo\/image\/","url":"https:\/\/hyase.pl\/sklep\/wp-content\/uploads\/2021\/11\/cropped-hyase_shop.png","contentUrl":"https:\/\/hyase.pl\/sklep\/wp-content\/uploads\/2021\/11\/cropped-hyase_shop.png","width":400,"height":208,"caption":"Hyas\u00e9"},"image":{"@id":"https:\/\/hyase.pl\/sklep\/#\/schema\/logo\/image\/"},"sameAs":["https:\/\/www.facebook.com\/hyasepl\/","https:\/\/www.instagram.com\/kosmetykihyase\/"]}]}},"_links":{"self":[{"href":"https:\/\/hyase.pl\/sklep\/wp-json\/wp\/v2\/product\/11783","targetHints":{"allow":["GET"]}}],"collection":[{"href":"https:\/\/hyase.pl\/sklep\/wp-json\/wp\/v2\/product"}],"about":[{"href":"https:\/\/hyase.pl\/sklep\/wp-json\/wp\/v2\/types\/product"}],"replies":[{"embeddable":true,"href":"https:\/\/hyase.pl\/sklep\/wp-json\/wp\/v2\/comments?post=11783"}],"wp:featuredmedia":[{"embeddable":true,"href":"https:\/\/hyase.pl\/sklep\/wp-json\/wp\/v2\/media\/11882"}],"wp:attachment":[{"href":"https:\/\/hyase.pl\/sklep\/wp-json\/wp\/v2\/media?parent=11783"}],"wp:term":[{"taxonomy":"product_brand","embeddable":true,"href":"https:\/\/hyase.pl\/sklep\/wp-json\/wp\/v2\/product_brand?post=11783"},{"taxonomy":"product_cat","embeddable":true,"href":"https:\/\/hyase.pl\/sklep\/wp-json\/wp\/v2\/product_cat?post=11783"},{"taxonomy":"product_tag","embeddable":true,"href":"https:\/\/hyase.pl\/sklep\/wp-json\/wp\/v2\/product_tag?post=11783"}],"curies":[{"name":"wp","href":"https:\/\/api.w.org\/{rel}","templated":true}]}}