{"id":11784,"date":"2021-08-25T22:59:03","date_gmt":"2021-08-25T22:59:03","guid":{"rendered":"https:\/\/hyase.pl\/sklep\/?post_type=product&#038;p=11784"},"modified":"2024-01-17T22:50:10","modified_gmt":"2024-01-17T22:50:10","slug":"oligolift-serum-hialuronowe-2","status":"publish","type":"product","link":"https:\/\/hyase.pl\/sklep\/produkt\/oligolift-serum-hialuronowe-2\/","title":{"rendered":"OligoLift Serum hialuronowe"},"content":{"rendered":"<p>Skoncentrowane SERUM HIALURONOWE o b\u0142yskawicznym dzia\u0142aniu wyg\u0142adzaj\u0105cym daje efekt liftingu ju\u017c 15 minut po aplikacji. Dzi\u0119ki wysokiej zawarto\u015bci (3%) kwasu hialuronowego g\u0142\u0119boko nawil\u017ca sk\u00f3r\u0119, wyg\u0142adza zmarszczki i dzia\u0142a odm\u0142adzaj\u0105co. Stosowane regularnie uj\u0119drnia sk\u00f3r\u0119 i chroni j\u0105 przed szkodliwym wp\u0142ywem czynnik\u00f3w zewn\u0119trznych.<\/p>\n<p>Serum hialuronowe przeznaczone jest do codziennej piel\u0119gnacji ka\u017cdego rodzaju cery.<\/p>\n<p>Niewielk\u0105 ilo\u015b\u0107 aplikowa\u0107 na oczyszczon\u0105, wilgotn\u0105 sk\u00f3r\u0119 twarzy, szyi i dekoltu. Stosowa\u0107 rano i wieczorem.<\/p>\n<p><em>30 ml<\/em><\/p>\n<h3>Sk\u0142adniki aktywne:<\/h3>\n<p><b>Wyj\u0105tkowe w\u0142a\u015bciwo\u015bci nawil\u017caj\u0105ce zapewnia zawarto\u015b\u0107 trzech rodzaj\u00f3w cz\u0105steczek kwasu hialuronowego:<\/b><\/p>\n<ul>\n<li><b>OligoHA<\/b> \u2013 niskocz\u0105steczkowy kwas hialuronowy o wielko\u015bci poni\u017cej 10kDa. Niska masa cz\u0105steczkowa zapewnia efektywne przenikanie kwasu przez warstw\u0119 rogow\u0105 nask\u00f3rka i g\u0142\u0119bokie nawil\u017cenie sk\u00f3ry. Dzia\u0142a przeciwstarzeniowo, niweluje zmarszczki, uj\u0119drnia i uelastycznia sk\u00f3r\u0119.<\/li>\n<li><b>MiniHA<\/b> \u2013 innowacyjna forma kwasu hialuronowego o cz\u0105steczce poni\u017cej 10 kDa, otrzymywana na drodze degradacji enzymatycznej. Zapewnia g\u0142\u0119bokie nawil\u017cenie i od\u017cywienie sk\u00f3ry, regeneruje kom\u00f3rki uszkodzone przez promieniowanie UV i dzia\u0142a antyoksydacyjnie \u2013 skutecznie spowalnia proces starzenia si\u0119 sk\u00f3ry, wychwytuj\u0105c wolne rodniki.<\/li>\n<li><b>Hialuronian sodu<\/b> \u2013 wielkocz\u0105steczkowy kwas hialuronowy, tworz\u0105cy powierzchniowy film, kt\u00f3ry chroni sk\u00f3r\u0119 przed przeznask\u00f3rkow\u0105 utrat\u0105 wody (TEWL). Nawil\u017ca i nadaje sk\u00f3rze aksamitn\u0105 g\u0142adko\u015b\u0107.<\/li>\n<\/ul>\n<p>Zawarty w serum naturalny polisacharyd <b>EPS SEAFILL<\/b> (Alteromonas Ferment Extract):<\/p>\n<ul>\n<li>liftinguje i napina sk\u00f3r\u0119 w ci\u0105gu 15 minut od aplikacji<\/li>\n<li>wyg\u0142adza i redukuje zmarszczki,<\/li>\n<li>stymuluje syntez\u0119 kolagenu, elastyny i kwasu hialuronowego,<\/li>\n<li>napina sie\u0107 kolagenow\u0105.<\/li>\n<\/ul>\n<h3>INCI:<\/h3>\n<p>Aqua, Hyaluronic Acid, Benzyl Glycol, Polysorbate 20, Sodium Hyaluronate, Hydrolyzed Sodium Hyaluronate, Alteromonas Ferment Extract, Ethylhexylglycerin, Raspberry Ketone, Phenethyl Alcohol, Parfum<\/p>\n","protected":false},"excerpt":{"rendered":"<p>Skoncentrowane SERUM HIALURONOWE o b\u0142yskawicznym dzia\u0142aniu wyg\u0142adzaj\u0105cym daje <b>efekt liftingu ju\u017c 15 minut po aplikacji<\/b>. Dzi\u0119ki wysokiej zawarto\u015bci (3%) kwasu hialuronowego g\u0142\u0119boko nawil\u017ca sk\u00f3r\u0119, wyg\u0142adza zmarszczki i dzia\u0142a odm\u0142adzaj\u0105co. Stosowane regularnie uj\u0119drnia sk\u00f3r\u0119 i chroni j\u0105 przed szkodliwym wp\u0142ywem czynnik\u00f3w zewn\u0119trznych.<\/p>\n<p><em>30 ml<\/em><\/p>\n<p> <a class=\"more-link\" href=\"https:\/\/hyase.pl\/sklep\/produkt\/oligolift-serum-hialuronowe-2\/\">Dowiedz si\u0119 wi\u0119cej<\/a><\/p>","protected":false},"featured_media":12041,"comment_status":"open","ping_status":"closed","template":"","meta":[],"product_brand":[],"product_cat":[55],"product_tag":[91,93,83,98,95,99],"class_list":{"0":"post-11784","1":"product","2":"type-product","3":"status-publish","4":"has-post-thumbnail","6":"product_cat-serum-do-twarzy","7":"product_tag-anti-aging","8":"product_tag-lifting","9":"product_tag-nawilzanie","10":"product_tag-odzywianie","11":"product_tag-oligolift","12":"product_tag-wygladzanie","14":"first","15":"instock","16":"taxable","17":"shipping-taxable","18":"purchasable","19":"product-type-simple"},"yoast_head":"<!-- This site is optimized with the Yoast SEO plugin v27.4 - https:\/\/yoast.com\/product\/yoast-seo-wordpress\/ -->\n<title>OligoLift Serum hialuronowe - Hyas&eacute;<\/title>\n<meta name=\"description\" content=\"Daje efekt liftingu ju\u017c 15 minut po aplikacji. Dzi\u0119ki wysokiej zawarto\u015bci (3%) kwasu hialuronowego g\u0142\u0119boko nawil\u017ca sk\u00f3r\u0119, wyg\u0142adza zmarszczki i dzia\u0142a odm\u0142adzaj\u0105co. Uj\u0119drnia sk\u00f3r\u0119 i chroni j\u0105 przed szkodliwym wp\u0142ywem czynnik\u00f3w zewn\u0119trznych.\" \/>\n<meta name=\"robots\" content=\"index, follow, max-snippet:-1, max-image-preview:large, max-video-preview:-1\" \/>\n<link rel=\"canonical\" href=\"https:\/\/hyase.pl\/sklep\/produkt\/oligolift-serum-hialuronowe-2\/\" \/>\n<meta property=\"og:locale\" content=\"pl_PL\" \/>\n<meta property=\"og:type\" content=\"article\" \/>\n<meta property=\"og:title\" content=\"OligoLift Serum hialuronowe - Hyas&eacute;\" \/>\n<meta property=\"og:description\" content=\"Daje efekt liftingu ju\u017c 15 minut po aplikacji. Dzi\u0119ki wysokiej zawarto\u015bci (3%) kwasu hialuronowego g\u0142\u0119boko nawil\u017ca sk\u00f3r\u0119, wyg\u0142adza zmarszczki i dzia\u0142a odm\u0142adzaj\u0105co. Uj\u0119drnia sk\u00f3r\u0119 i chroni j\u0105 przed szkodliwym wp\u0142ywem czynnik\u00f3w zewn\u0119trznych.\" \/>\n<meta property=\"og:url\" content=\"https:\/\/hyase.pl\/sklep\/produkt\/oligolift-serum-hialuronowe-2\/\" \/>\n<meta property=\"og:site_name\" content=\"Hyas&eacute;\" \/>\n<meta property=\"article:publisher\" content=\"https:\/\/www.facebook.com\/hyasepl\/\" \/>\n<meta property=\"article:modified_time\" content=\"2024-01-17T22:50:10+00:00\" \/>\n<meta property=\"og:image\" content=\"https:\/\/hyase.pl\/sklep\/wp-content\/uploads\/2021\/08\/Bez-nazwy-1.jpg\" \/>\n\t<meta property=\"og:image:width\" content=\"2000\" \/>\n\t<meta property=\"og:image:height\" content=\"2000\" \/>\n\t<meta property=\"og:image:type\" content=\"image\/jpeg\" \/>\n<meta name=\"twitter:card\" content=\"summary_large_image\" \/>\n<meta name=\"twitter:label1\" content=\"Szacowany czas czytania\" \/>\n\t<meta name=\"twitter:data1\" content=\"2 minuty\" \/>\n<script type=\"application\/ld+json\" class=\"yoast-schema-graph\">{\"@context\":\"https:\\\/\\\/schema.org\",\"@graph\":[{\"@type\":\"WebPage\",\"@id\":\"https:\\\/\\\/hyase.pl\\\/sklep\\\/produkt\\\/oligolift-serum-hialuronowe-2\\\/\",\"url\":\"https:\\\/\\\/hyase.pl\\\/sklep\\\/produkt\\\/oligolift-serum-hialuronowe-2\\\/\",\"name\":\"OligoLift Serum hialuronowe - Hyas&eacute;\",\"isPartOf\":{\"@id\":\"https:\\\/\\\/hyase.pl\\\/sklep\\\/#website\"},\"primaryImageOfPage\":{\"@id\":\"https:\\\/\\\/hyase.pl\\\/sklep\\\/produkt\\\/oligolift-serum-hialuronowe-2\\\/#primaryimage\"},\"image\":{\"@id\":\"https:\\\/\\\/hyase.pl\\\/sklep\\\/produkt\\\/oligolift-serum-hialuronowe-2\\\/#primaryimage\"},\"thumbnailUrl\":\"https:\\\/\\\/hyase.pl\\\/sklep\\\/wp-content\\\/uploads\\\/2021\\\/08\\\/Bez-nazwy-1.jpg\",\"datePublished\":\"2021-08-25T22:59:03+00:00\",\"dateModified\":\"2024-01-17T22:50:10+00:00\",\"description\":\"Daje efekt liftingu ju\u017c 15 minut po aplikacji. Dzi\u0119ki wysokiej zawarto\u015bci (3%) kwasu hialuronowego g\u0142\u0119boko nawil\u017ca sk\u00f3r\u0119, wyg\u0142adza zmarszczki i dzia\u0142a odm\u0142adzaj\u0105co. Uj\u0119drnia sk\u00f3r\u0119 i chroni j\u0105 przed szkodliwym wp\u0142ywem czynnik\u00f3w zewn\u0119trznych.\",\"breadcrumb\":{\"@id\":\"https:\\\/\\\/hyase.pl\\\/sklep\\\/produkt\\\/oligolift-serum-hialuronowe-2\\\/#breadcrumb\"},\"inLanguage\":\"pl-PL\",\"potentialAction\":[{\"@type\":\"ReadAction\",\"target\":[\"https:\\\/\\\/hyase.pl\\\/sklep\\\/produkt\\\/oligolift-serum-hialuronowe-2\\\/\"]}]},{\"@type\":\"ImageObject\",\"inLanguage\":\"pl-PL\",\"@id\":\"https:\\\/\\\/hyase.pl\\\/sklep\\\/produkt\\\/oligolift-serum-hialuronowe-2\\\/#primaryimage\",\"url\":\"https:\\\/\\\/hyase.pl\\\/sklep\\\/wp-content\\\/uploads\\\/2021\\\/08\\\/Bez-nazwy-1.jpg\",\"contentUrl\":\"https:\\\/\\\/hyase.pl\\\/sklep\\\/wp-content\\\/uploads\\\/2021\\\/08\\\/Bez-nazwy-1.jpg\",\"width\":2000,\"height\":2000,\"caption\":\"Hyase\u0301 OligoLift Serum hialuronowe\"},{\"@type\":\"BreadcrumbList\",\"@id\":\"https:\\\/\\\/hyase.pl\\\/sklep\\\/produkt\\\/oligolift-serum-hialuronowe-2\\\/#breadcrumb\",\"itemListElement\":[{\"@type\":\"ListItem\",\"position\":1,\"name\":\"Strona g\u0142\u00f3wna\",\"item\":\"https:\\\/\\\/hyase.pl\\\/sklep\\\/\"},{\"@type\":\"ListItem\",\"position\":2,\"name\":\"Zakupy\",\"item\":\"https:\\\/\\\/hyase.pl\\\/sklep\\\/zakupy\\\/\"},{\"@type\":\"ListItem\",\"position\":3,\"name\":\"OligoLift Serum hialuronowe\"}]},{\"@type\":\"WebSite\",\"@id\":\"https:\\\/\\\/hyase.pl\\\/sklep\\\/#website\",\"url\":\"https:\\\/\\\/hyase.pl\\\/sklep\\\/\",\"name\":\"Hyas&eacute;\",\"description\":\"Odkryj naturalne pi\u0119kno swojej sk&oacute;ry\",\"publisher\":{\"@id\":\"https:\\\/\\\/hyase.pl\\\/sklep\\\/#organization\"},\"potentialAction\":[{\"@type\":\"SearchAction\",\"target\":{\"@type\":\"EntryPoint\",\"urlTemplate\":\"https:\\\/\\\/hyase.pl\\\/sklep\\\/?s={search_term_string}\"},\"query-input\":{\"@type\":\"PropertyValueSpecification\",\"valueRequired\":true,\"valueName\":\"search_term_string\"}}],\"inLanguage\":\"pl-PL\"},{\"@type\":\"Organization\",\"@id\":\"https:\\\/\\\/hyase.pl\\\/sklep\\\/#organization\",\"name\":\"Hyas\u00e9\",\"url\":\"https:\\\/\\\/hyase.pl\\\/sklep\\\/\",\"logo\":{\"@type\":\"ImageObject\",\"inLanguage\":\"pl-PL\",\"@id\":\"https:\\\/\\\/hyase.pl\\\/sklep\\\/#\\\/schema\\\/logo\\\/image\\\/\",\"url\":\"https:\\\/\\\/hyase.pl\\\/sklep\\\/wp-content\\\/uploads\\\/2021\\\/11\\\/cropped-hyase_shop.png\",\"contentUrl\":\"https:\\\/\\\/hyase.pl\\\/sklep\\\/wp-content\\\/uploads\\\/2021\\\/11\\\/cropped-hyase_shop.png\",\"width\":400,\"height\":208,\"caption\":\"Hyas\u00e9\"},\"image\":{\"@id\":\"https:\\\/\\\/hyase.pl\\\/sklep\\\/#\\\/schema\\\/logo\\\/image\\\/\"},\"sameAs\":[\"https:\\\/\\\/www.facebook.com\\\/hyasepl\\\/\",\"https:\\\/\\\/www.instagram.com\\\/kosmetykihyase\\\/\"]}]}<\/script>\n<!-- \/ Yoast SEO plugin. -->","yoast_head_json":{"title":"OligoLift Serum hialuronowe - Hyas&eacute;","description":"Daje efekt liftingu ju\u017c 15 minut po aplikacji. Dzi\u0119ki wysokiej zawarto\u015bci (3%) kwasu hialuronowego g\u0142\u0119boko nawil\u017ca sk\u00f3r\u0119, wyg\u0142adza zmarszczki i dzia\u0142a odm\u0142adzaj\u0105co. Uj\u0119drnia sk\u00f3r\u0119 i chroni j\u0105 przed szkodliwym wp\u0142ywem czynnik\u00f3w zewn\u0119trznych.","robots":{"index":"index","follow":"follow","max-snippet":"max-snippet:-1","max-image-preview":"max-image-preview:large","max-video-preview":"max-video-preview:-1"},"canonical":"https:\/\/hyase.pl\/sklep\/produkt\/oligolift-serum-hialuronowe-2\/","og_locale":"pl_PL","og_type":"article","og_title":"OligoLift Serum hialuronowe - Hyas&eacute;","og_description":"Daje efekt liftingu ju\u017c 15 minut po aplikacji. Dzi\u0119ki wysokiej zawarto\u015bci (3%) kwasu hialuronowego g\u0142\u0119boko nawil\u017ca sk\u00f3r\u0119, wyg\u0142adza zmarszczki i dzia\u0142a odm\u0142adzaj\u0105co. Uj\u0119drnia sk\u00f3r\u0119 i chroni j\u0105 przed szkodliwym wp\u0142ywem czynnik\u00f3w zewn\u0119trznych.","og_url":"https:\/\/hyase.pl\/sklep\/produkt\/oligolift-serum-hialuronowe-2\/","og_site_name":"Hyas&eacute;","article_publisher":"https:\/\/www.facebook.com\/hyasepl\/","article_modified_time":"2024-01-17T22:50:10+00:00","og_image":[{"width":2000,"height":2000,"url":"https:\/\/hyase.pl\/sklep\/wp-content\/uploads\/2021\/08\/Bez-nazwy-1.jpg","type":"image\/jpeg"}],"twitter_card":"summary_large_image","twitter_misc":{"Szacowany czas czytania":"2 minuty"},"schema":{"@context":"https:\/\/schema.org","@graph":[{"@type":"WebPage","@id":"https:\/\/hyase.pl\/sklep\/produkt\/oligolift-serum-hialuronowe-2\/","url":"https:\/\/hyase.pl\/sklep\/produkt\/oligolift-serum-hialuronowe-2\/","name":"OligoLift Serum hialuronowe - Hyas&eacute;","isPartOf":{"@id":"https:\/\/hyase.pl\/sklep\/#website"},"primaryImageOfPage":{"@id":"https:\/\/hyase.pl\/sklep\/produkt\/oligolift-serum-hialuronowe-2\/#primaryimage"},"image":{"@id":"https:\/\/hyase.pl\/sklep\/produkt\/oligolift-serum-hialuronowe-2\/#primaryimage"},"thumbnailUrl":"https:\/\/hyase.pl\/sklep\/wp-content\/uploads\/2021\/08\/Bez-nazwy-1.jpg","datePublished":"2021-08-25T22:59:03+00:00","dateModified":"2024-01-17T22:50:10+00:00","description":"Daje efekt liftingu ju\u017c 15 minut po aplikacji. Dzi\u0119ki wysokiej zawarto\u015bci (3%) kwasu hialuronowego g\u0142\u0119boko nawil\u017ca sk\u00f3r\u0119, wyg\u0142adza zmarszczki i dzia\u0142a odm\u0142adzaj\u0105co. Uj\u0119drnia sk\u00f3r\u0119 i chroni j\u0105 przed szkodliwym wp\u0142ywem czynnik\u00f3w zewn\u0119trznych.","breadcrumb":{"@id":"https:\/\/hyase.pl\/sklep\/produkt\/oligolift-serum-hialuronowe-2\/#breadcrumb"},"inLanguage":"pl-PL","potentialAction":[{"@type":"ReadAction","target":["https:\/\/hyase.pl\/sklep\/produkt\/oligolift-serum-hialuronowe-2\/"]}]},{"@type":"ImageObject","inLanguage":"pl-PL","@id":"https:\/\/hyase.pl\/sklep\/produkt\/oligolift-serum-hialuronowe-2\/#primaryimage","url":"https:\/\/hyase.pl\/sklep\/wp-content\/uploads\/2021\/08\/Bez-nazwy-1.jpg","contentUrl":"https:\/\/hyase.pl\/sklep\/wp-content\/uploads\/2021\/08\/Bez-nazwy-1.jpg","width":2000,"height":2000,"caption":"Hyase\u0301 OligoLift Serum hialuronowe"},{"@type":"BreadcrumbList","@id":"https:\/\/hyase.pl\/sklep\/produkt\/oligolift-serum-hialuronowe-2\/#breadcrumb","itemListElement":[{"@type":"ListItem","position":1,"name":"Strona g\u0142\u00f3wna","item":"https:\/\/hyase.pl\/sklep\/"},{"@type":"ListItem","position":2,"name":"Zakupy","item":"https:\/\/hyase.pl\/sklep\/zakupy\/"},{"@type":"ListItem","position":3,"name":"OligoLift Serum hialuronowe"}]},{"@type":"WebSite","@id":"https:\/\/hyase.pl\/sklep\/#website","url":"https:\/\/hyase.pl\/sklep\/","name":"Hyas&eacute;","description":"Odkryj naturalne pi\u0119kno swojej sk&oacute;ry","publisher":{"@id":"https:\/\/hyase.pl\/sklep\/#organization"},"potentialAction":[{"@type":"SearchAction","target":{"@type":"EntryPoint","urlTemplate":"https:\/\/hyase.pl\/sklep\/?s={search_term_string}"},"query-input":{"@type":"PropertyValueSpecification","valueRequired":true,"valueName":"search_term_string"}}],"inLanguage":"pl-PL"},{"@type":"Organization","@id":"https:\/\/hyase.pl\/sklep\/#organization","name":"Hyas\u00e9","url":"https:\/\/hyase.pl\/sklep\/","logo":{"@type":"ImageObject","inLanguage":"pl-PL","@id":"https:\/\/hyase.pl\/sklep\/#\/schema\/logo\/image\/","url":"https:\/\/hyase.pl\/sklep\/wp-content\/uploads\/2021\/11\/cropped-hyase_shop.png","contentUrl":"https:\/\/hyase.pl\/sklep\/wp-content\/uploads\/2021\/11\/cropped-hyase_shop.png","width":400,"height":208,"caption":"Hyas\u00e9"},"image":{"@id":"https:\/\/hyase.pl\/sklep\/#\/schema\/logo\/image\/"},"sameAs":["https:\/\/www.facebook.com\/hyasepl\/","https:\/\/www.instagram.com\/kosmetykihyase\/"]}]}},"_links":{"self":[{"href":"https:\/\/hyase.pl\/sklep\/wp-json\/wp\/v2\/product\/11784","targetHints":{"allow":["GET"]}}],"collection":[{"href":"https:\/\/hyase.pl\/sklep\/wp-json\/wp\/v2\/product"}],"about":[{"href":"https:\/\/hyase.pl\/sklep\/wp-json\/wp\/v2\/types\/product"}],"replies":[{"embeddable":true,"href":"https:\/\/hyase.pl\/sklep\/wp-json\/wp\/v2\/comments?post=11784"}],"wp:featuredmedia":[{"embeddable":true,"href":"https:\/\/hyase.pl\/sklep\/wp-json\/wp\/v2\/media\/12041"}],"wp:attachment":[{"href":"https:\/\/hyase.pl\/sklep\/wp-json\/wp\/v2\/media?parent=11784"}],"wp:term":[{"taxonomy":"product_brand","embeddable":true,"href":"https:\/\/hyase.pl\/sklep\/wp-json\/wp\/v2\/product_brand?post=11784"},{"taxonomy":"product_cat","embeddable":true,"href":"https:\/\/hyase.pl\/sklep\/wp-json\/wp\/v2\/product_cat?post=11784"},{"taxonomy":"product_tag","embeddable":true,"href":"https:\/\/hyase.pl\/sklep\/wp-json\/wp\/v2\/product_tag?post=11784"}],"curies":[{"name":"wp","href":"https:\/\/api.w.org\/{rel}","templated":true}]}}