{"id":11786,"date":"2021-08-25T22:59:03","date_gmt":"2021-08-25T22:59:03","guid":{"rendered":"https:\/\/hyase.pl\/sklep\/?post_type=product&#038;p=11786"},"modified":"2025-04-01T23:51:52","modified_gmt":"2025-04-01T23:51:52","slug":"beauty-roller-kwarc-rozowy-2","status":"publish","type":"product","link":"https:\/\/hyase.pl\/sklep\/produkt\/beauty-roller-kwarc-rozowy-2\/","title":{"rendered":"Beauty Roller \u2013 Kwarc r\u00f3\u017cowy"},"content":{"rendered":"<p>BEAUTY ROLLER to masa\u017cer do twarzy wykonany r\u0119cznie z wysokiej jako\u015bci naturalnego r\u00f3\u017cowego kwarcu, bez barwnik\u00f3w i dodatk\u00f3w syntetycznych.<\/p>\n<p>Masa\u017cer pobudza kr\u0105\u017cenie krwi i limfy, zmniejsza opuchlizn\u0119, poprawia owal twarzy i redukuje widoczno\u015b\u0107 zmarszczek. Kamie\u0144 jest naturalnie ch\u0142odny i mo\u017ce zosta\u0107 dodatkowo sch\u0142odzony w lod\u00f3wce, aby jeszcze efektywniej redukowa\u0107 obrz\u0119ki i cienie pod oczami. Sk\u00f3ra po masa\u017cu jest wyra\u017anie wyg\u0142adzona i elastyczna. Niweluje napi\u0119cie, dzia\u0142a relaksuj\u0105co i rozlu\u017ania spi\u0119te mi\u0119\u015bnie twarzy. Zastosowany po na\u0142o\u017ceniu ulubionego kosmetyku, zwi\u0119ksza jego wch\u0142anianie i przenikanie substancji aktywnych do g\u0142\u0119bszych warstw sk\u00f3ry.<\/p>\n<p>Kwarc r\u00f3\u017cowy nazywany jest kamieniem mi\u0142o\u015bci. Jego wibracje pomagaj\u0105 w nawi\u0105zaniu harmonijnych relacji z innymi, a tak\u017ce ze sob\u0105, aby rozwin\u0105\u0107 w sobie samoakceptacj\u0119 i poczucie pi\u0119kna. Ma dzia\u0142anie oczyszczaj\u0105ce, \u0142agodzi stres i niepok\u00f3j.<\/p>\n","protected":false},"excerpt":{"rendered":"<p>Masa\u017cer do twarzy wykonany r\u0119cznie z wysokiej jako\u015bci naturalnego r\u00f3\u017cowego kwarcu, bez barwnik\u00f3w i dodatk\u00f3w syntetycznych. Masa\u017cer pobudza kr\u0105\u017cenie krwi i limfy, zmniejsza opuchlizn\u0119, poprawia owal twarzy, redukuje widoczno\u015b\u0107 zmarszczek, a tak\u017ce obrz\u0119ki i cienie pod oczami.<br \/>\nKwarc r\u00f3\u017cowy nazywany jest kamieniem mi\u0142o\u015bci.<\/p>\n<p> <a class=\"more-link\" href=\"https:\/\/hyase.pl\/sklep\/produkt\/beauty-roller-kwarc-rozowy-2\/\">Dowiedz si\u0119 wi\u0119cej<\/a><\/p>","protected":false},"featured_media":11886,"comment_status":"open","ping_status":"closed","template":"","meta":[],"product_brand":[],"product_cat":[72],"product_tag":[91,93,98,102,92],"class_list":{"0":"post-11786","1":"product","2":"type-product","3":"status-publish","4":"has-post-thumbnail","6":"product_cat-masazer","7":"product_tag-anti-aging","8":"product_tag-lifting","9":"product_tag-odzywianie","10":"product_tag-promocja","11":"product_tag-redukcja-cieni","13":"first","14":"instock","15":"sale","16":"taxable","17":"shipping-taxable","18":"purchasable","19":"product-type-simple"},"yoast_head":"<!-- This site is optimized with the Yoast SEO plugin v27.4 - https:\/\/yoast.com\/product\/yoast-seo-wordpress\/ -->\n<title>Beauty Roller \u2013 Kwarc r\u00f3\u017cowy - Hyas&eacute;<\/title>\n<meta name=\"description\" content=\"Masa\u017cer do twarzy wykonany r\u0119cznie z naturalnego kwarcu r\u00f3\u017cowego. Masa\u017cer pobudza kr\u0105\u017cenie krwi i limfy, zmniejsza opuchlizn\u0119, poprawia owal twarzy, redukuje widoczno\u015b\u0107 zmarszczek, a tak\u017ce obrz\u0119ki i cienie pod oczami.\" \/>\n<meta name=\"robots\" content=\"index, follow, max-snippet:-1, max-image-preview:large, max-video-preview:-1\" \/>\n<link rel=\"canonical\" href=\"https:\/\/hyase.pl\/sklep\/produkt\/beauty-roller-kwarc-rozowy-2\/\" \/>\n<meta property=\"og:locale\" content=\"pl_PL\" \/>\n<meta property=\"og:type\" content=\"article\" \/>\n<meta property=\"og:title\" content=\"Beauty Roller \u2013 Kwarc r\u00f3\u017cowy - Hyas&eacute;\" \/>\n<meta property=\"og:description\" content=\"Masa\u017cer do twarzy wykonany r\u0119cznie z naturalnego kwarcu r\u00f3\u017cowego. Masa\u017cer pobudza kr\u0105\u017cenie krwi i limfy, zmniejsza opuchlizn\u0119, poprawia owal twarzy, redukuje widoczno\u015b\u0107 zmarszczek, a tak\u017ce obrz\u0119ki i cienie pod oczami.\" \/>\n<meta property=\"og:url\" content=\"https:\/\/hyase.pl\/sklep\/produkt\/beauty-roller-kwarc-rozowy-2\/\" \/>\n<meta property=\"og:site_name\" content=\"Hyas&eacute;\" \/>\n<meta property=\"article:publisher\" content=\"https:\/\/www.facebook.com\/hyasepl\/\" \/>\n<meta property=\"article:modified_time\" content=\"2025-04-01T23:51:52+00:00\" \/>\n<meta property=\"og:image\" content=\"https:\/\/hyase.pl\/sklep\/wp-content\/uploads\/2021\/08\/kwarc.jpg\" \/>\n\t<meta property=\"og:image:width\" content=\"2000\" \/>\n\t<meta property=\"og:image:height\" content=\"2000\" \/>\n\t<meta property=\"og:image:type\" content=\"image\/jpeg\" \/>\n<meta name=\"twitter:card\" content=\"summary_large_image\" \/>\n<meta name=\"twitter:label1\" content=\"Szacowany czas czytania\" \/>\n\t<meta name=\"twitter:data1\" content=\"1 minuta\" \/>\n<script type=\"application\/ld+json\" class=\"yoast-schema-graph\">{\"@context\":\"https:\\\/\\\/schema.org\",\"@graph\":[{\"@type\":\"WebPage\",\"@id\":\"https:\\\/\\\/hyase.pl\\\/sklep\\\/produkt\\\/beauty-roller-kwarc-rozowy-2\\\/\",\"url\":\"https:\\\/\\\/hyase.pl\\\/sklep\\\/produkt\\\/beauty-roller-kwarc-rozowy-2\\\/\",\"name\":\"Beauty Roller \u2013 Kwarc r\u00f3\u017cowy - Hyas&eacute;\",\"isPartOf\":{\"@id\":\"https:\\\/\\\/hyase.pl\\\/sklep\\\/#website\"},\"primaryImageOfPage\":{\"@id\":\"https:\\\/\\\/hyase.pl\\\/sklep\\\/produkt\\\/beauty-roller-kwarc-rozowy-2\\\/#primaryimage\"},\"image\":{\"@id\":\"https:\\\/\\\/hyase.pl\\\/sklep\\\/produkt\\\/beauty-roller-kwarc-rozowy-2\\\/#primaryimage\"},\"thumbnailUrl\":\"https:\\\/\\\/hyase.pl\\\/sklep\\\/wp-content\\\/uploads\\\/2021\\\/08\\\/kwarc.jpg\",\"datePublished\":\"2021-08-25T22:59:03+00:00\",\"dateModified\":\"2025-04-01T23:51:52+00:00\",\"description\":\"Masa\u017cer do twarzy wykonany r\u0119cznie z naturalnego kwarcu r\u00f3\u017cowego. Masa\u017cer pobudza kr\u0105\u017cenie krwi i limfy, zmniejsza opuchlizn\u0119, poprawia owal twarzy, redukuje widoczno\u015b\u0107 zmarszczek, a tak\u017ce obrz\u0119ki i cienie pod oczami.\",\"breadcrumb\":{\"@id\":\"https:\\\/\\\/hyase.pl\\\/sklep\\\/produkt\\\/beauty-roller-kwarc-rozowy-2\\\/#breadcrumb\"},\"inLanguage\":\"pl-PL\",\"potentialAction\":[{\"@type\":\"ReadAction\",\"target\":[\"https:\\\/\\\/hyase.pl\\\/sklep\\\/produkt\\\/beauty-roller-kwarc-rozowy-2\\\/\"]}]},{\"@type\":\"ImageObject\",\"inLanguage\":\"pl-PL\",\"@id\":\"https:\\\/\\\/hyase.pl\\\/sklep\\\/produkt\\\/beauty-roller-kwarc-rozowy-2\\\/#primaryimage\",\"url\":\"https:\\\/\\\/hyase.pl\\\/sklep\\\/wp-content\\\/uploads\\\/2021\\\/08\\\/kwarc.jpg\",\"contentUrl\":\"https:\\\/\\\/hyase.pl\\\/sklep\\\/wp-content\\\/uploads\\\/2021\\\/08\\\/kwarc.jpg\",\"width\":2000,\"height\":2000,\"caption\":\"Hyas\u00e9 Beauty Roller Kwarc r\u00f3\u017cowy\"},{\"@type\":\"BreadcrumbList\",\"@id\":\"https:\\\/\\\/hyase.pl\\\/sklep\\\/produkt\\\/beauty-roller-kwarc-rozowy-2\\\/#breadcrumb\",\"itemListElement\":[{\"@type\":\"ListItem\",\"position\":1,\"name\":\"Strona g\u0142\u00f3wna\",\"item\":\"https:\\\/\\\/hyase.pl\\\/sklep\\\/\"},{\"@type\":\"ListItem\",\"position\":2,\"name\":\"Zakupy\",\"item\":\"https:\\\/\\\/hyase.pl\\\/sklep\\\/zakupy\\\/\"},{\"@type\":\"ListItem\",\"position\":3,\"name\":\"Beauty Roller \u2013 Kwarc r\u00f3\u017cowy\"}]},{\"@type\":\"WebSite\",\"@id\":\"https:\\\/\\\/hyase.pl\\\/sklep\\\/#website\",\"url\":\"https:\\\/\\\/hyase.pl\\\/sklep\\\/\",\"name\":\"Hyas&eacute;\",\"description\":\"Odkryj naturalne pi\u0119kno swojej sk&oacute;ry\",\"publisher\":{\"@id\":\"https:\\\/\\\/hyase.pl\\\/sklep\\\/#organization\"},\"potentialAction\":[{\"@type\":\"SearchAction\",\"target\":{\"@type\":\"EntryPoint\",\"urlTemplate\":\"https:\\\/\\\/hyase.pl\\\/sklep\\\/?s={search_term_string}\"},\"query-input\":{\"@type\":\"PropertyValueSpecification\",\"valueRequired\":true,\"valueName\":\"search_term_string\"}}],\"inLanguage\":\"pl-PL\"},{\"@type\":\"Organization\",\"@id\":\"https:\\\/\\\/hyase.pl\\\/sklep\\\/#organization\",\"name\":\"Hyas\u00e9\",\"url\":\"https:\\\/\\\/hyase.pl\\\/sklep\\\/\",\"logo\":{\"@type\":\"ImageObject\",\"inLanguage\":\"pl-PL\",\"@id\":\"https:\\\/\\\/hyase.pl\\\/sklep\\\/#\\\/schema\\\/logo\\\/image\\\/\",\"url\":\"https:\\\/\\\/hyase.pl\\\/sklep\\\/wp-content\\\/uploads\\\/2021\\\/11\\\/cropped-hyase_shop.png\",\"contentUrl\":\"https:\\\/\\\/hyase.pl\\\/sklep\\\/wp-content\\\/uploads\\\/2021\\\/11\\\/cropped-hyase_shop.png\",\"width\":400,\"height\":208,\"caption\":\"Hyas\u00e9\"},\"image\":{\"@id\":\"https:\\\/\\\/hyase.pl\\\/sklep\\\/#\\\/schema\\\/logo\\\/image\\\/\"},\"sameAs\":[\"https:\\\/\\\/www.facebook.com\\\/hyasepl\\\/\",\"https:\\\/\\\/www.instagram.com\\\/kosmetykihyase\\\/\"]}]}<\/script>\n<!-- \/ Yoast SEO plugin. -->","yoast_head_json":{"title":"Beauty Roller \u2013 Kwarc r\u00f3\u017cowy - Hyas&eacute;","description":"Masa\u017cer do twarzy wykonany r\u0119cznie z naturalnego kwarcu r\u00f3\u017cowego. Masa\u017cer pobudza kr\u0105\u017cenie krwi i limfy, zmniejsza opuchlizn\u0119, poprawia owal twarzy, redukuje widoczno\u015b\u0107 zmarszczek, a tak\u017ce obrz\u0119ki i cienie pod oczami.","robots":{"index":"index","follow":"follow","max-snippet":"max-snippet:-1","max-image-preview":"max-image-preview:large","max-video-preview":"max-video-preview:-1"},"canonical":"https:\/\/hyase.pl\/sklep\/produkt\/beauty-roller-kwarc-rozowy-2\/","og_locale":"pl_PL","og_type":"article","og_title":"Beauty Roller \u2013 Kwarc r\u00f3\u017cowy - Hyas&eacute;","og_description":"Masa\u017cer do twarzy wykonany r\u0119cznie z naturalnego kwarcu r\u00f3\u017cowego. Masa\u017cer pobudza kr\u0105\u017cenie krwi i limfy, zmniejsza opuchlizn\u0119, poprawia owal twarzy, redukuje widoczno\u015b\u0107 zmarszczek, a tak\u017ce obrz\u0119ki i cienie pod oczami.","og_url":"https:\/\/hyase.pl\/sklep\/produkt\/beauty-roller-kwarc-rozowy-2\/","og_site_name":"Hyas&eacute;","article_publisher":"https:\/\/www.facebook.com\/hyasepl\/","article_modified_time":"2025-04-01T23:51:52+00:00","og_image":[{"width":2000,"height":2000,"url":"https:\/\/hyase.pl\/sklep\/wp-content\/uploads\/2021\/08\/kwarc.jpg","type":"image\/jpeg"}],"twitter_card":"summary_large_image","twitter_misc":{"Szacowany czas czytania":"1 minuta"},"schema":{"@context":"https:\/\/schema.org","@graph":[{"@type":"WebPage","@id":"https:\/\/hyase.pl\/sklep\/produkt\/beauty-roller-kwarc-rozowy-2\/","url":"https:\/\/hyase.pl\/sklep\/produkt\/beauty-roller-kwarc-rozowy-2\/","name":"Beauty Roller \u2013 Kwarc r\u00f3\u017cowy - Hyas&eacute;","isPartOf":{"@id":"https:\/\/hyase.pl\/sklep\/#website"},"primaryImageOfPage":{"@id":"https:\/\/hyase.pl\/sklep\/produkt\/beauty-roller-kwarc-rozowy-2\/#primaryimage"},"image":{"@id":"https:\/\/hyase.pl\/sklep\/produkt\/beauty-roller-kwarc-rozowy-2\/#primaryimage"},"thumbnailUrl":"https:\/\/hyase.pl\/sklep\/wp-content\/uploads\/2021\/08\/kwarc.jpg","datePublished":"2021-08-25T22:59:03+00:00","dateModified":"2025-04-01T23:51:52+00:00","description":"Masa\u017cer do twarzy wykonany r\u0119cznie z naturalnego kwarcu r\u00f3\u017cowego. Masa\u017cer pobudza kr\u0105\u017cenie krwi i limfy, zmniejsza opuchlizn\u0119, poprawia owal twarzy, redukuje widoczno\u015b\u0107 zmarszczek, a tak\u017ce obrz\u0119ki i cienie pod oczami.","breadcrumb":{"@id":"https:\/\/hyase.pl\/sklep\/produkt\/beauty-roller-kwarc-rozowy-2\/#breadcrumb"},"inLanguage":"pl-PL","potentialAction":[{"@type":"ReadAction","target":["https:\/\/hyase.pl\/sklep\/produkt\/beauty-roller-kwarc-rozowy-2\/"]}]},{"@type":"ImageObject","inLanguage":"pl-PL","@id":"https:\/\/hyase.pl\/sklep\/produkt\/beauty-roller-kwarc-rozowy-2\/#primaryimage","url":"https:\/\/hyase.pl\/sklep\/wp-content\/uploads\/2021\/08\/kwarc.jpg","contentUrl":"https:\/\/hyase.pl\/sklep\/wp-content\/uploads\/2021\/08\/kwarc.jpg","width":2000,"height":2000,"caption":"Hyas\u00e9 Beauty Roller Kwarc r\u00f3\u017cowy"},{"@type":"BreadcrumbList","@id":"https:\/\/hyase.pl\/sklep\/produkt\/beauty-roller-kwarc-rozowy-2\/#breadcrumb","itemListElement":[{"@type":"ListItem","position":1,"name":"Strona g\u0142\u00f3wna","item":"https:\/\/hyase.pl\/sklep\/"},{"@type":"ListItem","position":2,"name":"Zakupy","item":"https:\/\/hyase.pl\/sklep\/zakupy\/"},{"@type":"ListItem","position":3,"name":"Beauty Roller \u2013 Kwarc r\u00f3\u017cowy"}]},{"@type":"WebSite","@id":"https:\/\/hyase.pl\/sklep\/#website","url":"https:\/\/hyase.pl\/sklep\/","name":"Hyas&eacute;","description":"Odkryj naturalne pi\u0119kno swojej sk&oacute;ry","publisher":{"@id":"https:\/\/hyase.pl\/sklep\/#organization"},"potentialAction":[{"@type":"SearchAction","target":{"@type":"EntryPoint","urlTemplate":"https:\/\/hyase.pl\/sklep\/?s={search_term_string}"},"query-input":{"@type":"PropertyValueSpecification","valueRequired":true,"valueName":"search_term_string"}}],"inLanguage":"pl-PL"},{"@type":"Organization","@id":"https:\/\/hyase.pl\/sklep\/#organization","name":"Hyas\u00e9","url":"https:\/\/hyase.pl\/sklep\/","logo":{"@type":"ImageObject","inLanguage":"pl-PL","@id":"https:\/\/hyase.pl\/sklep\/#\/schema\/logo\/image\/","url":"https:\/\/hyase.pl\/sklep\/wp-content\/uploads\/2021\/11\/cropped-hyase_shop.png","contentUrl":"https:\/\/hyase.pl\/sklep\/wp-content\/uploads\/2021\/11\/cropped-hyase_shop.png","width":400,"height":208,"caption":"Hyas\u00e9"},"image":{"@id":"https:\/\/hyase.pl\/sklep\/#\/schema\/logo\/image\/"},"sameAs":["https:\/\/www.facebook.com\/hyasepl\/","https:\/\/www.instagram.com\/kosmetykihyase\/"]}]}},"_links":{"self":[{"href":"https:\/\/hyase.pl\/sklep\/wp-json\/wp\/v2\/product\/11786","targetHints":{"allow":["GET"]}}],"collection":[{"href":"https:\/\/hyase.pl\/sklep\/wp-json\/wp\/v2\/product"}],"about":[{"href":"https:\/\/hyase.pl\/sklep\/wp-json\/wp\/v2\/types\/product"}],"replies":[{"embeddable":true,"href":"https:\/\/hyase.pl\/sklep\/wp-json\/wp\/v2\/comments?post=11786"}],"wp:featuredmedia":[{"embeddable":true,"href":"https:\/\/hyase.pl\/sklep\/wp-json\/wp\/v2\/media\/11886"}],"wp:attachment":[{"href":"https:\/\/hyase.pl\/sklep\/wp-json\/wp\/v2\/media?parent=11786"}],"wp:term":[{"taxonomy":"product_brand","embeddable":true,"href":"https:\/\/hyase.pl\/sklep\/wp-json\/wp\/v2\/product_brand?post=11786"},{"taxonomy":"product_cat","embeddable":true,"href":"https:\/\/hyase.pl\/sklep\/wp-json\/wp\/v2\/product_cat?post=11786"},{"taxonomy":"product_tag","embeddable":true,"href":"https:\/\/hyase.pl\/sklep\/wp-json\/wp\/v2\/product_tag?post=11786"}],"curies":[{"name":"wp","href":"https:\/\/api.w.org\/{rel}","templated":true}]}}